{"id":70835,"date":"2025-01-26T03:20:59","date_gmt":"2025-01-26T03:20:59","guid":{"rendered":"https:\/\/nexgendecors.com\/product\/light-luxury-style-marble-mosaic-background-wall-porch-natural-stone-mosaic-toilet-wall-tile-bathroom-tile\/"},"modified":"2025-04-15T11:18:09","modified_gmt":"2025-04-15T11:18:09","slug":"azulejo-de-pared-de-mosaico-de-marmol-de-estilo-lujoso-y-ligero-para-porche-mosaico-de-piedra-natural-para-inodoro-azulejo-de-bano","status":"publish","type":"product","link":"https:\/\/nexgendecors.com\/es\/product\/azulejo-de-pared-de-mosaico-de-marmol-de-estilo-lujoso-y-ligero-para-porche-mosaico-de-piedra-natural-para-inodoro-azulejo-de-bano\/","title":{"rendered":"Nero Tik Tax Gold Mosaico de M\u00e1rmol - Dise\u00f1o Elegante"},"content":{"rendered":"<p>El dorado se ha convertido en un detalle predilecto para todas las estancias del hogar, desde salas de estar hasta cocinas, dormitorios y ba\u00f1os. Este mosaico se ha elaborado con un toque de acero inoxidable con recubrimiento en polvo dorado para decorar tu espacio de forma neutra. Por \u00faltimo, se han colocado piezas redondas ovaladas doradas aleatoriamente en cada mosaico para crear un patr\u00f3n divertido y evitar la repetici\u00f3n.<\/p>\n<ul>\n<li>Longitud de cada pieza (mm): 280<\/li>\n<li>Ancho de cada pieza (mm): 325<\/li>\n<li>Unidad de precio: 0,09\u33a1<\/li>\n<\/ul>","protected":false},"excerpt":{"rendered":"<p>El dorado se ha convertido en el color de moda en todas las habitaciones de la casa, desde el sal\u00f3n hasta la cocina,<\/p>","protected":false},"featured_media":130955,"comment_status":"open","ping_status":"closed","template":"","meta":[],"product_brand":[],"product_cat":[30894,30971,30986,30878],"product_tag":[12259,12260],"class_list":{"0":"post-70835","1":"product","2":"type-product","3":"status-publish","4":"has-post-thumbnail","6":"product_cat-bs-wall-panels","7":"product_cat-hp","8":"product_cat-tiles-wall-bricks","9":"product_cat-wall-panel","10":"product_tag-_wf_cus","11":"product_tag-_wf_exc","13":"first","14":"instock","15":"sale","16":"taxable","17":"shipping-taxable","18":"purchasable","19":"product-type-variable"},"_links":{"self":[{"href":"https:\/\/nexgendecors.com\/es\/wp-json\/wp\/v2\/product\/70835","targetHints":{"allow":["GET"]}}],"collection":[{"href":"https:\/\/nexgendecors.com\/es\/wp-json\/wp\/v2\/product"}],"about":[{"href":"https:\/\/nexgendecors.com\/es\/wp-json\/wp\/v2\/types\/product"}],"replies":[{"embeddable":true,"href":"https:\/\/nexgendecors.com\/es\/wp-json\/wp\/v2\/comments?post=70835"}],"version-history":[{"count":0,"href":"https:\/\/nexgendecors.com\/es\/wp-json\/wp\/v2\/product\/70835\/revisions"}],"wp:featuredmedia":[{"embeddable":true,"href":"https:\/\/nexgendecors.com\/es\/wp-json\/wp\/v2\/media\/130955"}],"wp:attachment":[{"href":"https:\/\/nexgendecors.com\/es\/wp-json\/wp\/v2\/media?parent=70835"}],"wp:term":[{"taxonomy":"product_brand","embeddable":true,"href":"https:\/\/nexgendecors.com\/es\/wp-json\/wp\/v2\/product_brand?post=70835"},{"taxonomy":"product_cat","embeddable":true,"href":"https:\/\/nexgendecors.com\/es\/wp-json\/wp\/v2\/product_cat?post=70835"},{"taxonomy":"product_tag","embeddable":true,"href":"https:\/\/nexgendecors.com\/es\/wp-json\/wp\/v2\/product_tag?post=70835"}],"curies":[{"name":"wp","href":"https:\/\/api.w.org\/{rel}","templated":true}]}}