{"id":71168,"date":"2025-01-26T03:21:37","date_gmt":"2025-01-26T03:21:37","guid":{"rendered":"https:\/\/nexgendecors.com\/product\/2024-new-genuine-leather-functional-electric-sofa-italian-style-straight-row-small-apartment-first-layer-cowhide-zero-wall-black-sofa\/"},"modified":"2025-04-06T09:17:11","modified_gmt":"2025-04-06T09:17:11","slug":"2024-new-genuine-leather-functional-electric-sofa-italian-style-straight-row-small-apartment-first-layer-cowhide-zero-wall-black-sofa","status":"publish","type":"product","link":"https:\/\/nexgendecors.com\/es\/product\/2024-new-genuine-leather-functional-electric-sofa-italian-style-straight-row-small-apartment-first-layer-cowhide-zero-wall-black-sofa\/","title":{"rendered":"Sof\u00e1 el\u00e9ctrico de cuero italiano para espacios peque\u00f1os \u2013 Negro"},"content":{"rendered":"<ul>\n<li>\n<strong>marca<\/strong>:Artesano de tendencias art\u00edsticas<\/li>\n<li>\n<strong>N\u00famero de pieza<\/strong>:54<\/li>\n<li>\n<strong>Caracter\u00edsticas adicionales<\/strong>:Multifunci\u00f3n<\/li>\n<li>\n<strong>\u00bfHay espacio de almacenamiento?<\/strong>:No<\/li>\n<li>\n<strong>estilo<\/strong>:minimalismo italiano<\/li>\n<li>\n<strong>Relleno<\/strong>:esponja<\/li>\n<li>\n<strong>\u00bfEs personalizable?<\/strong>:No<\/li>\n<li>\n<strong>Armar<\/strong>:No<\/li>\n<li>\n<strong>Material<\/strong>:Madera<\/li>\n<li>\n<strong>Adecuado<\/strong>:Adultos<\/li>\n<li>\n<strong>Posicionamiento de estilo<\/strong>:Estilo art\u00edstico<\/li>\n<li>\n<strong>ordenar por color<\/strong>:1.0m double armrest single seat (non-electric) with free mobile phone holder double seat 1.85m (single electric) with free mobile phone holder three seats 2.45m (single electric) with free mobile phone holder three seats 2.45m (double electric) with free mobile phone holder three seats 2.6m (single electric) with free mobile phone holder three seats 2.6m (double electric) with free mobile phone holder four seats 2.95m (single electric) with free mobile phone holder four seats 2.95m (double electric) with free mobile phone holder four seats 3.15m (single electric) with free mobile phone holder four seats 3.15m (double electric) with free mobile phone holder four seats 3.35m (single electric) with free mobile phone holder four seats 3.35m (double electric) with free mobile phone holder three seats 2.45m (double electric + middle flip) with free mobile phone Three-person bracket 2.6m (single electric + middle flip) Free mobile phone bracket three-person bracket 2.6m (double electric + middle flip) Free mobile phone bracket four-person bracket 2.95m (single electric + middle flip) Free mobile phone bracket four-person bracket 2.95m (double electric + middle flip) Free mobile phone bracket four-person bracket 3.15m (single electric + middle flip) Free mobile phone bracket four-person bracket 3.15m (double electric + middle flip) Free mobile phone bracket four-person bracket 3.35m (single electric + middle flip) Free mobile phone bracket four-person bracket 3.35m (double electric + middle flip) Free mobile phone bracket 2.60m single + single + chaise longue (single electric + middle flip) Free mobile phone bracket 3.35m single + single + single + chaise longue (single electric + middle flip) Free mobile phone bracket<\/li>\n<\/ul>\n<p><img><\/p>","protected":false},"excerpt":{"rendered":"<p>Marca: Art Trend Craftsman N\u00famero de pieza: 54 Caracter\u00edsticas adicionales: Multifunci\u00f3n \u00bfHay espacio de almacenamiento?: no Estilo: minimalismo italiano Relleno: esponja \u00bfEs personalizable?: no Ensamblaje: no Material: madera Apto para: adultos<\/p>","protected":false},"featured_media":131206,"comment_status":"open","ping_status":"closed","template":"","meta":[],"product_brand":[],"product_cat":[30863,30971,30850],"product_tag":[],"class_list":{"0":"post-71168","1":"product","2":"type-product","3":"status-publish","4":"has-post-thumbnail","6":"product_cat-wholesales-cinema-theater","7":"product_cat-hp","8":"product_cat-wholesale-furniture","10":"first","11":"instock","12":"taxable","13":"shipping-taxable","14":"purchasable","15":"product-type-variable"},"_links":{"self":[{"href":"https:\/\/nexgendecors.com\/es\/wp-json\/wp\/v2\/product\/71168","targetHints":{"allow":["GET"]}}],"collection":[{"href":"https:\/\/nexgendecors.com\/es\/wp-json\/wp\/v2\/product"}],"about":[{"href":"https:\/\/nexgendecors.com\/es\/wp-json\/wp\/v2\/types\/product"}],"replies":[{"embeddable":true,"href":"https:\/\/nexgendecors.com\/es\/wp-json\/wp\/v2\/comments?post=71168"}],"version-history":[{"count":0,"href":"https:\/\/nexgendecors.com\/es\/wp-json\/wp\/v2\/product\/71168\/revisions"}],"wp:featuredmedia":[{"embeddable":true,"href":"https:\/\/nexgendecors.com\/es\/wp-json\/wp\/v2\/media\/131206"}],"wp:attachment":[{"href":"https:\/\/nexgendecors.com\/es\/wp-json\/wp\/v2\/media?parent=71168"}],"wp:term":[{"taxonomy":"product_brand","embeddable":true,"href":"https:\/\/nexgendecors.com\/es\/wp-json\/wp\/v2\/product_brand?post=71168"},{"taxonomy":"product_cat","embeddable":true,"href":"https:\/\/nexgendecors.com\/es\/wp-json\/wp\/v2\/product_cat?post=71168"},{"taxonomy":"product_tag","embeddable":true,"href":"https:\/\/nexgendecors.com\/es\/wp-json\/wp\/v2\/product_tag?post=71168"}],"curies":[{"name":"wp","href":"https:\/\/api.w.org\/{rel}","templated":true}]}}