{"id":71311,"date":"2025-01-26T03:21:55","date_gmt":"2025-01-26T03:21:55","guid":{"rendered":"https:\/\/nexgendecors.com\/product\/new-office-furniture-foldable-conference-table-and-chair-combination-simple-training-negotiation-table-mobile-desk\/"},"modified":"2025-04-06T09:17:20","modified_gmt":"2025-04-06T09:17:20","slug":"new-office-furniture-foldable-conference-table-and-chair-combination-simple-training-negotiation-table-mobile-desk","status":"publish","type":"product","link":"https:\/\/nexgendecors.com\/es\/product\/new-office-furniture-foldable-conference-table-and-chair-combination-simple-training-negotiation-table-mobile-desk\/","title":{"rendered":"Juego de mesa y silla de conferencia plegable - Pupitre de formaci\u00f3n m\u00f3vil"},"content":{"rendered":"<ul>\n<li>\n<strong>marca<\/strong>:Guodeng<\/li>\n<li>\n<strong>modelo<\/strong>:HY-311<\/li>\n<li>\n<strong>Funci\u00f3n<\/strong>:Mobile and foldable free combination<\/li>\n<li>\n<strong>Material<\/strong>:otro<\/li>\n<li>\n<strong>forma<\/strong>:Oval<\/li>\n<li>\n<strong>Origen<\/strong>:Llevar a la fuerza<\/li>\n<li>\n<strong>N\u00famero de personas aplicable<\/strong>:6-10 personas<\/li>\n<li>\n<strong>ordenar por color<\/strong>:1.2*0.5m1.5*0.5m1.8*0.5m1.2*0.6m1.5*0.6m1.8*0.6mSmall semi-circular table1.2*0.6mLarge semi-circular table1.4*0.6mSmall semi-circular table1.1*0.5mLarge semi-circular table1.3*0.5mSolid steel bar chair with thin legsFour-legged chairFolding chair with writing boardFolding chair with writing board with pulley<\/li>\n<li>\n<strong>\u00bfEs personalizable?<\/strong>:S\u00ed<\/li>\n<li>\n<strong>Armar<\/strong>:S\u00ed<\/li>\n<li>\n<strong>Detalles de las instrucciones de instalaci\u00f3n<\/strong>:Proporcione instrucciones de instalaci\u00f3n<\/li>\n<li>\n<strong>longitud<\/strong>:120 cm<\/li>\n<\/ul>","protected":false},"excerpt":{"rendered":"<p>Marca:Guodeng Modelo:HY-311 Funci\u00f3n:M\u00f3vil y plegable Combinaci\u00f3n libre Material:otro Forma:Ovalada Origen:Shanghai N\u00famero de personas aplicable:6-10 personas Clasificaci\u00f3n por color:1.2*0.5m1.5*0.5m1.8*0.5m1.2*0.6m1.5*0.6m1.8*0.6mMesa semicircular peque\u00f1a1.2*0.6mMesa grande<\/p>","protected":false},"featured_media":131334,"comment_status":"open","ping_status":"closed","template":"","meta":[],"product_brand":[],"product_cat":[30901,30971,30859],"product_tag":[],"class_list":{"0":"post-71311","1":"product","2":"type-product","3":"status-publish","4":"has-post-thumbnail","6":"product_cat-bs-office","7":"product_cat-hp","8":"product_cat-wholesale-office","10":"first","11":"instock","12":"sale","13":"taxable","14":"shipping-taxable","15":"purchasable","16":"product-type-variable"},"_links":{"self":[{"href":"https:\/\/nexgendecors.com\/es\/wp-json\/wp\/v2\/product\/71311","targetHints":{"allow":["GET"]}}],"collection":[{"href":"https:\/\/nexgendecors.com\/es\/wp-json\/wp\/v2\/product"}],"about":[{"href":"https:\/\/nexgendecors.com\/es\/wp-json\/wp\/v2\/types\/product"}],"replies":[{"embeddable":true,"href":"https:\/\/nexgendecors.com\/es\/wp-json\/wp\/v2\/comments?post=71311"}],"version-history":[{"count":0,"href":"https:\/\/nexgendecors.com\/es\/wp-json\/wp\/v2\/product\/71311\/revisions"}],"wp:featuredmedia":[{"embeddable":true,"href":"https:\/\/nexgendecors.com\/es\/wp-json\/wp\/v2\/media\/131334"}],"wp:attachment":[{"href":"https:\/\/nexgendecors.com\/es\/wp-json\/wp\/v2\/media?parent=71311"}],"wp:term":[{"taxonomy":"product_brand","embeddable":true,"href":"https:\/\/nexgendecors.com\/es\/wp-json\/wp\/v2\/product_brand?post=71311"},{"taxonomy":"product_cat","embeddable":true,"href":"https:\/\/nexgendecors.com\/es\/wp-json\/wp\/v2\/product_cat?post=71311"},{"taxonomy":"product_tag","embeddable":true,"href":"https:\/\/nexgendecors.com\/es\/wp-json\/wp\/v2\/product_tag?post=71311"}],"curies":[{"name":"wp","href":"https:\/\/api.w.org\/{rel}","templated":true}]}}