{"id":71328,"date":"2025-01-26T03:21:57","date_gmt":"2025-01-26T03:21:57","guid":{"rendered":"https:\/\/nexgendecors.com\/product\/new-paint-conference-table-long-table-office-table-and-chair-combination-simple-modern-medium-and-large-white-negotiation-long-table\/"},"modified":"2025-04-06T09:17:24","modified_gmt":"2025-04-06T09:17:24","slug":"new-paint-conference-table-long-table-office-table-and-chair-combination-simple-modern-medium-and-large-white-negotiation-long-table","status":"publish","type":"product","link":"https:\/\/nexgendecors.com\/es\/product\/new-paint-conference-table-long-table-office-table-and-chair-combination-simple-modern-medium-and-large-white-negotiation-long-table\/","title":{"rendered":"Conjunto de mesa y sillas de conferencia modernas en blanco"},"content":{"rendered":"<ul>\n<li>\n<strong>\u00bfEs personalizable?<\/strong>:S\u00ed<\/li>\n<li>\n<strong>longitud<\/strong>:200cm<\/li>\n<li>\n<strong>Funci\u00f3n<\/strong>:With wire box, anti-fouling, anti-corrosion, other<\/li>\n<li>\n<strong>forma<\/strong>:Bar<\/li>\n<li>\n<strong>Armar<\/strong>:S\u00ed<\/li>\n<li>\n<strong>Material<\/strong>:Tablero de densidad<\/li>\n<li>\n<strong>N\u00famero de personas aplicable<\/strong>:16-20 personas<\/li>\n<li>\n<strong>ordenar por color<\/strong>:2.0m*1.0m,2.2m*1.1m,2.4m*1.2m,2.6m*1.2m,2.8m*1.2m,3.0m*1.3m,3.2m*1.4m,3.5m*1.4m,3.6m*1.4m,4.0m*1.4m,4.5m*1.5m,5.0m*1.6m,5.5m*1.6m,6.0m*1.6m, color and size can be customized<\/li>\n<li>\n<strong><\/strong>:<\/li>\n<\/ul>","protected":false},"excerpt":{"rendered":"<p>\u00bfEs personalizable?: s\u00ed longitud: 200 cm Funci\u00f3n: con caja de alambre, antiincrustante, anticorrosi\u00f3n, otra forma: barra Ensamblar: s\u00ed Material: tablero de densidad N\u00famero aplicable de personas: 16-20 personas clasificar<\/p>","protected":false},"featured_media":131337,"comment_status":"open","ping_status":"closed","template":"","meta":[],"product_brand":[],"product_cat":[30971,30859],"product_tag":[],"class_list":{"0":"post-71328","1":"product","2":"type-product","3":"status-publish","4":"has-post-thumbnail","6":"product_cat-hp","7":"product_cat-wholesale-office","9":"first","10":"instock","11":"sale","12":"taxable","13":"shipping-taxable","14":"purchasable","15":"product-type-variable"},"_links":{"self":[{"href":"https:\/\/nexgendecors.com\/es\/wp-json\/wp\/v2\/product\/71328","targetHints":{"allow":["GET"]}}],"collection":[{"href":"https:\/\/nexgendecors.com\/es\/wp-json\/wp\/v2\/product"}],"about":[{"href":"https:\/\/nexgendecors.com\/es\/wp-json\/wp\/v2\/types\/product"}],"replies":[{"embeddable":true,"href":"https:\/\/nexgendecors.com\/es\/wp-json\/wp\/v2\/comments?post=71328"}],"version-history":[{"count":0,"href":"https:\/\/nexgendecors.com\/es\/wp-json\/wp\/v2\/product\/71328\/revisions"}],"wp:featuredmedia":[{"embeddable":true,"href":"https:\/\/nexgendecors.com\/es\/wp-json\/wp\/v2\/media\/131337"}],"wp:attachment":[{"href":"https:\/\/nexgendecors.com\/es\/wp-json\/wp\/v2\/media?parent=71328"}],"wp:term":[{"taxonomy":"product_brand","embeddable":true,"href":"https:\/\/nexgendecors.com\/es\/wp-json\/wp\/v2\/product_brand?post=71328"},{"taxonomy":"product_cat","embeddable":true,"href":"https:\/\/nexgendecors.com\/es\/wp-json\/wp\/v2\/product_cat?post=71328"},{"taxonomy":"product_tag","embeddable":true,"href":"https:\/\/nexgendecors.com\/es\/wp-json\/wp\/v2\/product_tag?post=71328"}],"curies":[{"name":"wp","href":"https:\/\/api.w.org\/{rel}","templated":true}]}}