{"id":71643,"date":"2025-01-26T03:22:35","date_gmt":"2025-01-26T03:22:35","guid":{"rendered":"https:\/\/nexgendecors.com\/product\/nioiikit-modern-velvet-dining-chairs-set-of-2-hand-weaving-accent-upholstered-side-chair-with-golden-metal-legs-for-dining-room-kitchen-vanity-living-roomivory1711879782751\/"},"modified":"2025-04-06T09:17:45","modified_gmt":"2025-04-06T09:17:45","slug":"nioiikit-modern-velvet-dining-chairs-set-of-2-hand-weaving-accent-upholstered-side-chair-with-golden-metal-legs-for-dining-room-kitchen-vanity-living-roomivory1711879782751","status":"publish","type":"product","link":"https:\/\/nexgendecors.com\/es\/product\/nioiikit-modern-velvet-dining-chairs-set-of-2-hand-weaving-accent-upholstered-side-chair-with-golden-metal-legs-for-dining-room-kitchen-vanity-living-roomivory1711879782751\/","title":{"rendered":"NIOIIKIT Juego de 2 sillas de comedor de terciopelo con patas doradas"},"content":{"rendered":"<p data-mce-fragment=\"1\">\ud83c\udf1f <strong data-mce-fragment=\"1\">Elegant Unique Tufted Backrest:<\/strong> Add a touch of classic elegance to your space with our accent chair featuring a woven tufted backrest. Perfect for small spaces, its traditional style and ergonomic design ensure great comfort for you and your family.<\/p>\n<p data-mce-fragment=\"1\">\ud83d\ude0c <strong data-mce-fragment=\"1\">Comfortable Seat:<\/strong> Sink into luxury with our velvet upholstered seat, complemented by sturdy golden legs that not only enhance elegance but also ensure durability. The ergonomic tufted back and thick padded seat provide exceptional comfort, with a weight capacity of up to 250 lbs.<\/p>\n<p data-mce-fragment=\"1\">\ud83d\ude80 <strong data-mce-fragment=\"1\">Space Saving:<\/strong> Our side chair is both sturdy and compact, crafted from Solid + Plywood frame for durability. With a weight of just 14.77 lbs and dimensions of 18.11\u201dW x 16.93\u201dD x 19.69\u201dH (seat) and a total height of 29.13&#8221;, it easily fits into small spaces, corners, and under tables.<\/p>\n<p data-mce-fragment=\"1\">\ud83c\udfe1 <strong data-mce-fragment=\"1\">Widely Usage:<\/strong> Versatile and stylish, our chair perfectly complements various decorations, serving as living room chairs, vanity chairs, accent chairs, guest reception chairs, and lounge chairs. Whether in homes, offices, restaurants, or salons, its modern style adds a touch of sophistication to any setting.<\/p>\n<p data-mce-fragment=\"1\">\ud83d\udd27 <strong data-mce-fragment=\"1\">F\u00e1cil montaje:<\/strong> Setting up our armchair is a breeze \u2013 simply follow the simple steps, and you&#8217;ll be enjoying your new armchair in no time. If you have any questions or concerns, our dedicated team is here to assist you with a satisfactory solution.<\/p>\n<div><\/div>","protected":false},"excerpt":{"rendered":"<p>\ud83c\udf1f Elegante respaldo acolchado \u00fanico: A\u00f1ada un toque de elegancia cl\u00e1sica a su espacio con nuestra silla de acento que presenta un<\/p>","protected":false},"featured_media":131586,"comment_status":"open","ping_status":"closed","template":"","meta":[],"product_brand":[],"product_cat":[30825,30826,30971,32],"product_tag":[],"class_list":{"0":"post-71643","1":"product","2":"type-product","3":"status-publish","4":"has-post-thumbnail","6":"product_cat-dining-chairs","7":"product_cat-dining-room","8":"product_cat-hp","9":"product_cat-residential-furniture","11":"first","12":"instock","13":"sale","14":"taxable","15":"shipping-taxable","16":"purchasable","17":"product-type-variable"},"_links":{"self":[{"href":"https:\/\/nexgendecors.com\/es\/wp-json\/wp\/v2\/product\/71643","targetHints":{"allow":["GET"]}}],"collection":[{"href":"https:\/\/nexgendecors.com\/es\/wp-json\/wp\/v2\/product"}],"about":[{"href":"https:\/\/nexgendecors.com\/es\/wp-json\/wp\/v2\/types\/product"}],"replies":[{"embeddable":true,"href":"https:\/\/nexgendecors.com\/es\/wp-json\/wp\/v2\/comments?post=71643"}],"version-history":[{"count":0,"href":"https:\/\/nexgendecors.com\/es\/wp-json\/wp\/v2\/product\/71643\/revisions"}],"wp:featuredmedia":[{"embeddable":true,"href":"https:\/\/nexgendecors.com\/es\/wp-json\/wp\/v2\/media\/131586"}],"wp:attachment":[{"href":"https:\/\/nexgendecors.com\/es\/wp-json\/wp\/v2\/media?parent=71643"}],"wp:term":[{"taxonomy":"product_brand","embeddable":true,"href":"https:\/\/nexgendecors.com\/es\/wp-json\/wp\/v2\/product_brand?post=71643"},{"taxonomy":"product_cat","embeddable":true,"href":"https:\/\/nexgendecors.com\/es\/wp-json\/wp\/v2\/product_cat?post=71643"},{"taxonomy":"product_tag","embeddable":true,"href":"https:\/\/nexgendecors.com\/es\/wp-json\/wp\/v2\/product_tag?post=71643"}],"curies":[{"name":"wp","href":"https:\/\/api.w.org\/{rel}","templated":true}]}}