{"id":71712,"date":"2025-01-26T03:22:48","date_gmt":"2025-01-26T03:22:48","guid":{"rendered":"https:\/\/nexgendecors.com\/product\/norchair-nordic-simple-soft-computer-chair-bedroom-backrest-desk-chair-home-movable-office-chair\/"},"modified":"2025-04-06T09:18:12","modified_gmt":"2025-04-06T09:18:12","slug":"norchair-nordic-simple-soft-computer-chair-bedroom-backrest-desk-chair-home-movable-office-chair","status":"publish","type":"product","link":"https:\/\/nexgendecors.com\/es\/product\/norchair-nordic-simple-soft-computer-chair-bedroom-backrest-desk-chair-home-movable-office-chair\/","title":{"rendered":"Silla de escritorio m\u00f3vil suave n\u00f3rdica NORCHAIR con respaldo"},"content":{"rendered":"<ul>\n<li>\n<strong>marca<\/strong>:NORCHAIR<\/li>\n<li>\n<strong>modelo<\/strong>:HXCFTGTF<\/li>\n<li>\n<strong>Material<\/strong>:otro<\/li>\n<li>\n<strong>ordenar por color<\/strong>:Coffee color + coffee leather cushion 50*50*H80cm, matte white + light gray cloth cushion 50*50*H80cm, matte black + black leather cushion 50* 50*H80cm, champagne color + waterproof cloth 50*50*H80cm, coffee color 50*50*H80cm, matte black 50*50*H80cm, matte white 50*50*H80cm, champagne color 50*50*H80cm<\/li>\n<li>\n<strong>Material de tela<\/strong>:otro<\/li>\n<li>\n<strong>\u00bfEs personalizable?<\/strong>:No<\/li>\n<li>\n<strong>\u00bfSe puede subir o bajar?<\/strong>:No<\/li>\n<li>\n<strong>\u00bfEs giratorio?<\/strong>:S\u00ed<\/li>\n<li>\n<strong>\u00bfPuedo acostarme?<\/strong>:No<\/li>\n<li>\n<strong>Material para pies de cinco estrellas<\/strong>:Pies de aleaci\u00f3n de aluminio<\/li>\n<li>\n<strong>Tipo de pasamanos<\/strong>:Reposabrazos fijo<\/li>\n<li>\n<strong>\u00bfEs compatible con la ergonom\u00eda?<\/strong>:S\u00ed<\/li>\n<li>\n<strong>Armar<\/strong>:S\u00ed<\/li>\n<li>\n<strong>volumen del paquete<\/strong>:0.5<\/li>\n<li>\n<strong>Posicionamiento de estilo<\/strong>:Estilo art\u00edstico<\/li>\n<li>\n<strong>Si tener pedales<\/strong>:No<\/li>\n<\/ul>\n<p><img><\/p>","protected":false},"excerpt":{"rendered":"<p>Marca: NORCHAIR Modelo: HXCFTGTF Material: otro Ordenar por color: color caf\u00e9 + coj\u00edn de cuero caf\u00e9 50 * 50 * H80cm, blanco mate + coj\u00edn de tela gris claro 50 * 50 * H80cm,<\/p>","protected":false},"featured_media":131704,"comment_status":"open","ping_status":"closed","template":"","meta":[],"product_brand":[],"product_cat":[30855,30862,30971,30859,30850],"product_tag":[],"class_list":{"0":"post-71712","1":"product","2":"type-product","3":"status-publish","4":"has-post-thumbnail","6":"product_cat-wholesale-chairs","7":"product_cat-wholesales-hotels","8":"product_cat-hp","9":"product_cat-wholesale-office","10":"product_cat-wholesale-furniture","12":"first","13":"instock","14":"sale","15":"taxable","16":"shipping-taxable","17":"purchasable","18":"product-type-variable"},"_links":{"self":[{"href":"https:\/\/nexgendecors.com\/es\/wp-json\/wp\/v2\/product\/71712","targetHints":{"allow":["GET"]}}],"collection":[{"href":"https:\/\/nexgendecors.com\/es\/wp-json\/wp\/v2\/product"}],"about":[{"href":"https:\/\/nexgendecors.com\/es\/wp-json\/wp\/v2\/types\/product"}],"replies":[{"embeddable":true,"href":"https:\/\/nexgendecors.com\/es\/wp-json\/wp\/v2\/comments?post=71712"}],"version-history":[{"count":0,"href":"https:\/\/nexgendecors.com\/es\/wp-json\/wp\/v2\/product\/71712\/revisions"}],"wp:featuredmedia":[{"embeddable":true,"href":"https:\/\/nexgendecors.com\/es\/wp-json\/wp\/v2\/media\/131704"}],"wp:attachment":[{"href":"https:\/\/nexgendecors.com\/es\/wp-json\/wp\/v2\/media?parent=71712"}],"wp:term":[{"taxonomy":"product_brand","embeddable":true,"href":"https:\/\/nexgendecors.com\/es\/wp-json\/wp\/v2\/product_brand?post=71712"},{"taxonomy":"product_cat","embeddable":true,"href":"https:\/\/nexgendecors.com\/es\/wp-json\/wp\/v2\/product_cat?post=71712"},{"taxonomy":"product_tag","embeddable":true,"href":"https:\/\/nexgendecors.com\/es\/wp-json\/wp\/v2\/product_tag?post=71712"}],"curies":[{"name":"wp","href":"https:\/\/api.w.org\/{rel}","templated":true}]}}