{"id":71886,"date":"2025-01-26T03:23:13","date_gmt":"2025-01-26T03:23:13","guid":{"rendered":"https:\/\/nexgendecors.com\/product\/nordic-bedroom-lamp-simple-modern-led-ceiling-lamp-creative-personality-triangle-geometry-study-balcony-entrance-lighting\/"},"modified":"2025-03-09T07:35:10","modified_gmt":"2025-03-09T07:35:10","slug":"nordic-bedroom-lamp-simple-modern-led-ceiling-lamp-creative-personality-triangle-geometry-study-balcony-entrance-lighting","status":"publish","type":"product","link":"https:\/\/nexgendecors.com\/es\/product\/nordic-bedroom-lamp-simple-modern-led-ceiling-lamp-creative-personality-triangle-geometry-study-balcony-entrance-lighting\/","title":{"rendered":"L\u00e1mpara de techo LED Nordic Triangle: dise\u00f1o geom\u00e9trico moderno"},"content":{"rendered":"<ul>\n<li>\n<strong>marca<\/strong>:Schmidt<\/li>\n<li>\n<strong>modelo<\/strong>:XL6889<\/li>\n<li>\n<strong>estilo<\/strong>:Europa del Norte<\/li>\n<li>\n<strong>ordenar por color<\/strong>:Sand Gray Large Size 52cm-White Light 36W Sand Gray Large Size 52cm-Three-Color Light Changing 36W Sand Gray Large Size 52cm-Stepless Dimming 36W Sand Gray Medium Size 43cm-White Light 24W Sand Gray Medium Size 43cm-Three-Color Light Changing 24W Sand Gray Medium Size 43cm-Stepless Dimming 24W Sand Gray Small Size 32cm-White Light 18W Sand Gray Small Size 32cm-Three-Color Light Changing 18W Sand Gray Small Size 32cm-Stepless Dimming 18W Sand black large size 52cm-white light 36 watts Sand black large size 52cm-three-color light changing 36 watts Sand black large size 52cm-stepless dimming 36 watts Sand black medium size 43cm-white light 24 watts Sand black medium size 43cm-three-color light changing 24 watts Sand black medium size 43cm-stepless dimming 24 watts Sand black small size 32cm-white light 18 watts Sand black small size 32cm-three-color light changing 18 watts Sand black small size 32cm-stepless dimming 18 watts<\/li>\n<li>\n<strong>\u00bfLa l\u00e1mpara tiene una fuente de luz?<\/strong>:S\u00ed<\/li>\n<li>\n<strong>Voltaje<\/strong>:111 V ~ 240 V (inclusive)<\/li>\n<li>\n<strong>Material principal del cuerpo de la l\u00e1mpara.<\/strong>:hierro<\/li>\n<li>\n<strong>Material principal de la pantalla de la l\u00e1mpara<\/strong>:Pantalla de PMMA de alta transmitancia de luz<\/li>\n<li>\n<strong>tipo de fuente de luz<\/strong>:Luces LED<\/li>\n<li>\n<strong>N\u00famero de fuentes de luz<\/strong>:1<\/li>\n<li>\n<strong>Tecnolog\u00eda<\/strong>:Escarchado de pintura en aerosol<\/li>\n<li>\n<strong>\u00c1rea de irradiaci\u00f3n<\/strong>:10\u33a1-15\u33a1<\/li>\n<li>\n<strong>Tipo de control<\/strong>:otro<\/li>\n<li>\n<strong>Forma de la pantalla de la l\u00e1mpara<\/strong>:Geometric<\/li>\n<li>\n<strong>Material auxiliar para pantallas de l\u00e1mparas<\/strong>:Pantalla de PMMA de alta transmitancia de luz<\/li>\n<li>\n<strong>Per\u00edodo de garant\u00eda<\/strong>:3 a\u00f1os<\/li>\n<li>\n<strong>Material auxiliar del cuerpo de la l\u00e1mpara<\/strong>:hierro<\/li>\n<li>\n<strong>Tipo inteligente<\/strong>:No hay soporte para smart<\/li>\n<li>\n<strong>Ya sea control inteligente<\/strong>:No<\/li>\n<li>\n<strong>Tipo de luz de techo<\/strong>:L\u00e1mpara de techo de hierro forjado<\/li>\n<li>\n<strong>N\u00famero de certificado 3C<\/strong>:2023011001539682<\/li>\n<li>\n<strong><\/strong>:<\/li>\n<\/ul>","protected":false},"excerpt":{"rendered":"<p>Marca: Schmidt Modelo: XL6889 Estilo: Europa del Norte Ordenar por color: Gris arena Tama\u00f1o grande 52 cm - Luz blanca 36 W Gris arena Tama\u00f1o grande 52 cm - Luz de tres colores cambiante<\/p>","protected":false},"featured_media":131861,"comment_status":"open","ping_status":"closed","template":"","meta":[],"product_brand":[],"product_cat":[30971,30864],"product_tag":[],"class_list":{"0":"post-71886","1":"product","2":"type-product","3":"status-publish","4":"has-post-thumbnail","6":"product_cat-hp","7":"product_cat-new-wholesales-lights","9":"first","10":"instock","11":"taxable","12":"shipping-taxable","13":"purchasable","14":"product-type-variable"},"_links":{"self":[{"href":"https:\/\/nexgendecors.com\/es\/wp-json\/wp\/v2\/product\/71886","targetHints":{"allow":["GET"]}}],"collection":[{"href":"https:\/\/nexgendecors.com\/es\/wp-json\/wp\/v2\/product"}],"about":[{"href":"https:\/\/nexgendecors.com\/es\/wp-json\/wp\/v2\/types\/product"}],"replies":[{"embeddable":true,"href":"https:\/\/nexgendecors.com\/es\/wp-json\/wp\/v2\/comments?post=71886"}],"version-history":[{"count":0,"href":"https:\/\/nexgendecors.com\/es\/wp-json\/wp\/v2\/product\/71886\/revisions"}],"wp:featuredmedia":[{"embeddable":true,"href":"https:\/\/nexgendecors.com\/es\/wp-json\/wp\/v2\/media\/131861"}],"wp:attachment":[{"href":"https:\/\/nexgendecors.com\/es\/wp-json\/wp\/v2\/media?parent=71886"}],"wp:term":[{"taxonomy":"product_brand","embeddable":true,"href":"https:\/\/nexgendecors.com\/es\/wp-json\/wp\/v2\/product_brand?post=71886"},{"taxonomy":"product_cat","embeddable":true,"href":"https:\/\/nexgendecors.com\/es\/wp-json\/wp\/v2\/product_cat?post=71886"},{"taxonomy":"product_tag","embeddable":true,"href":"https:\/\/nexgendecors.com\/es\/wp-json\/wp\/v2\/product_tag?post=71886"}],"curies":[{"name":"wp","href":"https:\/\/api.w.org\/{rel}","templated":true}]}}