{"id":71993,"date":"2025-01-26T03:23:26","date_gmt":"2025-01-26T03:23:26","guid":{"rendered":"https:\/\/nexgendecors.com\/product\/nordic-cream-style-stair-chandelier-modern-simple-light-luxury-shell-pearl-villa-living-room-duplex-atmospheric-long-chandelier\/"},"modified":"2025-03-09T08:24:00","modified_gmt":"2025-03-09T08:24:00","slug":"nordic-cream-style-stair-chandelier-modern-simple-light-luxury-shell-pearl-villa-living-room-duplex-atmospheric-long-chandelier","status":"publish","type":"product","link":"https:\/\/nexgendecors.com\/es\/product\/nordic-cream-style-stair-chandelier-modern-simple-light-luxury-shell-pearl-villa-living-room-duplex-atmospheric-long-chandelier\/","title":{"rendered":"Nordic Luxury Shell Pearl Stair Chandelier"},"content":{"rendered":"<ul>\n<li>\n<strong>marca<\/strong>:Luz de estrella<\/li>\n<li>\n<strong>modelo<\/strong>:1080<\/li>\n<li>\n<strong>fuerza<\/strong>:11W (inclusive) &#8211; 15W (inclusive)<\/li>\n<li>\n<strong>estilo<\/strong>:Simple y moderno<\/li>\n<li>\n<strong>Valor K de la temperatura de color de la fuente de luz<\/strong>:4000K<\/li>\n<li>\n<strong>Espacio aplicable<\/strong>:LOFT\/D\u00faplex Casa D\u00faplex\/Escaleras<\/li>\n<li>\n<strong>ordenar por color<\/strong>:White shell 6 warm light (30CM chassis 2 meters line) White shell 6 white light (30CM chassis 2 meters line) White shell 6 three-color light (30CM chassis 2 meters line) White shell 9 warm light (40CM chassis 2 meters line) White shell 9 white light (40CM chassis 2 meters line) White shell 9 three-color light (40CM chassis 2 meters line) White shell 12 warm light (40CM chassis 2 meters line) White shell 12 white light (40CM chassis 2 meters line) White shell 12 three-color light (40CM chassis 2 meters line) White shell 16 warm light (50CM chassis 3 meters line) White shell 16 white light (50CM chassis 3 meters line) White shell 16 three-color light (50CM chassis 3 meters line) White shell 25 warm light (60CM chassis 3 meters line) White shell 25 white light (60CM chassis 3 meters line) White shell 25 heads three-color light (60CM base 3 meters line) White shell 5 heads straight disk [80CM] Warm light white shell 5 heads straight disk [80CM] White light white shell 5 heads straight disk [80CM] Three-color light white shell 7 heads straight disk [100CM] Warm light white shell 7 heads straight disk [100CM] White light white shell 7 heads straight disk [100CM] Three-color light<\/li>\n<li>\n<strong>\u00bfLa l\u00e1mpara tiene una fuente de luz?<\/strong>:S\u00ed<\/li>\n<li>\n<strong>Servicio en la ciudad<\/strong>:Log\u00edstica intraurbana de entrega puerta a puerta<\/li>\n<li>\n<strong>Voltaje<\/strong>:100 V-240 V<\/li>\n<li>\n<strong>Material principal del cuerpo de la l\u00e1mpara.<\/strong>:hierro<\/li>\n<li>\n<strong>Material principal de la pantalla de la l\u00e1mpara<\/strong>:Vaso<\/li>\n<li>\n<strong>N\u00famero de fuentes de luz<\/strong>:5<\/li>\n<li>\n<strong>Tecnolog\u00eda<\/strong>:Escarchado de pintura en aerosol<\/li>\n<li>\n<strong>\u00c1rea de irradiaci\u00f3n<\/strong>:10\u33a1-15\u33a1<\/li>\n<li>\n<strong>Tipo de control<\/strong>:otro<\/li>\n<li>\n<strong>Temperatura de color<\/strong>:Luz tricolor<\/li>\n<li>\n<strong>Material auxiliar para pantallas de l\u00e1mparas<\/strong>:Vaso<\/li>\n<li>\n<strong>Per\u00edodo de garant\u00eda<\/strong>:3 a\u00f1os<\/li>\n<li>\n<strong>Material auxiliar del cuerpo de la l\u00e1mpara<\/strong>:hierro<\/li>\n<li>\n<strong>Tipo inteligente<\/strong>:No hay soporte para smart<\/li>\n<li>\n<strong>Ya sea control inteligente<\/strong>:No<\/li>\n<li>\n<strong>Forma de la l\u00e1mpara<\/strong>:L\u00e1mpara de ara\u00f1a de l\u00ednea de pescado<\/li>\n<li>\n<strong>N\u00famero de accesorios<\/strong>:1<\/li>\n<li>\n<strong>N\u00famero de cabezales de l\u00e1mpara<\/strong>:5<\/li>\n<li>\n<strong>Tipo de l\u00e1mpara de ara\u00f1a<\/strong>:L\u00e1mpara de ara\u00f1a de cristal<\/li>\n<li>\n<strong>N\u00famero de certificado 3C<\/strong>:2024011001607990<\/li>\n<li>\n<strong><\/strong>:<\/li>\n<\/ul>\n<p><img><\/p>","protected":false},"excerpt":{"rendered":"<p>brand:Star Light model:1080 power:11W (inclusive) &#8211; 15W (inclusive) style:Simple and modern Light source color temperature K value:4000K Applicable space:LOFT\/Duplex Duplex<\/p>","protected":false},"featured_media":131960,"comment_status":"open","ping_status":"closed","template":"","meta":[],"product_brand":[],"product_cat":[30971,30864],"product_tag":[],"class_list":{"0":"post-71993","1":"product","2":"type-product","3":"status-publish","4":"has-post-thumbnail","6":"product_cat-hp","7":"product_cat-new-wholesales-lights","9":"first","10":"instock","11":"taxable","12":"shipping-taxable","13":"purchasable","14":"product-type-variable"},"_links":{"self":[{"href":"https:\/\/nexgendecors.com\/es\/wp-json\/wp\/v2\/product\/71993","targetHints":{"allow":["GET"]}}],"collection":[{"href":"https:\/\/nexgendecors.com\/es\/wp-json\/wp\/v2\/product"}],"about":[{"href":"https:\/\/nexgendecors.com\/es\/wp-json\/wp\/v2\/types\/product"}],"replies":[{"embeddable":true,"href":"https:\/\/nexgendecors.com\/es\/wp-json\/wp\/v2\/comments?post=71993"}],"version-history":[{"count":0,"href":"https:\/\/nexgendecors.com\/es\/wp-json\/wp\/v2\/product\/71993\/revisions"}],"wp:featuredmedia":[{"embeddable":true,"href":"https:\/\/nexgendecors.com\/es\/wp-json\/wp\/v2\/media\/131960"}],"wp:attachment":[{"href":"https:\/\/nexgendecors.com\/es\/wp-json\/wp\/v2\/media?parent=71993"}],"wp:term":[{"taxonomy":"product_brand","embeddable":true,"href":"https:\/\/nexgendecors.com\/es\/wp-json\/wp\/v2\/product_brand?post=71993"},{"taxonomy":"product_cat","embeddable":true,"href":"https:\/\/nexgendecors.com\/es\/wp-json\/wp\/v2\/product_cat?post=71993"},{"taxonomy":"product_tag","embeddable":true,"href":"https:\/\/nexgendecors.com\/es\/wp-json\/wp\/v2\/product_tag?post=71993"}],"curies":[{"name":"wp","href":"https:\/\/api.w.org\/{rel}","templated":true}]}}