{"id":72346,"date":"2025-01-26T03:24:12","date_gmt":"2025-01-26T03:24:12","guid":{"rendered":"https:\/\/nexgendecors.com\/product\/nordic-ins-style-simple-double-layer-marble-nail-table-and-chair-set-double-golden-iron-nail-table-nail-table\/"},"modified":"2025-04-06T09:19:47","modified_gmt":"2025-04-06T09:19:47","slug":"nordic-ins-style-simple-double-layer-marble-nail-table-and-chair-set-double-golden-iron-nail-table-nail-table","status":"publish","type":"product","link":"https:\/\/nexgendecors.com\/es\/product\/nordic-ins-style-simple-double-layer-marble-nail-table-and-chair-set-double-golden-iron-nail-table-nail-table\/","title":{"rendered":"Juego de mesa y silla n\u00f3rdica de hierro dorado con dise\u00f1o de u\u00f1as de m\u00e1rmol"},"content":{"rendered":"<ul>\n<li>\n<strong>marca<\/strong>:Zhongmin Yunshang<\/li>\n<li>\n<strong>modelo<\/strong>:ZMYS006<\/li>\n<li>\n<strong>Funci\u00f3n<\/strong>:Almacenamiento y resistente a la suciedad.<\/li>\n<li>\n<strong>Material<\/strong>:Paquete blando de losa de roca de hierro<\/li>\n<li>\n<strong>estilo<\/strong>:Estilo de lujo ligero<\/li>\n<li>\n<strong>Origen<\/strong>:Provincia de Fujian<\/li>\n<li>\n<strong>ordenar por color<\/strong>:Volume model 80x40x78 (color notes) Volume model 100x40x78 (color notes) Volume model 120x40x78 (color notes) Volume model 140x40x78 (color notes) Volume model 160x40x78 (color notes) Volume model 180x40x78 (color notes) Volume model 200x40x78 (color notes) Upgraded model 80x45x78 (color notes) Upgraded model 100x45x78 (color notes) Upgraded model 120x45x78 (color notes) Upgraded model 140x45x78 (color notes) Upgraded model 160x45x78 (color notes) Upgraded model 180x45x78 (color notes) Upgraded model 200x45x78 (color notes) New U-shaped sofa (color notes) Round stool (color notes) Curved chair (color notes) U-shaped sofa (color notes) Princess chair (color notes) Swallow chair (color notes) Peacock chair (color notes) Lipstick sofa (color notes)<\/li>\n<li>\n<strong>Tipo de paquete<\/strong>:Est\u00e1ndar oficial<\/li>\n<li>\n<strong>Tama\u00f1o del paquete<\/strong>:0<\/li>\n<li>\n<strong>Peso del paquete<\/strong>:0<\/li>\n<li>\n<strong>Normas ambientales<\/strong>:dise\u00f1o verde<\/li>\n<li>\n<strong>\u00bfEs personalizable?<\/strong>:S\u00ed<\/li>\n<li>\n<strong>\u00bfEst\u00e1 disponible la preventa?<\/strong>:No<\/li>\n<li>\n<strong><\/strong>:<\/li>\n<\/ul>\n<p><img><\/p>","protected":false},"excerpt":{"rendered":"<p>Marca: Zhongmin Yunshang Modelo: ZMYS006 Funci\u00f3n: Almacenamiento y resistente a la suciedad Material: Losa de roca de hierro Estilo de paquete suave: Estilo de lujo ligero Origen: Provincia de Fujian Ordenar por color: Modelo de volumen<\/p>","protected":false},"featured_media":132226,"comment_status":"open","ping_status":"closed","template":"","meta":[],"product_brand":[],"product_cat":[30971,30865],"product_tag":[],"class_list":{"0":"post-72346","1":"product","2":"type-product","3":"status-publish","4":"has-post-thumbnail","6":"product_cat-hp","7":"product_cat-wholesales-salons-shops","9":"first","10":"instock","11":"sale","12":"taxable","13":"shipping-taxable","14":"purchasable","15":"product-type-variable"},"_links":{"self":[{"href":"https:\/\/nexgendecors.com\/es\/wp-json\/wp\/v2\/product\/72346","targetHints":{"allow":["GET"]}}],"collection":[{"href":"https:\/\/nexgendecors.com\/es\/wp-json\/wp\/v2\/product"}],"about":[{"href":"https:\/\/nexgendecors.com\/es\/wp-json\/wp\/v2\/types\/product"}],"replies":[{"embeddable":true,"href":"https:\/\/nexgendecors.com\/es\/wp-json\/wp\/v2\/comments?post=72346"}],"version-history":[{"count":0,"href":"https:\/\/nexgendecors.com\/es\/wp-json\/wp\/v2\/product\/72346\/revisions"}],"wp:featuredmedia":[{"embeddable":true,"href":"https:\/\/nexgendecors.com\/es\/wp-json\/wp\/v2\/media\/132226"}],"wp:attachment":[{"href":"https:\/\/nexgendecors.com\/es\/wp-json\/wp\/v2\/media?parent=72346"}],"wp:term":[{"taxonomy":"product_brand","embeddable":true,"href":"https:\/\/nexgendecors.com\/es\/wp-json\/wp\/v2\/product_brand?post=72346"},{"taxonomy":"product_cat","embeddable":true,"href":"https:\/\/nexgendecors.com\/es\/wp-json\/wp\/v2\/product_cat?post=72346"},{"taxonomy":"product_tag","embeddable":true,"href":"https:\/\/nexgendecors.com\/es\/wp-json\/wp\/v2\/product_tag?post=72346"}],"curies":[{"name":"wp","href":"https:\/\/api.w.org\/{rel}","templated":true}]}}