{"id":72410,"date":"2025-01-26T03:24:19","date_gmt":"2025-01-26T03:24:19","guid":{"rendered":"https:\/\/nexgendecors.com\/product\/nordic-high-stool-transparent-bar-stool-net-red-bar-chair-designer-acrylic-high-stool-iron-bar-stool-island-chair\/"},"modified":"2025-04-06T09:20:00","modified_gmt":"2025-04-06T09:20:00","slug":"taburete-alto-nordico-transparente-silla-de-bar-de-red-roja-taburete-alto-de-diseno-acrilico-taburete-de-bar-de-hierro-silla-de-isla","status":"publish","type":"product","link":"https:\/\/nexgendecors.com\/es\/product\/taburete-alto-nordico-transparente-silla-de-bar-de-red-roja-taburete-alto-de-diseno-acrilico-taburete-de-bar-de-hierro-silla-de-isla\/","title":{"rendered":"Taburete alto de acr\u00edlico n\u00f3rdico: elegante silla de bar transparente"},"content":{"rendered":"<ul>\n<li>\n<strong>modelo<\/strong>:TG665<\/li>\n<li>\n<strong>marca<\/strong>:otro\/otro<\/li>\n<li>\n<strong>estilo<\/strong>:Moderno y sencillo<\/li>\n<li>\n<strong>ordenar por color<\/strong>:Lea atentamente las instrucciones de compra antes de realizar un pedido, altura personalizada 60cm altura del asiento color observaciones, altura del asiento 65cm \u00e1mbar transparente, altura del asiento 65cm naranja transparente altura de la mesa recomendada 90-95, altura del asiento 65cm gris humo transparente, altura del asiento 65cm verde lago transparente, altura del asiento 65cm marr\u00f3n transparente, altura del asiento 65cm verde menta s\u00f3lido, altura del asiento 65cm blanco lechoso, altura del asiento 65cm negro, altura del asiento 65cm naranja s\u00f3lido, altura del asiento 65cm caf\u00e9 s\u00f3lido, altura del asiento 55cm blanco lechoso, altura del asiento 55cm naranja transparente, altura del asiento 55cm gris transparente, altura del asiento 55cm verde lago transparente, altura del asiento 55cm marr\u00f3n transparente, altura del asiento 55cm \u00e1mbar transparente, altura del asiento 60cm \u00e1mbar transparente, altura del asiento 60cm gris transparente, altura del asiento 60cm blanco lechoso, altura del asiento 60cm transparente Minghu Green,Altura del asiento 60cm Naranja transparente,Altura del asiento 60cm Transparente Marr\u00f3n, Altura del asiento 75 cm \u00c1mbar transparente, Altura del asiento 75 cm Marr\u00f3n transparente Altura recomendada de la mesa 105-110, Altura del asiento 75 cm Naranja transparente, Altura del asiento 75 cm Verde lago transparente, Altura del asiento 75 cm Gris ahumado transparente, Altura del asiento 75 cm Naranja s\u00f3lido, Altura del asiento 75 cm Verde menta s\u00f3lido, Altura del asiento 75 cm Color comino, Altura del asiento 75 cm Blanco lechoso, Altura del asiento 75 cm Color caf\u00e9 s\u00f3lido, Altura del asiento 75 cm Verde menta, Altura del asiento 75 cm Negro, Altura del asiento 45 cm Marr\u00f3n transparente, Altura del asiento 45 cm Naranja transparente, Altura del asiento 45 cm Verde lago transparente, Altura del asiento 45 cm Gris ahumado transparente, Altura del asiento 45 cm \u00c1mbar transparente, Altura del asiento 45 cm Negro, Altura del asiento 45 cm Blanco lechoso, Altura del asiento 45 cm Color comino<\/li>\n<li>\n<strong>Material de acabado<\/strong>:CLORURO DE POLIVINILO<\/li>\n<li>\n<strong>\u00bfEs giratorio?<\/strong>:No<\/li>\n<li>\n<strong>\u00bfHay pasamanos?<\/strong>:No<\/li>\n<li>\n<strong>tama\u00f1o<\/strong>:47x535x110cm<\/li>\n<\/ul>\n<p><img><\/p>","protected":false},"excerpt":{"rendered":"<p>Modelo: TG665 Marca: Otro\/Otro Estilo: Moderno y sencillo Ordenar por color: Lea atentamente las instrucciones de compra antes de realizar un pedido, altura personalizada 60 cm<\/p>","protected":false},"featured_media":132269,"comment_status":"open","ping_status":"closed","template":"","meta":[],"product_brand":[],"product_cat":[30855,30852,30971,30860],"product_tag":[],"class_list":{"0":"post-72410","1":"product","2":"type-product","3":"status-publish","4":"has-post-thumbnail","6":"product_cat-wholesale-chairs","7":"product_cat-dining-set","8":"product_cat-hp","9":"product_cat-wholesale-restaurant","11":"first","12":"instock","13":"sale","14":"taxable","15":"shipping-taxable","16":"purchasable","17":"product-type-variable"},"_links":{"self":[{"href":"https:\/\/nexgendecors.com\/es\/wp-json\/wp\/v2\/product\/72410","targetHints":{"allow":["GET"]}}],"collection":[{"href":"https:\/\/nexgendecors.com\/es\/wp-json\/wp\/v2\/product"}],"about":[{"href":"https:\/\/nexgendecors.com\/es\/wp-json\/wp\/v2\/types\/product"}],"replies":[{"embeddable":true,"href":"https:\/\/nexgendecors.com\/es\/wp-json\/wp\/v2\/comments?post=72410"}],"version-history":[{"count":0,"href":"https:\/\/nexgendecors.com\/es\/wp-json\/wp\/v2\/product\/72410\/revisions"}],"wp:featuredmedia":[{"embeddable":true,"href":"https:\/\/nexgendecors.com\/es\/wp-json\/wp\/v2\/media\/132269"}],"wp:attachment":[{"href":"https:\/\/nexgendecors.com\/es\/wp-json\/wp\/v2\/media?parent=72410"}],"wp:term":[{"taxonomy":"product_brand","embeddable":true,"href":"https:\/\/nexgendecors.com\/es\/wp-json\/wp\/v2\/product_brand?post=72410"},{"taxonomy":"product_cat","embeddable":true,"href":"https:\/\/nexgendecors.com\/es\/wp-json\/wp\/v2\/product_cat?post=72410"},{"taxonomy":"product_tag","embeddable":true,"href":"https:\/\/nexgendecors.com\/es\/wp-json\/wp\/v2\/product_tag?post=72410"}],"curies":[{"name":"wp","href":"https:\/\/api.w.org\/{rel}","templated":true}]}}