{"id":72456,"date":"2025-01-26T03:24:22","date_gmt":"2025-01-26T03:24:22","guid":{"rendered":"https:\/\/nexgendecors.com\/product\/nordic-internet-celebrity-bedside-chandelier-restaurant-light-luxury-creative-personality-art-full-sky-star-hotel-bar-glass-small-chandelier\/"},"modified":"2025-04-06T09:20:05","modified_gmt":"2025-04-06T09:20:05","slug":"nordic-internet-celebrity-bedside-chandelier-restaurant-light-luxury-creative-personality-art-full-sky-star-hotel-bar-glass-small-chandelier","status":"publish","type":"product","link":"https:\/\/nexgendecors.com\/es\/product\/nordic-internet-celebrity-bedside-chandelier-restaurant-light-luxury-creative-personality-art-full-sky-star-hotel-bar-glass-small-chandelier\/","title":{"rendered":"L\u00e1mpara de ara\u00f1a de cristal con forma de estrella n\u00f3rdica: l\u00e1mpara de noche de lujo"},"content":{"rendered":"<ul>\n<li>\n<strong>estilo<\/strong>:Simple y moderno<\/li>\n<li>\n<strong>Tipo de l\u00e1mpara de ara\u00f1a<\/strong>:L\u00e1mpara de ara\u00f1a de cristal<\/li>\n<li>\n<strong>Material principal del cuerpo de la l\u00e1mpara.<\/strong>:hierro<\/li>\n<li>\n<strong>Material principal de la pantalla de la l\u00e1mpara<\/strong>:Vaso<\/li>\n<li>\n<strong>Voltaje<\/strong>:111 V ~ 240 V (inclusive)<\/li>\n<li>\n<strong>N\u00famero de accesorios<\/strong>:1<\/li>\n<li>\n<strong>Forma de la l\u00e1mpara<\/strong>:L\u00e1mpara de ara\u00f1a de l\u00ednea de pescado<\/li>\n<li>\n<strong>Ya sea control inteligente<\/strong>:S\u00ed<\/li>\n<li>\n<strong>N\u00famero de cabezales de l\u00e1mpara<\/strong>:1<\/li>\n<li>\n<strong>Material auxiliar del cuerpo de la l\u00e1mpara<\/strong>:hierro<\/li>\n<li>\n<strong>Servicio en la ciudad<\/strong>:Los compradores de la misma ciudad recogen la mercanc\u00eda en casa.<\/li>\n<li>\n<strong>Componentes certificados 3c<\/strong>:lamp<\/li>\n<li>\n<strong>Per\u00edodo de garant\u00eda<\/strong>:3 a\u00f1os<\/li>\n<li>\n<strong>\u00c1rea de irradiaci\u00f3n<\/strong>:10\u33a1-18\u33a1<\/li>\n<li>\n<strong>\u00bfLa l\u00e1mpara tiene una fuente de luz?<\/strong>:S\u00ed<\/li>\n<li>\n<strong>tipo de fuente de luz<\/strong>:Luces LED<\/li>\n<li>\n<strong>N\u00famero de fuentes de luz<\/strong>:1<\/li>\n<li>\n<strong>Tecnolog\u00eda<\/strong>:Hand blown glass<\/li>\n<li>\n<strong>ordenar por color<\/strong>:BC small combination + ash glass (stepless dimming), A + ash glass, B large + ash glass, C large + ash glass, D + ash glass, A + amber glass, B large + amber glass, C large + amber glass, D + amber glass, diameter 20CM small B + ash glass, diameter 20CM small B + amber glass, diameter 20CM small C + ash glass, diameter 20CM small C + amber glass, long plate combination + ash glass, round plate combination + ash glass, long plate combination + amber glass, round plate combination + amber glass, multi-head combination or need black hardware contact customer service, A + ash glass (stepless dimming), B large + ash glass (stepless dimming), C Large size + ash glass (stepless dimming), D type + ash glass (stepless dimming), A type + amber glass (stepless dimming), B type large size + amber glass (stepless dimming), C type large size + amber glass (stepless dimming), D type + amber glass (stepless dimming), diameter 20CM small type B + ash glass (stepless dimming), diameter 20CM small type B + amber glass (stepless dimming), diameter 20CM small type C + ash glass (stepless dimming), diameter 20CM small type C + amber glass (stepless dimming), long plate combination + ash glass (stepless dimming), long plate combination + amber glass (stepless dimming), disc combination + smoky gray glass (stepless dimming), disc combination + amber glass (stepless dimming)<\/li>\n<li>\n<strong>marca<\/strong>:otro\/otro<\/li>\n<li>\n<strong>modelo<\/strong>:chandelier<\/li>\n<li>\n<strong>Modelo de componente certificado 3c<\/strong>:lamp<\/li>\n<li>\n<strong>Tipo de control<\/strong>:Ordinary remote control, Tmall Genie, Other, Mijia Smart, Smart voice control<\/li>\n<li>\n<strong>Tipo inteligente<\/strong>:Conectado a Tmall Genie<\/li>\n<li>\n<strong>Material auxiliar para pantallas de l\u00e1mparas<\/strong>:Vaso<\/li>\n<li>\n<strong>Origen<\/strong>:China continental<\/li>\n<li>\n<strong>Valor K de la temperatura de color de la fuente de luz<\/strong>:3000K-6000K<\/li>\n<li>\n<strong>Temperatura de color<\/strong>:Luz tricolor<\/li>\n<li>\n<strong>N\u00famero de certificado 3C<\/strong>:2020011001344584<\/li>\n<li>\n<strong><\/strong>:<\/li>\n<\/ul>","protected":false},"excerpt":{"rendered":"<p>style:Simple and modern Chandelier Type:Glass Chandelier Main material of lamp body:iron Lampshade main material:Glass Voltage:111V~240V (inclusive) Number of accessories:1 Lamp<\/p>","protected":false},"featured_media":132285,"comment_status":"open","ping_status":"closed","template":"","meta":[],"product_brand":[],"product_cat":[30971,30864],"product_tag":[],"class_list":{"0":"post-72456","1":"product","2":"type-product","3":"status-publish","4":"has-post-thumbnail","6":"product_cat-hp","7":"product_cat-new-wholesales-lights","9":"first","10":"instock","11":"taxable","12":"shipping-taxable","13":"purchasable","14":"product-type-variable"},"_links":{"self":[{"href":"https:\/\/nexgendecors.com\/es\/wp-json\/wp\/v2\/product\/72456","targetHints":{"allow":["GET"]}}],"collection":[{"href":"https:\/\/nexgendecors.com\/es\/wp-json\/wp\/v2\/product"}],"about":[{"href":"https:\/\/nexgendecors.com\/es\/wp-json\/wp\/v2\/types\/product"}],"replies":[{"embeddable":true,"href":"https:\/\/nexgendecors.com\/es\/wp-json\/wp\/v2\/comments?post=72456"}],"version-history":[{"count":0,"href":"https:\/\/nexgendecors.com\/es\/wp-json\/wp\/v2\/product\/72456\/revisions"}],"wp:featuredmedia":[{"embeddable":true,"href":"https:\/\/nexgendecors.com\/es\/wp-json\/wp\/v2\/media\/132285"}],"wp:attachment":[{"href":"https:\/\/nexgendecors.com\/es\/wp-json\/wp\/v2\/media?parent=72456"}],"wp:term":[{"taxonomy":"product_brand","embeddable":true,"href":"https:\/\/nexgendecors.com\/es\/wp-json\/wp\/v2\/product_brand?post=72456"},{"taxonomy":"product_cat","embeddable":true,"href":"https:\/\/nexgendecors.com\/es\/wp-json\/wp\/v2\/product_cat?post=72456"},{"taxonomy":"product_tag","embeddable":true,"href":"https:\/\/nexgendecors.com\/es\/wp-json\/wp\/v2\/product_tag?post=72456"}],"curies":[{"name":"wp","href":"https:\/\/api.w.org\/{rel}","templated":true}]}}