{"id":72491,"date":"2025-01-26T03:24:27","date_gmt":"2025-01-26T03:24:27","guid":{"rendered":"https:\/\/nexgendecors.com\/product\/nordic-internet-celebrity-reception-sofa-coffee-table-combination-home-balcony-leisure-single-sofa-business-negotiation-table-and-chair\/"},"modified":"2025-04-06T09:20:09","modified_gmt":"2025-04-06T09:20:09","slug":"combinacion-de-sofa-y-mesa-de-centro-para-recepcion-de-celebridades-de-internet-nordicas-balcon-hogar-ocio-sofa-individual-mesa-y-silla-de-negociacion-comercial","status":"publish","type":"product","link":"https:\/\/nexgendecors.com\/es\/product\/combinacion-de-sofa-y-mesa-de-centro-para-recepcion-de-celebridades-de-internet-nordicas-balcon-hogar-ocio-sofa-individual-mesa-y-silla-de-negociacion-comercial\/","title":{"rendered":"Conjunto de sof\u00e1 y mesa de centro de estilo n\u00f3rdico para relajarse en el balc\u00f3n"},"content":{"rendered":"<ul>\n<li>\n<strong>marca<\/strong>:Yingdu (muebles residenciales)<\/li>\n<li>\n<strong>modelo<\/strong>:cfzx002<\/li>\n<li>\n<strong>Material<\/strong>:Madera<\/li>\n<li>\n<strong>Material de madera<\/strong>:otro<\/li>\n<li>\n<strong>estilo<\/strong>:Estilo de lujo ligero<\/li>\n<li>\n<strong>N\u00famero de personas aplicable<\/strong>:Doble<\/li>\n<li>\n<strong>ordenar por color<\/strong>:1 mesa 2 sillas azul 1 mesa 2 sillas verde oscuro 1 mesa 2 sillas caf\u00e9 1 mesa 2 sillas gris 1 mesa 2 sillas naranja 1 mesa 2 sillas amarilla<\/li>\n<li>\n<strong>Relleno<\/strong>:esponja<\/li>\n<li>\n<strong>Tecnolog\u00eda estructural<\/strong>:Artesan\u00eda en madera<\/li>\n<li>\n<strong>\u00bfEs personalizable?<\/strong>:S\u00ed<\/li>\n<li>\n<strong>Combinaci\u00f3n de sof\u00e1s<\/strong>:Forma de U<\/li>\n<li>\n<strong>Adecuado<\/strong>:Adultos<\/li>\n<li>\n<strong>\u00bfHay espacio de almacenamiento?<\/strong>:No<\/li>\n<li>\n<strong>Material de cuero<\/strong>:PU<\/li>\n<li>\n<strong>Armar<\/strong>:S\u00ed<\/li>\n<li>\n<strong>volumen del paquete<\/strong>:0.6<\/li>\n<li>\n<strong>\u00bfEst\u00e1 disponible la preventa?<\/strong>:S\u00ed<\/li>\n<li>\n<strong>\u00bfHay taxi disponible para transporte?<\/strong>:S\u00ed<\/li>\n<li>\n<strong>Dureza del relleno<\/strong>:suave<\/li>\n<li>\n<strong>Posicionamiento de estilo<\/strong>:Lujo de calidad<\/li>\n<li>\n<strong>Gama de acabados de cuero<\/strong>:Cuero<\/li>\n<\/ul>\n<p><img><\/p>","protected":false},"excerpt":{"rendered":"<p>brand:Yingdu (residential furniture) model:cfzx002 Material:Wood Wood material:other style:Light luxury style Applicable number of people:Double sort by color:1 table 2 chairs<\/p>","protected":false},"featured_media":132290,"comment_status":"open","ping_status":"closed","template":"","meta":[],"product_brand":[],"product_cat":[30862,30971,30859,30860,30850],"product_tag":[],"class_list":{"0":"post-72491","1":"product","2":"type-product","3":"status-publish","4":"has-post-thumbnail","6":"product_cat-wholesales-hotels","7":"product_cat-hp","8":"product_cat-wholesale-office","9":"product_cat-wholesale-restaurant","10":"product_cat-wholesale-furniture","12":"first","13":"instock","14":"taxable","15":"shipping-taxable","16":"purchasable","17":"product-type-variable"},"_links":{"self":[{"href":"https:\/\/nexgendecors.com\/es\/wp-json\/wp\/v2\/product\/72491","targetHints":{"allow":["GET"]}}],"collection":[{"href":"https:\/\/nexgendecors.com\/es\/wp-json\/wp\/v2\/product"}],"about":[{"href":"https:\/\/nexgendecors.com\/es\/wp-json\/wp\/v2\/types\/product"}],"replies":[{"embeddable":true,"href":"https:\/\/nexgendecors.com\/es\/wp-json\/wp\/v2\/comments?post=72491"}],"version-history":[{"count":0,"href":"https:\/\/nexgendecors.com\/es\/wp-json\/wp\/v2\/product\/72491\/revisions"}],"wp:featuredmedia":[{"embeddable":true,"href":"https:\/\/nexgendecors.com\/es\/wp-json\/wp\/v2\/media\/132290"}],"wp:attachment":[{"href":"https:\/\/nexgendecors.com\/es\/wp-json\/wp\/v2\/media?parent=72491"}],"wp:term":[{"taxonomy":"product_brand","embeddable":true,"href":"https:\/\/nexgendecors.com\/es\/wp-json\/wp\/v2\/product_brand?post=72491"},{"taxonomy":"product_cat","embeddable":true,"href":"https:\/\/nexgendecors.com\/es\/wp-json\/wp\/v2\/product_cat?post=72491"},{"taxonomy":"product_tag","embeddable":true,"href":"https:\/\/nexgendecors.com\/es\/wp-json\/wp\/v2\/product_tag?post=72491"}],"curies":[{"name":"wp","href":"https:\/\/api.w.org\/{rel}","templated":true}]}}