{"id":72548,"date":"2025-01-26T03:24:34","date_gmt":"2025-01-26T03:24:34","guid":{"rendered":"https:\/\/nexgendecors.com\/product\/nordic-leisure-outdoor-sofa-sun-room-aluminum-alloy-villa-garden-sunscreen-waterproof-hotel-terrace-creative-furniture\/"},"modified":"2025-04-06T09:20:26","modified_gmt":"2025-04-06T09:20:26","slug":"nordic-leisure-outdoor-sofa-sun-room-aluminum-alloy-villa-garden-sunscreen-waterproof-hotel-terrace-creative-furniture","status":"publish","type":"product","link":"https:\/\/nexgendecors.com\/es\/product\/nordic-leisure-outdoor-sofa-sun-room-aluminum-alloy-villa-garden-sunscreen-waterproof-hotel-terrace-creative-furniture\/","title":{"rendered":"Nordic Aluminum Outdoor Sofa &#8211; Waterproof &#038; Stylish"},"content":{"rendered":"<ul>\n<li>\n<strong>\u00bfHay espacio de almacenamiento?<\/strong>:No<\/li>\n<li>\n<strong>estilo<\/strong>:Europa del Norte<\/li>\n<li>\n<strong>Armar<\/strong>:No<\/li>\n<li>\n<strong>Distritos y condados<\/strong>Distrito de Chancheng<\/li>\n<li>\n<strong>\u00bfEst\u00e1 disponible la preventa?<\/strong>:S\u00ed<\/li>\n<li>\n<strong>\u00bfEs reemplazable?<\/strong>:Funda de sof\u00e1 extra\u00edble<\/li>\n<li>\n<strong>Caracter\u00edsticas adicionales<\/strong>:puede moverse<\/li>\n<li>\n<strong>volumen del paquete<\/strong>:1<\/li>\n<li>\n<strong>Relleno<\/strong>:esponja<\/li>\n<li>\n<strong>Combinaci\u00f3n de sof\u00e1s<\/strong>:Forma de L<\/li>\n<li>\n<strong>Estructura del mobiliario<\/strong>:Estructura<\/li>\n<li>\n<strong>Frame material<\/strong>:Metal<\/li>\n<li>\n<strong>ordenar por color<\/strong>:Single sofa, double sofa, double right armrest, double left armrest, double without armrest, long coffee table, square coffee table, footrest<\/li>\n<li>\n<strong>Peso bruto<\/strong>:15<\/li>\n<li>\n<strong>marca<\/strong>:otro\/otro<\/li>\n<li>\n<strong>modelo<\/strong>:OPR-196<\/li>\n<li>\n<strong>elementos populares<\/strong>:Metal<\/li>\n<li>\n<strong>Dureza del relleno<\/strong>:hard<\/li>\n<li>\n<strong>Tecnolog\u00eda estructural<\/strong>:Metalurgia<\/li>\n<li>\n<strong>Tecnolog\u00eda de acabado<\/strong>:Metalurgia<\/li>\n<li>\n<strong>Material met\u00e1lico<\/strong>:Aleaci\u00f3n de aluminio<\/li>\n<li>\n<strong>\u00bfEs personalizable?<\/strong>:S\u00ed<\/li>\n<li>\n<strong>Tecnolog\u00eda de estructura de madera<\/strong>:otro<\/li>\n<li>\n<strong>Material de rat\u00e1n<\/strong>:otro<\/li>\n<li>\n<strong>Tecnolog\u00eda de estructuras met\u00e1licas<\/strong>:soldadura<\/li>\n<li>\n<strong>\u00bfEs desmontable y lavable?<\/strong>:S\u00ed<\/li>\n<li>\n<strong>Detalles de las instrucciones de instalaci\u00f3n<\/strong>:No hay instrucciones de instalaci\u00f3n<\/li>\n<li>\n<strong>Artesan\u00eda con estructura de bamb\u00fa y rat\u00e1n<\/strong>:Envase<\/li>\n<li>\n<strong>N\u00famero de personas aplicable<\/strong>:otro<\/li>\n<li>\n<strong>patr\u00f3n<\/strong>:Arte<\/li>\n<li>\n<strong>\u00bfHay taxi disponible para transporte?<\/strong>:No<\/li>\n<li>\n<strong>Entrega\/instalaci\u00f3n disponible<\/strong>:Foshan City, Dongguan City<\/li>\n<li>\n<strong>Material de madera<\/strong>:otro<\/li>\n<li>\n<strong><\/strong>:<\/li>\n<\/ul>\n<p><img><\/p>","protected":false},"excerpt":{"rendered":"<p>\u00bfHay espacio de almacenamiento?: no Estilo: Europa del Norte Ensamblar: no Distritos y condados: Distrito de Chancheng \u00bfHay preventa disponible?: s\u00ed \u00bfEs reemplazable?: Funda de sof\u00e1 removible Adicional<\/p>","protected":false},"featured_media":132331,"comment_status":"open","ping_status":"closed","template":"","meta":[],"product_brand":[],"product_cat":[30971,30856],"product_tag":[],"class_list":{"0":"post-72548","1":"product","2":"type-product","3":"status-publish","4":"has-post-thumbnail","6":"product_cat-hp","7":"product_cat-outdoor-furniture","9":"first","10":"instock","11":"sale","12":"taxable","13":"shipping-taxable","14":"purchasable","15":"product-type-variable"},"_links":{"self":[{"href":"https:\/\/nexgendecors.com\/es\/wp-json\/wp\/v2\/product\/72548","targetHints":{"allow":["GET"]}}],"collection":[{"href":"https:\/\/nexgendecors.com\/es\/wp-json\/wp\/v2\/product"}],"about":[{"href":"https:\/\/nexgendecors.com\/es\/wp-json\/wp\/v2\/types\/product"}],"replies":[{"embeddable":true,"href":"https:\/\/nexgendecors.com\/es\/wp-json\/wp\/v2\/comments?post=72548"}],"version-history":[{"count":0,"href":"https:\/\/nexgendecors.com\/es\/wp-json\/wp\/v2\/product\/72548\/revisions"}],"wp:featuredmedia":[{"embeddable":true,"href":"https:\/\/nexgendecors.com\/es\/wp-json\/wp\/v2\/media\/132331"}],"wp:attachment":[{"href":"https:\/\/nexgendecors.com\/es\/wp-json\/wp\/v2\/media?parent=72548"}],"wp:term":[{"taxonomy":"product_brand","embeddable":true,"href":"https:\/\/nexgendecors.com\/es\/wp-json\/wp\/v2\/product_brand?post=72548"},{"taxonomy":"product_cat","embeddable":true,"href":"https:\/\/nexgendecors.com\/es\/wp-json\/wp\/v2\/product_cat?post=72548"},{"taxonomy":"product_tag","embeddable":true,"href":"https:\/\/nexgendecors.com\/es\/wp-json\/wp\/v2\/product_tag?post=72548"}],"curies":[{"name":"wp","href":"https:\/\/api.w.org\/{rel}","templated":true}]}}