{"id":72610,"date":"2025-01-26T03:24:44","date_gmt":"2025-01-26T03:24:44","guid":{"rendered":"https:\/\/nexgendecors.com\/product\/nordic-light-luxury-dessert-tea-shop-negotiation-table-and-chair-combination-cafe-leisure-beauty-salon-reception-clothing-store-chair\/"},"modified":"2025-04-06T09:20:39","modified_gmt":"2025-04-06T09:20:39","slug":"nordic-light-luxury-dessert-tea-shop-negotiation-table-and-chair-combination-cafe-leisure-beauty-salon-reception-clothing-store-chair","status":"publish","type":"product","link":"https:\/\/nexgendecors.com\/es\/product\/nordic-light-luxury-dessert-tea-shop-negotiation-table-and-chair-combination-cafe-leisure-beauty-salon-reception-clothing-store-chair\/","title":{"rendered":"Conjunto de silla y mesa de lujo para cafeter\u00eda y sal\u00f3n Nordic Light"},"content":{"rendered":"<ul>\n<li>\n<strong>marca<\/strong>:Zhongmin Yunshang<\/li>\n<li>\n<strong>modelo<\/strong>:ZMYS0170<\/li>\n<li>\n<strong>Funci\u00f3n<\/strong>:Free combination<\/li>\n<li>\n<strong>Material<\/strong>:Metal<\/li>\n<li>\n<strong>forma<\/strong>:Redondo<\/li>\n<li>\n<strong>Origen<\/strong>:Provincia de Fujian<\/li>\n<li>\n<strong>N\u00famero de personas aplicable<\/strong>:Menos de 5 personas<\/li>\n<li>\n<strong>ordenar por color<\/strong>:Round table diameter 60 4 Meilin chairs + 1 round table 60 (Pearl White) Meilin chair (color notes) 4 Meilin chairs + 1 round table 60 (Girl Pink) 2 Meilin chairs + 1 round table 60 (Sky Blue) 4 Meilin chairs + 1 round table 60 (Sky Blue) 3 Meilin chairs + 1 round table 60 (Sky Blue) Color selection 3 Meilin chairs + 1 round table 60 (Elegant Gray) 4 Meilin chairs + 1 round table 60 (Emerald) 2 Meilin chairs + 1 round table 60 (Pearl White) Red Lip Chair (Color Notes) Peacock Chair (Color Notes) 3 Meilin Chairs + 1 Round Table 60 (Girl Pink) 3 Meilin Chairs + 1 Round Table 60 (Pearl White) 4 Meilin Chairs + 1 Round Table 60 (Elegant Gray) 2 Meilin Chairs + 1 Round Table 60 (Girl Pink) 3 Meilin chairs + 1 round table 60 (Emerald) 2 Meilin chairs + 1 round table 60 (Elegant Gray) 2 Meilin chairs + 1 round table 60 (Emerald)<\/li>\n<li>\n<strong>Normas ambientales<\/strong>:dise\u00f1o verde<\/li>\n<li>\n<strong>\u00bfEs personalizable?<\/strong>:No<\/li>\n<li>\n<strong>Armar<\/strong>:S\u00ed<\/li>\n<li>\n<strong>\u00bfHay taxi disponible para transporte?<\/strong>:No<\/li>\n<li>\n<strong>Detalles de las instrucciones de instalaci\u00f3n<\/strong>:Proporcione instrucciones de instalaci\u00f3n<\/li>\n<li>\n<strong>Tama\u00f1o del paquete<\/strong>:0x0x0mm<\/li>\n<li>\n<strong>longitud<\/strong>:0cm<\/li>\n<li>\n<strong>Peso del paquete<\/strong>:0 kg<\/li>\n<\/ul>","protected":false},"excerpt":{"rendered":"<p>Marca: Zhongmin Yunshang Modelo: ZMYS0170 Funci\u00f3n: Combinaci\u00f3n libre Material: Metal Forma: Redonda Origen: Provincia de Fujian N\u00famero aplicable de personas: Menos de 5 personas Ordenar por color: Mesa redonda<\/p>","protected":false},"featured_media":132391,"comment_status":"open","ping_status":"closed","template":"","meta":[],"product_brand":[],"product_cat":[30862,30971,30860,30865],"product_tag":[],"class_list":{"0":"post-72610","1":"product","2":"type-product","3":"status-publish","4":"has-post-thumbnail","6":"product_cat-wholesales-hotels","7":"product_cat-hp","8":"product_cat-wholesale-restaurant","9":"product_cat-wholesales-salons-shops","11":"first","12":"instock","13":"sale","14":"taxable","15":"shipping-taxable","16":"purchasable","17":"product-type-variable"},"_links":{"self":[{"href":"https:\/\/nexgendecors.com\/es\/wp-json\/wp\/v2\/product\/72610","targetHints":{"allow":["GET"]}}],"collection":[{"href":"https:\/\/nexgendecors.com\/es\/wp-json\/wp\/v2\/product"}],"about":[{"href":"https:\/\/nexgendecors.com\/es\/wp-json\/wp\/v2\/types\/product"}],"replies":[{"embeddable":true,"href":"https:\/\/nexgendecors.com\/es\/wp-json\/wp\/v2\/comments?post=72610"}],"version-history":[{"count":0,"href":"https:\/\/nexgendecors.com\/es\/wp-json\/wp\/v2\/product\/72610\/revisions"}],"wp:featuredmedia":[{"embeddable":true,"href":"https:\/\/nexgendecors.com\/es\/wp-json\/wp\/v2\/media\/132391"}],"wp:attachment":[{"href":"https:\/\/nexgendecors.com\/es\/wp-json\/wp\/v2\/media?parent=72610"}],"wp:term":[{"taxonomy":"product_brand","embeddable":true,"href":"https:\/\/nexgendecors.com\/es\/wp-json\/wp\/v2\/product_brand?post=72610"},{"taxonomy":"product_cat","embeddable":true,"href":"https:\/\/nexgendecors.com\/es\/wp-json\/wp\/v2\/product_cat?post=72610"},{"taxonomy":"product_tag","embeddable":true,"href":"https:\/\/nexgendecors.com\/es\/wp-json\/wp\/v2\/product_tag?post=72610"}],"curies":[{"name":"wp","href":"https:\/\/api.w.org\/{rel}","templated":true}]}}