{"id":72631,"date":"2025-01-26T03:24:46","date_gmt":"2025-01-26T03:24:46","guid":{"rendered":"https:\/\/nexgendecors.com\/product\/nordic-light-luxury-cafe-dining-chair-net-red-acrylic-designer-backrest-chair-negotiation-chair-transparent-crystal-chair-stool\/"},"modified":"2025-04-06T09:20:43","modified_gmt":"2025-04-06T09:20:43","slug":"nordic-light-luxury-cafe-dining-chair-net-red-acrylic-designer-backrest-chair-negotiation-chair-transparent-crystal-chair-stool","status":"publish","type":"product","link":"https:\/\/nexgendecors.com\/es\/product\/nordic-light-luxury-cafe-dining-chair-net-red-acrylic-designer-backrest-chair-negotiation-chair-transparent-crystal-chair-stool\/","title":{"rendered":"Silla de comedor n\u00f3rdica de acr\u00edlico: dise\u00f1o elegante y transparente"},"content":{"rendered":"<ul>\n<li>\n<strong>marca<\/strong>:otro\/otro<\/li>\n<li>\n<strong>modelo<\/strong>:TGH6598<\/li>\n<li>\n<strong>Material<\/strong>:Metal<\/li>\n<li>\n<strong>Material met\u00e1lico<\/strong>:otro<\/li>\n<li>\n<strong>estilo<\/strong>:Europa del Norte<\/li>\n<li>\n<strong>elementos populares<\/strong>:Master design, special shape, folk custom, mirror<\/li>\n<li>\n<strong>ordenar por color<\/strong>:Glacier blue [non-liftable] carbon steel electroplating feet, mulberry yellow [non-liftable] carbon steel electroplating feet, amber gold [non-liftable] carbon steel electroplating feet, fog gray [non-liftable] carbon steel electroplating feet, transparent color [non-liftable] carbon steel electroplating feet, glacier blue-white four-claw feet [liftable] aluminum alloy feet, mulberry yellow-white four-claw feet [liftable] aluminum alloy feet, amber gold-white four-claw feet [liftable] aluminum alloy feet, fog gray-white four-claw feet [liftable] aluminum alloy feet, transparent color-white four-claw feet [liftable] aluminum alloy feet, glacier blue-white roller Casters [liftable] aluminum alloy feet, amber gold-white roller feet [liftable] aluminum alloy feet, mulberry yellow-white roller feet [liftable] aluminum alloy feet, fog gray-white roller feet [liftable] aluminum alloy feet, transparent-white roller feet [liftable] aluminum alloy feet, glacier blue-black roller feet [liftable] aluminum alloy feet, mulberry yellow-black roller feet [liftable] aluminum alloy feet, amber gold-black roller feet [liftable] aluminum alloy feet, fog gray-black roller feet [liftable] aluminum alloy feet, transparent-black roller feet [liftable] aluminum alloy feet<\/li>\n<li>\n<strong>Material de acabado<\/strong>:PC<\/li>\n<li>\n<strong>Altura del respaldo<\/strong>:125 mm y menos<\/li>\n<li>\n<strong>\u00bfEs personalizable?<\/strong>:No<\/li>\n<li>\n<strong>\u00bfEs giratorio?<\/strong>:S\u00ed<\/li>\n<li>\n<strong>\u00bfHay pasamanos?<\/strong>:S\u00ed<\/li>\n<li>\n<strong>Caracter\u00edsticas adicionales<\/strong>:Levantable<\/li>\n<li>\n<strong>Adecuado<\/strong>:Adultos<\/li>\n<li>\n<strong>Entrega\/instalaci\u00f3n disponible<\/strong>:Shanghai, Otros, Beijing, Nanjing, Nanchang, Harbin, Dalian, Tianjin, Ningbo, Guangzhou, Chengdu, Hangzhou, Wuhan, Shenyang, Shenzhen, Wenzhou, Suzhou, Xi&#039;an, Guiyang, Zhengzhou, Chongqing, Jinhua, Changsha, Dongguan, Fuzhou, Qingdao, Wuxi, Taizhou, Changzhou, Foshan, Xiamen, Nanning<\/li>\n<li>\n<strong>Armar<\/strong>:S\u00ed<\/li>\n<li>\n<strong>\u00bfEl asiento est\u00e1 tapizado?<\/strong>:No<\/li>\n<li>\n<strong>\u00bfHay taxi disponible para transporte?<\/strong>:S\u00ed<\/li>\n<li>\n<strong>Posicionamiento de estilo<\/strong>:Estilo art\u00edstico<\/li>\n<li>\n<strong>Detalles de las instrucciones de instalaci\u00f3n<\/strong>:Proporcione herramientas de instalaci\u00f3n sencillas<\/li>\n<\/ul>","protected":false},"excerpt":{"rendered":"<p>Marca: otro\/otro Modelo: TGH6598 Material: Metal Material met\u00e1lico: otro Estilo: Norte de Europa Elementos populares: Dise\u00f1o maestro, forma especial, costumbre popular, espejo Ordenar por color: Azul glaciar [no elevable]<\/p>","protected":false},"featured_media":132399,"comment_status":"open","ping_status":"closed","template":"","meta":[],"product_brand":[],"product_cat":[30855,30852,30971,30860],"product_tag":[],"class_list":{"0":"post-72631","1":"product","2":"type-product","3":"status-publish","4":"has-post-thumbnail","6":"product_cat-wholesale-chairs","7":"product_cat-dining-set","8":"product_cat-hp","9":"product_cat-wholesale-restaurant","11":"first","12":"instock","13":"sale","14":"taxable","15":"shipping-taxable","16":"purchasable","17":"product-type-variable"},"_links":{"self":[{"href":"https:\/\/nexgendecors.com\/es\/wp-json\/wp\/v2\/product\/72631","targetHints":{"allow":["GET"]}}],"collection":[{"href":"https:\/\/nexgendecors.com\/es\/wp-json\/wp\/v2\/product"}],"about":[{"href":"https:\/\/nexgendecors.com\/es\/wp-json\/wp\/v2\/types\/product"}],"replies":[{"embeddable":true,"href":"https:\/\/nexgendecors.com\/es\/wp-json\/wp\/v2\/comments?post=72631"}],"version-history":[{"count":0,"href":"https:\/\/nexgendecors.com\/es\/wp-json\/wp\/v2\/product\/72631\/revisions"}],"wp:featuredmedia":[{"embeddable":true,"href":"https:\/\/nexgendecors.com\/es\/wp-json\/wp\/v2\/media\/132399"}],"wp:attachment":[{"href":"https:\/\/nexgendecors.com\/es\/wp-json\/wp\/v2\/media?parent=72631"}],"wp:term":[{"taxonomy":"product_brand","embeddable":true,"href":"https:\/\/nexgendecors.com\/es\/wp-json\/wp\/v2\/product_brand?post=72631"},{"taxonomy":"product_cat","embeddable":true,"href":"https:\/\/nexgendecors.com\/es\/wp-json\/wp\/v2\/product_cat?post=72631"},{"taxonomy":"product_tag","embeddable":true,"href":"https:\/\/nexgendecors.com\/es\/wp-json\/wp\/v2\/product_tag?post=72631"}],"curies":[{"name":"wp","href":"https:\/\/api.w.org\/{rel}","templated":true}]}}