{"id":72865,"date":"2025-01-26T03:25:08","date_gmt":"2025-01-26T03:25:08","guid":{"rendered":"https:\/\/nexgendecors.com\/product\/nordic-light-luxury-leather-dining-table-and-chairs-industrial-style-shoe-bench-bed-end-bench-simple-modern-with-backrest-bench-bench\/"},"modified":"2025-04-06T09:21:04","modified_gmt":"2025-04-06T09:21:04","slug":"mesa-de-comedor-y-sillas-de-cuero-de-lujo-con-luz-nordica-estilo-industrial-banco-para-zapatos-banco-para-el-extremo-de-la-cama-simple-y-moderno-con-respaldo","status":"publish","type":"product","link":"https:\/\/nexgendecors.com\/es\/product\/mesa-de-comedor-y-sillas-de-cuero-de-lujo-con-luz-nordica-estilo-industrial-banco-para-zapatos-banco-para-el-extremo-de-la-cama-simple-y-moderno-con-respaldo\/","title":{"rendered":"Juego de comedor y banco de cuero de lujo Nordic Light"},"content":{"rendered":"<ul>\n<li>\n<strong>marca<\/strong>:otro\/otro<\/li>\n<li>\n<strong>modelo<\/strong>:20239688686<\/li>\n<li>\n<strong>estilo<\/strong>:Simple y moderno<\/li>\n<li>\n<strong>ciudad<\/strong>:Llevar a la fuerza<\/li>\n<li>\n<strong>Armar<\/strong>:S\u00ed<\/li>\n<li>\n<strong>Adecuado<\/strong>:Adultos<\/li>\n<li>\n<strong>Material de acabado<\/strong>:otro<\/li>\n<li>\n<strong>Tecnolog\u00eda estructural<\/strong>:Artesan\u00eda en madera<\/li>\n<li>\n<strong>Tecnolog\u00eda de estructura de madera<\/strong>:otro<\/li>\n<li>\n<strong>Tecnolog\u00eda de acabado<\/strong>:Artesan\u00eda del cuero<\/li>\n<li>\n<strong>Proceso de acabado del cuero<\/strong>:otro<\/li>\n<li>\n<strong>\u00bfEs personalizable?<\/strong>:S\u00ed<\/li>\n<li>\n<strong>Material<\/strong>:Madera<\/li>\n<li>\n<strong>Material de madera<\/strong>:otro<\/li>\n<li>\n<strong>Detalles de las instrucciones de instalaci\u00f3n<\/strong>:No hay instrucciones de instalaci\u00f3n<\/li>\n<li>\n<strong>Origen<\/strong>:Llevar a la fuerza<\/li>\n<li>\n<strong>\u00bfHay taxi disponible para transporte?<\/strong>:No<\/li>\n<li>\n<strong>Posicionamiento de estilo<\/strong>:Lujo de calidad<\/li>\n<li>\n<strong>ordenar por color<\/strong>:1,2 metros (pu), 1,4 metros (pu), 1,5 metros (pu), 1,6 metros (pu), 1,8 metros (pu), 1,2 microfibra, 1,4 microfibra, 1,5 microfibra, 1,6 microfibra, 1,8 microfibra, 1,2 cuero, 1,4 cuero, 1,5 cuero, 1,6 cuero, 1,8 cuero, 100*40*45, 110*40*45, 120*40*45, 140*40*45, 150*40*45, 160*40*45, 170*40*45, 180*40*45, personalizado<\/li>\n<li>\n<strong><\/strong>:<\/li>\n<\/ul>","protected":false},"excerpt":{"rendered":"<p>Marca: otro\/otro Modelo: 20239688686 Estilo: sencillo y moderno Ciudad: Shangh\u00e1i Ensamblaje: s\u00ed Adecuado para: adultos Material de acabado: otro Tecnolog\u00eda estructural: artesan\u00eda en madera Tecnolog\u00eda de estructura de madera: otra Tecnolog\u00eda de acabado: artesan\u00eda en cuero Cuero<\/p>","protected":false},"featured_media":132499,"comment_status":"open","ping_status":"closed","template":"","meta":[],"product_brand":[],"product_cat":[30971,30850],"product_tag":[15654],"class_list":{"0":"post-72865","1":"product","2":"type-product","3":"status-publish","4":"has-post-thumbnail","6":"product_cat-hp","7":"product_cat-wholesale-furniture","8":"product_tag-taobao","10":"first","11":"instock","12":"sale","13":"taxable","14":"shipping-taxable","15":"purchasable","16":"product-type-variable"},"_links":{"self":[{"href":"https:\/\/nexgendecors.com\/es\/wp-json\/wp\/v2\/product\/72865","targetHints":{"allow":["GET"]}}],"collection":[{"href":"https:\/\/nexgendecors.com\/es\/wp-json\/wp\/v2\/product"}],"about":[{"href":"https:\/\/nexgendecors.com\/es\/wp-json\/wp\/v2\/types\/product"}],"replies":[{"embeddable":true,"href":"https:\/\/nexgendecors.com\/es\/wp-json\/wp\/v2\/comments?post=72865"}],"version-history":[{"count":0,"href":"https:\/\/nexgendecors.com\/es\/wp-json\/wp\/v2\/product\/72865\/revisions"}],"wp:featuredmedia":[{"embeddable":true,"href":"https:\/\/nexgendecors.com\/es\/wp-json\/wp\/v2\/media\/132499"}],"wp:attachment":[{"href":"https:\/\/nexgendecors.com\/es\/wp-json\/wp\/v2\/media?parent=72865"}],"wp:term":[{"taxonomy":"product_brand","embeddable":true,"href":"https:\/\/nexgendecors.com\/es\/wp-json\/wp\/v2\/product_brand?post=72865"},{"taxonomy":"product_cat","embeddable":true,"href":"https:\/\/nexgendecors.com\/es\/wp-json\/wp\/v2\/product_cat?post=72865"},{"taxonomy":"product_tag","embeddable":true,"href":"https:\/\/nexgendecors.com\/es\/wp-json\/wp\/v2\/product_tag?post=72865"}],"curies":[{"name":"wp","href":"https:\/\/api.w.org\/{rel}","templated":true}]}}