{"id":72928,"date":"2025-01-26T03:25:18","date_gmt":"2025-01-26T03:25:18","guid":{"rendered":"https:\/\/nexgendecors.com\/product\/nordic-light-luxury-mothers-embrace-sofa-net-celebrity-designer-creative-simple-living-room-balcony-single-sofa-chair\/"},"modified":"2025-04-06T09:21:12","modified_gmt":"2025-04-06T09:21:12","slug":"sofa-nordico-ligero-de-lujo-con-diseno-de-madres-ideal-para-el-hogar-con-diseno-de-celebridades-creativo-sencillo-para-sala-de-estar-balcon-sofa-individual","status":"publish","type":"product","link":"https:\/\/nexgendecors.com\/es\/product\/sofa-nordico-ligero-de-lujo-con-diseno-de-madres-ideal-para-el-hogar-con-diseno-de-celebridades-creativo-sencillo-para-sala-de-estar-balcon-sofa-individual\/","title":{"rendered":"Silla n\u00f3rdica ligera de lujo Mother&#039;s Embrace: comodidad y estilo"},"content":{"rendered":"<ul>\n<li>\n<strong>marca<\/strong>: Fei Shang Li Jia<\/li>\n<li>\n<strong>modelo<\/strong>:FSLJ-MMHB<\/li>\n<li>\n<strong>\u00bfHay espacio de almacenamiento?<\/strong>:No<\/li>\n<li>\n<strong>estilo<\/strong>:Europa del Norte<\/li>\n<li>\n<strong>Armar<\/strong>:No<\/li>\n<li>\n<strong>Dureza del relleno<\/strong>:suave<\/li>\n<li>\n<strong>Tela<\/strong>:Tejidos compuestos<\/li>\n<li>\n<strong>Adecuado<\/strong>:Adultos<\/li>\n<li>\n<strong>\u00bfEst\u00e1 disponible la preventa?<\/strong>:S\u00ed<\/li>\n<li>\n<strong>Tecnolog\u00eda estructural<\/strong>:Proceso sin marco<\/li>\n<li>\n<strong>Caracter\u00edsticas adicionales<\/strong>:Otro<\/li>\n<li>\n<strong>volumen del paquete<\/strong>:1<\/li>\n<li>\n<strong>\u00bfEs personalizable?<\/strong>:S\u00ed<\/li>\n<li>\n<strong>Relleno<\/strong>:esponja<\/li>\n<li>\n<strong>Combinaci\u00f3n de sof\u00e1s<\/strong>:arco<\/li>\n<li>\n<strong>\u00bfEs desmontable y lavable?<\/strong>:No<\/li>\n<li>\n<strong>Material<\/strong>:esponja<\/li>\n<li>\n<strong>Detalles de las instrucciones de instalaci\u00f3n<\/strong>:No hay instrucciones de instalaci\u00f3n<\/li>\n<li>\n<strong>Origen<\/strong>:Provincia de Jiangsu<\/li>\n<li>\n<strong>patr\u00f3n<\/strong>:Arte<\/li>\n<li>\n<strong>\u00bfHay taxi disponible para transporte?<\/strong>:No<\/li>\n<li>\n<strong>Proceso de acabado de tejidos<\/strong>:Mercerizado<\/li>\n<li>\n<strong>Posicionamiento de estilo<\/strong>:Estilo art\u00edstico<\/li>\n<li>\n<strong>Entrega\/instalaci\u00f3n disponible<\/strong>:\u4f5b\u5c71\u5e02 \u90d1\u5dde\u5e02 \u8d35\u9633\u5e02 \u5e7f\u5dde\u5e02 \u798f\u5dde\u5e02 \u54c8\u5c14\u6ee8\u5e02 \u53a6\u95e8\u5e02 \u91cd\u5e86 \u5e38\u5dde\u5e02 \u82cf\u5dde\u5e02 \u897f\u5b89\u5e02\u6df1\u5733\u5e02 \u5357\u4eac\u5e02 \u957f\u6c99\u5e02 \u5317\u4eac \u9752\u5c9b\u5e02 \u65e0\u9521\u5e02 \u6210\u90fd\u5e02 \u4e0a\u6d77 \u6b66\u6c49\u5e02 \u5357\u5b81\u5e02 \u6c88\u9633\u5e02 \u5927\u8fde\u5e02\u53f0\u5dde\u5e02 \u4e1c\u839e\u5e02 \u5929\u6d25 \u5176\u4ed6 \u91d1\u534e\u5e02 \u676d\u5dde\u5e02 \u5357\u660c\u5e02 \u5b81\u6ce2\u5e02 \u6e29\u5dde\u5e02<\/li>\n<li>\n<strong>ordenar por color<\/strong>:Azul y amarillo bola azul \u2013 tama\u00f1o grande (118x100x90cm) rayas azules y amarillas \u2013 tama\u00f1o grande (118x100x90cm) rayas rojas y amarillas \u2013 tama\u00f1o grande (118x100x90cm) rayas negras y amarillas \u2013 tama\u00f1o grande (118x100x90cm) patr\u00f3n Dior \u2013 tama\u00f1o grande (118x100x90cm) negro puro \u2013 tama\u00f1o grande (118x100x90cm) amarillo Fendi \u2013 tama\u00f1o grande (118x100x90cm) FD marr\u00f3n \u2013 tama\u00f1o grande (118x100x90cm) azul y blanco \u2013 tama\u00f1o grande (118x100x90cm) cielo estrellado \u2013 tama\u00f1o grande (118x100x90cm) rizo de lana rosa \u2013 tama\u00f1o grande (118x100x90cm) rizo de lana azul Klein \u2013 tama\u00f1o grande (118x100x90cm) Lana Curl Milk Albaricoque \u2013 Tama\u00f1o grande (118x100x90cm) Lana Rizo Rojo \u2013 Tama\u00f1o grande (118x100x90cm) Azul Amarillo Bola Azul \u2013 Tama\u00f1o peque\u00f1o [Apto para ni\u00f1os] (78x72x63cm) Rayas Azules y Amarillas \u2013 Tama\u00f1o peque\u00f1o [Apto para ni\u00f1os] (78x72x63cm) Rayas Rojas y Amarillas \u2013 Tama\u00f1o peque\u00f1o [Apto para ni\u00f1os] (78x72x63cm) Patr\u00f3n Dior \u2013 Tama\u00f1o peque\u00f1o [Apto para ni\u00f1os] (78x72x63cm) Negro Puro \u2013 Tama\u00f1o peque\u00f1o [Apto para ni\u00f1os] (78x72x63cm) Fendi Amarillo \u2013 Tama\u00f1o peque\u00f1o [Apto para ni\u00f1os] (78x72x63cm) Marr\u00f3n FD \u2013 Tama\u00f1o peque\u00f1o [Apto para ni\u00f1os] (78x72x63cm) Cielo Estrellado \u2013 Tama\u00f1o peque\u00f1o [Apto para ni\u00f1os] (78x72x63cm) Otros colores personalizados \u2013 Cont\u00e1ctanos (precio suplementario)<\/li>\n<li>\n<strong><\/strong>:<\/li>\n<\/ul>\n<p><img><\/p>","protected":false},"excerpt":{"rendered":"<p>Marca: Fei Shang Li Jia Modelo: FSLJ-MMHB \u00bfHay espacio de almacenamiento?: no Estilo: Europa del Norte Ensamblaje: no Dureza del relleno: suave Tela: telas compuestas Apto para: adultos \u00bfEst\u00e1 disponible la preventa?: s\u00ed<\/p>","protected":false},"featured_media":132532,"comment_status":"open","ping_status":"closed","template":"","meta":[],"product_brand":[],"product_cat":[30902,30855,30971,30865,30850],"product_tag":[],"class_list":{"0":"post-72928","1":"product","2":"type-product","3":"status-publish","4":"has-post-thumbnail","6":"product_cat-bs-chairs","7":"product_cat-wholesale-chairs","8":"product_cat-hp","9":"product_cat-wholesales-salons-shops","10":"product_cat-wholesale-furniture","12":"first","13":"instock","14":"sale","15":"taxable","16":"shipping-taxable","17":"purchasable","18":"product-type-variable"},"_links":{"self":[{"href":"https:\/\/nexgendecors.com\/es\/wp-json\/wp\/v2\/product\/72928","targetHints":{"allow":["GET"]}}],"collection":[{"href":"https:\/\/nexgendecors.com\/es\/wp-json\/wp\/v2\/product"}],"about":[{"href":"https:\/\/nexgendecors.com\/es\/wp-json\/wp\/v2\/types\/product"}],"replies":[{"embeddable":true,"href":"https:\/\/nexgendecors.com\/es\/wp-json\/wp\/v2\/comments?post=72928"}],"version-history":[{"count":0,"href":"https:\/\/nexgendecors.com\/es\/wp-json\/wp\/v2\/product\/72928\/revisions"}],"wp:featuredmedia":[{"embeddable":true,"href":"https:\/\/nexgendecors.com\/es\/wp-json\/wp\/v2\/media\/132532"}],"wp:attachment":[{"href":"https:\/\/nexgendecors.com\/es\/wp-json\/wp\/v2\/media?parent=72928"}],"wp:term":[{"taxonomy":"product_brand","embeddable":true,"href":"https:\/\/nexgendecors.com\/es\/wp-json\/wp\/v2\/product_brand?post=72928"},{"taxonomy":"product_cat","embeddable":true,"href":"https:\/\/nexgendecors.com\/es\/wp-json\/wp\/v2\/product_cat?post=72928"},{"taxonomy":"product_tag","embeddable":true,"href":"https:\/\/nexgendecors.com\/es\/wp-json\/wp\/v2\/product_tag?post=72928"}],"curies":[{"name":"wp","href":"https:\/\/api.w.org\/{rel}","templated":true}]}}