{"id":73127,"date":"2025-01-26T03:25:44","date_gmt":"2025-01-26T03:25:44","guid":{"rendered":"https:\/\/nexgendecors.com\/product\/nail-art-table-and-chair-set-nordic-simple-marble-iron-double-layer-shopping-mall-table-internet-celebrity-single-double-nail-art-table\/"},"modified":"2025-04-06T09:21:52","modified_gmt":"2025-04-06T09:21:52","slug":"nail-art-table-and-chair-set-nordic-simple-marble-iron-double-layer-shopping-mall-table-internet-celebrity-single-double-nail-art-table","status":"publish","type":"product","link":"https:\/\/nexgendecors.com\/es\/product\/nail-art-table-and-chair-set-nordic-simple-marble-iron-double-layer-shopping-mall-table-internet-celebrity-single-double-nail-art-table\/","title":{"rendered":"Juego de mesa y silla con dise\u00f1o de u\u00f1as de hierro y m\u00e1rmol n\u00f3rdico"},"content":{"rendered":"<ul>\n<li>\n<strong>marca<\/strong>:Zhongmin Yunshang<\/li>\n<li>\n<strong>modelo<\/strong>:ZMYS015<\/li>\n<li>\n<strong>Funci\u00f3n<\/strong>:Almacenamiento y resistente a la suciedad.<\/li>\n<li>\n<strong>Material<\/strong>:Paquete blando de losa de roca de hierro<\/li>\n<li>\n<strong>estilo<\/strong>:Estilo de lujo ligero<\/li>\n<li>\n<strong>Origen<\/strong>:Provincia de Fujian<\/li>\n<li>\n<strong>ordenar por color<\/strong>:Storage nail table 80x45x78 Storage nail table 100x45x78 Storage nail table 120x45x78 Storage nail table 140x45x78 Round stool (color note) Double round stool (color note) Butterfly chair (color note) Cup chair (color note) U-shaped sofa (color note) Curved chair (color note) Swallow chair (color note) Collection\/add to purchase priority delivery Red lip chair (color note) Meilin chair (color note) Scallop chair (color note) Japanese cicada chair (color note) Mermaid chair (color note) Water drop chair (color note) Cactus chair (color note) Hippo chair (color note) Lipstick sofa (color note) Princess chair (color note) Peacock chair (color note)<\/li>\n<li>\n<strong>Tipo de paquete<\/strong>:Est\u00e1ndar oficial<\/li>\n<li>\n<strong>Tama\u00f1o del paquete<\/strong>:0<\/li>\n<li>\n<strong>Peso del paquete<\/strong>:0<\/li>\n<li>\n<strong>Normas ambientales<\/strong>:dise\u00f1o verde<\/li>\n<li>\n<strong>\u00bfEs personalizable?<\/strong>:S\u00ed<\/li>\n<li>\n<strong>\u00bfEst\u00e1 disponible la preventa?<\/strong>:No<\/li>\n<li>\n<strong><\/strong>:<\/li>\n<\/ul>\n<p><img><\/p>","protected":false},"excerpt":{"rendered":"<p>Marca: Zhongmin Yunshang Modelo: ZMYS015 Funci\u00f3n: Almacenamiento y resistente a la suciedad Material: Losa de roca de hierro Estilo de paquete suave: Estilo de lujo ligero Origen: Provincia de Fujian Ordenar por color: Clavo de almacenamiento<\/p>","protected":false},"featured_media":132695,"comment_status":"open","ping_status":"closed","template":"","meta":[],"product_brand":[],"product_cat":[30971,30865],"product_tag":[],"class_list":{"0":"post-73127","1":"product","2":"type-product","3":"status-publish","4":"has-post-thumbnail","6":"product_cat-hp","7":"product_cat-wholesales-salons-shops","9":"first","10":"instock","11":"sale","12":"taxable","13":"shipping-taxable","14":"purchasable","15":"product-type-variable"},"_links":{"self":[{"href":"https:\/\/nexgendecors.com\/es\/wp-json\/wp\/v2\/product\/73127","targetHints":{"allow":["GET"]}}],"collection":[{"href":"https:\/\/nexgendecors.com\/es\/wp-json\/wp\/v2\/product"}],"about":[{"href":"https:\/\/nexgendecors.com\/es\/wp-json\/wp\/v2\/types\/product"}],"replies":[{"embeddable":true,"href":"https:\/\/nexgendecors.com\/es\/wp-json\/wp\/v2\/comments?post=73127"}],"version-history":[{"count":0,"href":"https:\/\/nexgendecors.com\/es\/wp-json\/wp\/v2\/product\/73127\/revisions"}],"wp:featuredmedia":[{"embeddable":true,"href":"https:\/\/nexgendecors.com\/es\/wp-json\/wp\/v2\/media\/132695"}],"wp:attachment":[{"href":"https:\/\/nexgendecors.com\/es\/wp-json\/wp\/v2\/media?parent=73127"}],"wp:term":[{"taxonomy":"product_brand","embeddable":true,"href":"https:\/\/nexgendecors.com\/es\/wp-json\/wp\/v2\/product_brand?post=73127"},{"taxonomy":"product_cat","embeddable":true,"href":"https:\/\/nexgendecors.com\/es\/wp-json\/wp\/v2\/product_cat?post=73127"},{"taxonomy":"product_tag","embeddable":true,"href":"https:\/\/nexgendecors.com\/es\/wp-json\/wp\/v2\/product_tag?post=73127"}],"curies":[{"name":"wp","href":"https:\/\/api.w.org\/{rel}","templated":true}]}}