{"id":73153,"date":"2025-01-26T03:25:48","date_gmt":"2025-01-26T03:25:48","guid":{"rendered":"https:\/\/nexgendecors.com\/product\/nordic-double-layer-marble-nail-table-and-chair-set-internet-celebrity-sofa-chair-single-double-special-price-multifunctional-nail-table\/"},"modified":"2025-04-06T09:21:57","modified_gmt":"2025-04-06T09:21:57","slug":"juego-de-mesa-y-silla-para-unas-de-marmol-nordico-de-doble-capa-sofa-individual-y-doble-precio-especial-mesa-multifuncional-para-unas","status":"publish","type":"product","link":"https:\/\/nexgendecors.com\/es\/product\/juego-de-mesa-y-silla-para-unas-de-marmol-nordico-de-doble-capa-sofa-individual-y-doble-precio-especial-mesa-multifuncional-para-unas\/","title":{"rendered":"Juego de mesa y silla de m\u00e1rmol n\u00f3rdico para u\u00f1as: elegante y vers\u00e1til"},"content":{"rendered":"<ul>\n<li>\n<strong>marca<\/strong>:Zhongmin Yunshang<\/li>\n<li>\n<strong>modelo<\/strong>:SENSE0154<\/li>\n<li>\n<strong>Funci\u00f3n<\/strong>:Almacenamiento y resistente a la suciedad.<\/li>\n<li>\n<strong>Material<\/strong>:Arte de hierro + bolsa blanda<\/li>\n<li>\n<strong>estilo<\/strong>:Estilo de lujo ligero<\/li>\n<li>\n<strong>Origen<\/strong>:Provincia de Fujian<\/li>\n<li>\n<strong>ordenar por color<\/strong>:Multifuncional 100x45x78 (notas de color) Multifuncional 150x45x78 (notas de color) Multifuncional 180x45x78 (notas de color) Multifuncional 200x45x78 (notas de color) Taburete redondo (notas de color) Sill\u00f3n labio rojo (notas de color) Sill\u00f3n Meilin (notas de color) Sill\u00f3n festoneado (notas de color) Sill\u00f3n cigarra japon\u00e9s (notas de color) Sill\u00f3n sirena (notas de color) Sill\u00f3n gota de agua (notas de color) Sill\u00f3n princesa (notas de color) Sill\u00f3n hoja de loto (notas de color) Sof\u00e1 l\u00e1piz labial (notas de color) Sill\u00f3n f\u00fatbol (notas de color) Sof\u00e1 l\u00ednea en forma de U (notas de color) Sill\u00f3n mariposa (notas de color) Sof\u00e1 en forma de U (notas de color) Sill\u00f3n golondrina (notas de color) Sill\u00f3n cactus (notas de color) Sill\u00f3n hipop\u00f3tamo (notas de color) Sill\u00f3n pavo real (notas de color)<\/li>\n<li>\n<strong>Tipo de paquete<\/strong>:Est\u00e1ndar oficial<\/li>\n<li>\n<strong>Tama\u00f1o del paquete<\/strong>:0x0x0<\/li>\n<li>\n<strong>Peso del paquete<\/strong>:0<\/li>\n<li>\n<strong>Normas ambientales<\/strong>:dise\u00f1o verde<\/li>\n<li>\n<strong>\u00bfEs personalizable?<\/strong>:S\u00ed<\/li>\n<li>\n<strong>\u00bfEst\u00e1 disponible la preventa?<\/strong>:No<\/li>\n<li>\n<strong><\/strong>:<\/li>\n<\/ul>","protected":false},"excerpt":{"rendered":"<p>Marca: Zhongmin Yunshang Modelo: SENSE0154 Funci\u00f3n: Almacenamiento y resistente a la suciedad Material: Arte de hierro + bolsa suave Estilo: Estilo de lujo ligero Origen: Provincia de Fujian Ordenar por color: Multifuncional 100x45x78<\/p>","protected":false},"featured_media":132721,"comment_status":"open","ping_status":"closed","template":"","meta":[],"product_brand":[],"product_cat":[30971,30865],"product_tag":[],"class_list":{"0":"post-73153","1":"product","2":"type-product","3":"status-publish","4":"has-post-thumbnail","6":"product_cat-hp","7":"product_cat-wholesales-salons-shops","9":"first","10":"instock","11":"sale","12":"taxable","13":"shipping-taxable","14":"purchasable","15":"product-type-variable"},"_links":{"self":[{"href":"https:\/\/nexgendecors.com\/es\/wp-json\/wp\/v2\/product\/73153","targetHints":{"allow":["GET"]}}],"collection":[{"href":"https:\/\/nexgendecors.com\/es\/wp-json\/wp\/v2\/product"}],"about":[{"href":"https:\/\/nexgendecors.com\/es\/wp-json\/wp\/v2\/types\/product"}],"replies":[{"embeddable":true,"href":"https:\/\/nexgendecors.com\/es\/wp-json\/wp\/v2\/comments?post=73153"}],"version-history":[{"count":0,"href":"https:\/\/nexgendecors.com\/es\/wp-json\/wp\/v2\/product\/73153\/revisions"}],"wp:featuredmedia":[{"embeddable":true,"href":"https:\/\/nexgendecors.com\/es\/wp-json\/wp\/v2\/media\/132721"}],"wp:attachment":[{"href":"https:\/\/nexgendecors.com\/es\/wp-json\/wp\/v2\/media?parent=73153"}],"wp:term":[{"taxonomy":"product_brand","embeddable":true,"href":"https:\/\/nexgendecors.com\/es\/wp-json\/wp\/v2\/product_brand?post=73153"},{"taxonomy":"product_cat","embeddable":true,"href":"https:\/\/nexgendecors.com\/es\/wp-json\/wp\/v2\/product_cat?post=73153"},{"taxonomy":"product_tag","embeddable":true,"href":"https:\/\/nexgendecors.com\/es\/wp-json\/wp\/v2\/product_tag?post=73153"}],"curies":[{"name":"wp","href":"https:\/\/api.w.org\/{rel}","templated":true}]}}