{"id":73321,"date":"2025-01-26T03:26:05","date_gmt":"2025-01-26T03:26:05","guid":{"rendered":"https:\/\/nexgendecors.com\/product\/nordic-minimalist-master-bedroom-bedside-chandelier-modern-simple-bar-creative-personality-art-bedside-table-hanging-line-lamp\/"},"modified":"2025-04-06T09:22:14","modified_gmt":"2025-04-06T09:22:14","slug":"nordic-minimalist-master-bedroom-bedside-chandelier-modern-simple-bar-creative-personality-art-bedside-table-hanging-line-lamp","status":"publish","type":"product","link":"https:\/\/nexgendecors.com\/es\/product\/nordic-minimalist-master-bedroom-bedside-chandelier-modern-simple-bar-creative-personality-art-bedside-table-hanging-line-lamp\/","title":{"rendered":"Nordic Minimalist Bedside Chandelier &#8211; Modern Art Lamp"},"content":{"rendered":"<ul>\n<li>\n<strong>estilo<\/strong>:Europa del Norte<\/li>\n<li>\n<strong>Tipo de l\u00e1mpara de ara\u00f1a<\/strong>:L\u00e1mpara de ara\u00f1a de hierro forjado<\/li>\n<li>\n<strong>Material principal del cuerpo de la l\u00e1mpara.<\/strong>:aluminio<\/li>\n<li>\n<strong>Material principal de la pantalla de la l\u00e1mpara<\/strong>:aluminio<\/li>\n<li>\n<strong>Voltaje<\/strong>:100 V-240 V<\/li>\n<li>\n<strong>N\u00famero de accesorios<\/strong>:1<\/li>\n<li>\n<strong>Forma de la l\u00e1mpara<\/strong>:L\u00e1mpara de ara\u00f1a de l\u00ednea de pescado<\/li>\n<li>\n<strong>Ya sea control inteligente<\/strong>:No<\/li>\n<li>\n<strong>N\u00famero de cabezales de l\u00e1mpara<\/strong>:1<\/li>\n<li>\n<strong>Material auxiliar del cuerpo de la l\u00e1mpara<\/strong>:aluminio<\/li>\n<li>\n<strong>Espacio aplicable<\/strong>:Dormitorio\/Estudio<\/li>\n<li>\n<strong>Servicio en la ciudad<\/strong>:Los compradores de la misma ciudad recogen la mercanc\u00eda en casa.<\/li>\n<li>\n<strong>Per\u00edodo de garant\u00eda<\/strong>:3 a\u00f1os<\/li>\n<li>\n<strong>\u00c1rea de irradiaci\u00f3n<\/strong>:3\u33a1-5\u33a1<\/li>\n<li>\n<strong>\u00bfLa l\u00e1mpara tiene una fuente de luz?<\/strong>:No<\/li>\n<li>\n<strong>tipo de fuente de luz<\/strong>:Luces LED<\/li>\n<li>\n<strong>N\u00famero de fuentes de luz<\/strong>:1<\/li>\n<li>\n<strong>Tecnolog\u00eda<\/strong>:Escarchado de pintura en aerosol<\/li>\n<li>\n<strong>ordenar por color<\/strong>:[Full spectrum eye protection] Single head &#8211; white &#8211; 7w warm light [Full spectrum eye protection] Single head &#8211; white &#8211; 7w three-color light [Full spectrum eye protection] Single head &#8211; black &#8211; 7w warm light [Full spectrum eye protection] Single head &#8211; black &#8211; 7w three-color light [Full spectrum eye protection] 2 heads &#8211; white &#8211; 14w warm light [Full spectrum eye protection] 2 heads &#8211; white &#8211; 14w three-color light [Full spectrum eye protection] 2 heads &#8211; black &#8211; 14w warm light [Full spectrum eye protection] 2 heads &#8211; black &#8211; 14w three-color light [Full spectrum eye protection] 2 heads &#8211; black + white &#8211; 14w warm light [Full spectrum eye protection] 2 heads &#8211; black + white &#8211; 14w three-color light<\/li>\n<li>\n<strong>marca<\/strong>:Kaferay<\/li>\n<li>\n<strong>modelo<\/strong>:F8504<\/li>\n<li>\n<strong>Tipo de control<\/strong>:Otros controles no inteligentes<\/li>\n<li>\n<strong>Tipo inteligente<\/strong>:No hay soporte para smart<\/li>\n<li>\n<strong>Material auxiliar para pantallas de l\u00e1mparas<\/strong>:Vaso<\/li>\n<li>\n<strong>fuerza<\/strong>:6W (incluido) \u2013 10W (incluido)<\/li>\n<li>\n<strong>Valor K de la temperatura de color de la fuente de luz<\/strong>:3000K<\/li>\n<li>\n<strong>Temperatura de color<\/strong>:Luz tricolor<\/li>\n<li>\n<strong>N\u00famero de certificado 3C<\/strong>:2024371001000048<\/li>\n<\/ul>","protected":false},"excerpt":{"rendered":"<p>style:Northern Europe Chandelier Type:Wrought iron chandelier Main material of lamp body:aluminum Lampshade main material:aluminum Voltage:100V-240V Number of accessories:1 Lamp shape:Fish<\/p>","protected":false},"featured_media":132882,"comment_status":"open","ping_status":"closed","template":"","meta":[],"product_brand":[],"product_cat":[30971,30864],"product_tag":[],"class_list":{"0":"post-73321","1":"product","2":"type-product","3":"status-publish","4":"has-post-thumbnail","6":"product_cat-hp","7":"product_cat-new-wholesales-lights","9":"first","10":"instock","11":"taxable","12":"shipping-taxable","13":"purchasable","14":"product-type-variable"},"_links":{"self":[{"href":"https:\/\/nexgendecors.com\/es\/wp-json\/wp\/v2\/product\/73321","targetHints":{"allow":["GET"]}}],"collection":[{"href":"https:\/\/nexgendecors.com\/es\/wp-json\/wp\/v2\/product"}],"about":[{"href":"https:\/\/nexgendecors.com\/es\/wp-json\/wp\/v2\/types\/product"}],"replies":[{"embeddable":true,"href":"https:\/\/nexgendecors.com\/es\/wp-json\/wp\/v2\/comments?post=73321"}],"version-history":[{"count":0,"href":"https:\/\/nexgendecors.com\/es\/wp-json\/wp\/v2\/product\/73321\/revisions"}],"wp:featuredmedia":[{"embeddable":true,"href":"https:\/\/nexgendecors.com\/es\/wp-json\/wp\/v2\/media\/132882"}],"wp:attachment":[{"href":"https:\/\/nexgendecors.com\/es\/wp-json\/wp\/v2\/media?parent=73321"}],"wp:term":[{"taxonomy":"product_brand","embeddable":true,"href":"https:\/\/nexgendecors.com\/es\/wp-json\/wp\/v2\/product_brand?post=73321"},{"taxonomy":"product_cat","embeddable":true,"href":"https:\/\/nexgendecors.com\/es\/wp-json\/wp\/v2\/product_cat?post=73321"},{"taxonomy":"product_tag","embeddable":true,"href":"https:\/\/nexgendecors.com\/es\/wp-json\/wp\/v2\/product_tag?post=73321"}],"curies":[{"name":"wp","href":"https:\/\/api.w.org\/{rel}","templated":true}]}}