{"id":73360,"date":"2025-01-26T03:26:12","date_gmt":"2025-01-26T03:26:12","guid":{"rendered":"https:\/\/nexgendecors.com\/product\/nordic-modern-simple-all-copper-creative-bar-restaurant-living-room-atmosphere-net-red-coffee-shop-art-bedside-small-chandelier\/"},"modified":"2025-03-09T08:26:42","modified_gmt":"2025-03-09T08:26:42","slug":"nordic-modern-simple-all-copper-creative-bar-restaurant-living-room-atmosphere-net-red-coffee-shop-art-bedside-small-chandelier","status":"publish","type":"product","link":"https:\/\/nexgendecors.com\/es\/product\/nordic-modern-simple-all-copper-creative-bar-restaurant-living-room-atmosphere-net-red-coffee-shop-art-bedside-small-chandelier\/","title":{"rendered":"Nordic Copper Chandelier for Modern Bars &#038; Cafes"},"content":{"rendered":"<ul>\n<li>\n<strong>marca<\/strong>:Fox Intelligence<\/li>\n<li>\n<strong>modelo<\/strong>:XT5092<\/li>\n<li>\n<strong>estilo<\/strong>:Simple y moderno<\/li>\n<li>\n<strong>Origen<\/strong>:China continental<\/li>\n<li>\n<strong>Valor K de la temperatura de color de la fuente de luz<\/strong>:3000K<\/li>\n<li>\n<strong>ordenar por color<\/strong>:H65 all copper &#8211; A type smoke gray, H65 all copper &#8211; A type cognac, H65 all copper &#8211; B type smoke gray, H65 all copper &#8211; B type cognac, three-head long plate base &#8211; smoke gray, three-head long plate base &#8211; cognac, three-head round plate base &#8211; smoke gray, three-head round plate base &#8211; cognac<\/li>\n<li>\n<strong>\u00bfLa l\u00e1mpara tiene una fuente de luz?<\/strong>:S\u00ed<\/li>\n<li>\n<strong>Servicio en la ciudad<\/strong>:Entrega a domicilio por vendedores locales<\/li>\n<li>\n<strong>Voltaje<\/strong>:111 V ~ 240 V (inclusive)<\/li>\n<li>\n<strong>Material principal del cuerpo de la l\u00e1mpara.<\/strong>:cobre<\/li>\n<li>\n<strong>Material principal de la pantalla de la l\u00e1mpara<\/strong>:Vaso<\/li>\n<li>\n<strong>tipo de fuente de luz<\/strong>:Luces LED<\/li>\n<li>\n<strong>N\u00famero de fuentes de luz<\/strong>:3<\/li>\n<li>\n<strong>Tecnolog\u00eda<\/strong>:Otro<\/li>\n<li>\n<strong>\u00c1rea de irradiaci\u00f3n<\/strong>:10\u33a1-15\u33a1<\/li>\n<li>\n<strong>Tipo de control<\/strong>:otro<\/li>\n<li>\n<strong>Temperatura de color<\/strong>:Luz tricolor<\/li>\n<li>\n<strong>Material auxiliar para pantallas de l\u00e1mparas<\/strong>:Vaso<\/li>\n<li>\n<strong>Per\u00edodo de garant\u00eda<\/strong>:2 years<\/li>\n<li>\n<strong>Material auxiliar del cuerpo de la l\u00e1mpara<\/strong>:ABS + chasis de hardware<\/li>\n<li>\n<strong>Tipo inteligente<\/strong>:Otra inteligencia<\/li>\n<li>\n<strong>Ya sea control inteligente<\/strong>:S\u00ed<\/li>\n<li>\n<strong>Forma de la l\u00e1mpara<\/strong>:L\u00e1mpara de ara\u00f1a de doble prop\u00f3sito, con succi\u00f3n y suspensi\u00f3n.<\/li>\n<li>\n<strong>N\u00famero de accesorios<\/strong>:1<\/li>\n<li>\n<strong>N\u00famero de cabezales de l\u00e1mpara<\/strong>:1<\/li>\n<li>\n<strong>Tipo de l\u00e1mpara de ara\u00f1a<\/strong>:L\u00e1mpara de ara\u00f1a de cobre\/cobre<\/li>\n<li>\n<strong>N\u00famero de certificado 3C<\/strong>:2020011001328184<\/li>\n<li>\n<strong><\/strong>:<\/li>\n<\/ul>\n<p><img><\/p>","protected":false},"excerpt":{"rendered":"<p>brand:Fox Intelligence model:XT5092 style:Simple and modern Origin:Chinese mainland Light source color temperature K value:3000K sort by color:H65 all copper &#8211;<\/p>","protected":false},"featured_media":132933,"comment_status":"open","ping_status":"closed","template":"","meta":[],"product_brand":[],"product_cat":[30971,30864],"product_tag":[],"class_list":{"0":"post-73360","1":"product","2":"type-product","3":"status-publish","4":"has-post-thumbnail","6":"product_cat-hp","7":"product_cat-new-wholesales-lights","9":"first","10":"instock","11":"taxable","12":"shipping-taxable","13":"purchasable","14":"product-type-variable"},"_links":{"self":[{"href":"https:\/\/nexgendecors.com\/es\/wp-json\/wp\/v2\/product\/73360","targetHints":{"allow":["GET"]}}],"collection":[{"href":"https:\/\/nexgendecors.com\/es\/wp-json\/wp\/v2\/product"}],"about":[{"href":"https:\/\/nexgendecors.com\/es\/wp-json\/wp\/v2\/types\/product"}],"replies":[{"embeddable":true,"href":"https:\/\/nexgendecors.com\/es\/wp-json\/wp\/v2\/comments?post=73360"}],"version-history":[{"count":0,"href":"https:\/\/nexgendecors.com\/es\/wp-json\/wp\/v2\/product\/73360\/revisions"}],"wp:featuredmedia":[{"embeddable":true,"href":"https:\/\/nexgendecors.com\/es\/wp-json\/wp\/v2\/media\/132933"}],"wp:attachment":[{"href":"https:\/\/nexgendecors.com\/es\/wp-json\/wp\/v2\/media?parent=73360"}],"wp:term":[{"taxonomy":"product_brand","embeddable":true,"href":"https:\/\/nexgendecors.com\/es\/wp-json\/wp\/v2\/product_brand?post=73360"},{"taxonomy":"product_cat","embeddable":true,"href":"https:\/\/nexgendecors.com\/es\/wp-json\/wp\/v2\/product_cat?post=73360"},{"taxonomy":"product_tag","embeddable":true,"href":"https:\/\/nexgendecors.com\/es\/wp-json\/wp\/v2\/product_tag?post=73360"}],"curies":[{"name":"wp","href":"https:\/\/api.w.org\/{rel}","templated":true}]}}