{"id":73369,"date":"2025-01-26T03:26:14","date_gmt":"2025-01-26T03:26:14","guid":{"rendered":"https:\/\/nexgendecors.com\/product\/nordic-modern-simple-light-luxury-duplex-apartment-villa-living-room-stairwell-long-chandelier-high-altitude-spiral-staircase-chandelier\/"},"modified":"2025-04-06T09:22:22","modified_gmt":"2025-04-06T09:22:22","slug":"nordic-modern-simple-light-luxury-duplex-apartment-villa-living-room-stairwell-long-chandelier-high-altitude-spiral-staircase-chandelier","status":"publish","type":"product","link":"https:\/\/nexgendecors.com\/es\/product\/nordic-modern-simple-light-luxury-duplex-apartment-villa-living-room-stairwell-long-chandelier-high-altitude-spiral-staircase-chandelier\/","title":{"rendered":"L\u00e1mpara de ara\u00f1a de lujo con forma de escalera de caracol y luz n\u00f3rdica"},"content":{"rendered":"<ul>\n<li>\n<strong>marca<\/strong>:Luz de estrella<\/li>\n<li>\n<strong>modelo<\/strong>:Exclamation Point Stair Chandelier<\/li>\n<li>\n<strong>fuerza<\/strong>:11W (inclusive) &#8211; 15W (inclusive)<\/li>\n<li>\n<strong>estilo<\/strong>:Simple y moderno<\/li>\n<li>\n<strong>Valor K de la temperatura de color de la fuente de luz<\/strong>:4000K<\/li>\n<li>\n<strong>Espacio aplicable<\/strong>:LOFT\/D\u00faplex Casa D\u00faplex\/Escaleras<\/li>\n<li>\n<strong>ordenar por color<\/strong>:6 heads of golden exclamation mark white light 6 heads of golden exclamation mark three-color light 9 heads of golden exclamation mark white light 9 heads of golden exclamation mark three-color light 12 heads of golden exclamation mark white light 12 heads of golden exclamation mark three-color light 15 heads of golden exclamation mark white light 15 heads of golden exclamation mark three-color light 22 heads of golden exclamation mark white light 22 heads of golden exclamation mark three-color light 30 heads of golden exclamation mark white light 30 heads of golden exclamation mark three-color light 43 heads of golden exclamation mark white light 43 heads of golden exclamation mark three-color light 6 heads of black exclamation mark white light, 6 heads of black exclamation mark three-color light, 9 heads of black exclamation mark white light, 9 heads of black exclamation mark three-color light, 12 heads of black exclamation mark white light, 12 heads of black exclamation mark three-color light, 15 heads of black exclamation mark white light, 15 heads of black exclamation mark three-color light, 22 heads of black exclamation mark white light, 22 heads of black exclamation mark three-color light, 30 heads of black exclamation mark white light, 30 heads of black exclamation mark three-color light, 43 heads of black exclamation mark white light, 43 heads of black exclamation mark three-color light<\/li>\n<li>\n<strong>\u00bfLa l\u00e1mpara tiene una fuente de luz?<\/strong>:S\u00ed<\/li>\n<li>\n<strong>Servicio en la ciudad<\/strong>:Log\u00edstica intraurbana de entrega puerta a puerta<\/li>\n<li>\n<strong>Voltaje<\/strong>:100 V-240 V<\/li>\n<li>\n<strong>Material principal del cuerpo de la l\u00e1mpara.<\/strong>:hierro<\/li>\n<li>\n<strong>Material principal de la pantalla de la l\u00e1mpara<\/strong>:Vaso<\/li>\n<li>\n<strong>tipo de fuente de luz<\/strong>:L\u00e1mparas incandescentes, l\u00e1mparas de bajo consumo, l\u00e1mparas LED<\/li>\n<li>\n<strong>N\u00famero de fuentes de luz<\/strong>:6<\/li>\n<li>\n<strong>Tecnolog\u00eda<\/strong>:Escarchado de pintura en aerosol<\/li>\n<li>\n<strong>\u00c1rea de irradiaci\u00f3n<\/strong>:10\u33a1-15\u33a1<\/li>\n<li>\n<strong>Tipo de control<\/strong>:otro<\/li>\n<li>\n<strong>Temperatura de color<\/strong>:Luz tricolor<\/li>\n<li>\n<strong>Material auxiliar para pantallas de l\u00e1mparas<\/strong>:Vaso<\/li>\n<li>\n<strong>Per\u00edodo de garant\u00eda<\/strong>:3 a\u00f1os<\/li>\n<li>\n<strong>Material auxiliar del cuerpo de la l\u00e1mpara<\/strong>:hierro<\/li>\n<li>\n<strong>Tipo inteligente<\/strong>:No hay soporte para smart<\/li>\n<li>\n<strong>Ya sea control inteligente<\/strong>:No<\/li>\n<li>\n<strong>Forma de la l\u00e1mpara<\/strong>:L\u00e1mpara de ara\u00f1a de l\u00ednea de pescado<\/li>\n<li>\n<strong>N\u00famero de accesorios<\/strong>:1<\/li>\n<li>\n<strong>N\u00famero de cabezales de l\u00e1mpara<\/strong>:6<\/li>\n<li>\n<strong>Tipo de l\u00e1mpara de ara\u00f1a<\/strong>:L\u00e1mpara de ara\u00f1a de cristal<\/li>\n<li>\n<strong>N\u00famero de certificado 3C<\/strong>:2024011001607990<\/li>\n<\/ul>\n<p><img><\/p>","protected":false},"excerpt":{"rendered":"<p>brand:Star Light model:Exclamation Point Stair Chandelier power:11W (inclusive) &#8211; 15W (inclusive) style:Simple and modern Light source color temperature K value:4000K<\/p>","protected":false},"featured_media":132938,"comment_status":"open","ping_status":"closed","template":"","meta":[],"product_brand":[],"product_cat":[30971,30864],"product_tag":[],"class_list":{"0":"post-73369","1":"product","2":"type-product","3":"status-publish","4":"has-post-thumbnail","6":"product_cat-hp","7":"product_cat-new-wholesales-lights","9":"first","10":"instock","11":"taxable","12":"shipping-taxable","13":"purchasable","14":"product-type-variable"},"_links":{"self":[{"href":"https:\/\/nexgendecors.com\/es\/wp-json\/wp\/v2\/product\/73369","targetHints":{"allow":["GET"]}}],"collection":[{"href":"https:\/\/nexgendecors.com\/es\/wp-json\/wp\/v2\/product"}],"about":[{"href":"https:\/\/nexgendecors.com\/es\/wp-json\/wp\/v2\/types\/product"}],"replies":[{"embeddable":true,"href":"https:\/\/nexgendecors.com\/es\/wp-json\/wp\/v2\/comments?post=73369"}],"version-history":[{"count":0,"href":"https:\/\/nexgendecors.com\/es\/wp-json\/wp\/v2\/product\/73369\/revisions"}],"wp:featuredmedia":[{"embeddable":true,"href":"https:\/\/nexgendecors.com\/es\/wp-json\/wp\/v2\/media\/132938"}],"wp:attachment":[{"href":"https:\/\/nexgendecors.com\/es\/wp-json\/wp\/v2\/media?parent=73369"}],"wp:term":[{"taxonomy":"product_brand","embeddable":true,"href":"https:\/\/nexgendecors.com\/es\/wp-json\/wp\/v2\/product_brand?post=73369"},{"taxonomy":"product_cat","embeddable":true,"href":"https:\/\/nexgendecors.com\/es\/wp-json\/wp\/v2\/product_cat?post=73369"},{"taxonomy":"product_tag","embeddable":true,"href":"https:\/\/nexgendecors.com\/es\/wp-json\/wp\/v2\/product_tag?post=73369"}],"curies":[{"name":"wp","href":"https:\/\/api.w.org\/{rel}","templated":true}]}}