{"id":73490,"date":"2025-01-26T03:26:28","date_gmt":"2025-01-26T03:26:28","guid":{"rendered":"https:\/\/nexgendecors.com\/product\/nordic-outdoor-courtyard-villa-balcony-hotel-outdoor-terrace-teak-rattan-rattan-chair-waterproof-sunscreen-sofa-combination\/"},"modified":"2025-04-06T09:22:39","modified_gmt":"2025-04-06T09:22:39","slug":"nordic-outdoor-courtyard-villa-balcony-hotel-outdoor-terrace-teak-rattan-rattan-chair-waterproof-sunscreen-sofa-combination","status":"publish","type":"product","link":"https:\/\/nexgendecors.com\/es\/product\/nordic-outdoor-courtyard-villa-balcony-hotel-outdoor-terrace-teak-rattan-rattan-chair-waterproof-sunscreen-sofa-combination\/","title":{"rendered":"Conjunto de sof\u00e1 de exterior de rat\u00e1n y teca n\u00f3rdica: impermeable y elegante"},"content":{"rendered":"<ul>\n<li>\n<strong>marca<\/strong>:otro\/otro<\/li>\n<li>\n<strong>modelo<\/strong>:0228<\/li>\n<li>\n<strong>estilo<\/strong>:Europa del Norte<\/li>\n<li>\n<strong>Armar<\/strong>:No<\/li>\n<li>\n<strong>Dureza del relleno<\/strong>:suave<\/li>\n<li>\n<strong>Distritos y condados<\/strong>Distrito de Chancheng<\/li>\n<li>\n<strong>Tecnolog\u00eda estructural<\/strong>:Metalurgia<\/li>\n<li>\n<strong>Material met\u00e1lico<\/strong>:Aleaci\u00f3n de aluminio<\/li>\n<li>\n<strong>\u00bfEs personalizable?<\/strong>:S\u00ed<\/li>\n<li>\n<strong>Relleno<\/strong>:esponja<\/li>\n<li>\n<strong>Material de rat\u00e1n<\/strong>:pl\u00e1stico<\/li>\n<li>\n<strong>Tecnolog\u00eda de estructuras met\u00e1licas<\/strong>:soldadura<\/li>\n<li>\n<strong>Combinaci\u00f3n de sof\u00e1s<\/strong>:Forma de L<\/li>\n<li>\n<strong>Artesan\u00eda con estructura de bamb\u00fa y rat\u00e1n<\/strong>:Envase<\/li>\n<li>\n<strong>Estructura del mobiliario<\/strong>:Estructura<\/li>\n<li>\n<strong>N\u00famero de personas aplicable<\/strong>:Multijugador<\/li>\n<li>\n<strong>patr\u00f3n<\/strong>:Otro<\/li>\n<li>\n<strong>\u00bfHay taxi disponible para transporte?<\/strong>:No<\/li>\n<li>\n<strong>Material de madera<\/strong>:Teca<\/li>\n<li>\n<strong>ordenar por color<\/strong>:Aluminum alloy single sofa, teak single sofa, aluminum alloy high back single sofa, teak high back single sofa, aluminum alloy double sofa, teak double sofa, aluminum alloy three-person sofa, teak three-person sofa, aluminum alloy footrest, teak footrest, side table, dining chair, teak round table, rock board round table, [combination 1], [combination 2], [combination 3], [combination 4]<\/li>\n<\/ul>","protected":false},"excerpt":{"rendered":"<p>Marca: otro\/otro Modelo: 0228 Estilo: Europa del Norte Ensamblaje: no Dureza del relleno: suave Distritos y condados: Distrito de Chancheng Tecnolog\u00eda estructural: metalurgia Material del metal: aleaci\u00f3n de aluminio \u00bfEs personalizable?: s\u00ed Relleno: esponja<\/p>","protected":false},"featured_media":133029,"comment_status":"open","ping_status":"closed","template":"","meta":[],"product_brand":[],"product_cat":[30971,30850],"product_tag":[15654],"class_list":{"0":"post-73490","1":"product","2":"type-product","3":"status-publish","4":"has-post-thumbnail","6":"product_cat-hp","7":"product_cat-wholesale-furniture","8":"product_tag-taobao","10":"first","11":"instock","12":"sale","13":"taxable","14":"shipping-taxable","15":"purchasable","16":"product-type-variable"},"_links":{"self":[{"href":"https:\/\/nexgendecors.com\/es\/wp-json\/wp\/v2\/product\/73490","targetHints":{"allow":["GET"]}}],"collection":[{"href":"https:\/\/nexgendecors.com\/es\/wp-json\/wp\/v2\/product"}],"about":[{"href":"https:\/\/nexgendecors.com\/es\/wp-json\/wp\/v2\/types\/product"}],"replies":[{"embeddable":true,"href":"https:\/\/nexgendecors.com\/es\/wp-json\/wp\/v2\/comments?post=73490"}],"version-history":[{"count":0,"href":"https:\/\/nexgendecors.com\/es\/wp-json\/wp\/v2\/product\/73490\/revisions"}],"wp:featuredmedia":[{"embeddable":true,"href":"https:\/\/nexgendecors.com\/es\/wp-json\/wp\/v2\/media\/133029"}],"wp:attachment":[{"href":"https:\/\/nexgendecors.com\/es\/wp-json\/wp\/v2\/media?parent=73490"}],"wp:term":[{"taxonomy":"product_brand","embeddable":true,"href":"https:\/\/nexgendecors.com\/es\/wp-json\/wp\/v2\/product_brand?post=73490"},{"taxonomy":"product_cat","embeddable":true,"href":"https:\/\/nexgendecors.com\/es\/wp-json\/wp\/v2\/product_cat?post=73490"},{"taxonomy":"product_tag","embeddable":true,"href":"https:\/\/nexgendecors.com\/es\/wp-json\/wp\/v2\/product_tag?post=73490"}],"curies":[{"name":"wp","href":"https:\/\/api.w.org\/{rel}","templated":true}]}}