{"id":73657,"date":"2025-01-26T03:26:46","date_gmt":"2025-01-26T03:26:46","guid":{"rendered":"https:\/\/nexgendecors.com\/product\/nordic-outdoor-table-and-chairs-leisure-single-courtyard-rotating-leisure-garden-balcony-outdoor-terrace-aluminum-alloy-rattan-chair\/"},"modified":"2025-03-07T13:32:57","modified_gmt":"2025-03-07T13:32:57","slug":"nordic-outdoor-table-and-chairs-leisure-single-courtyard-rotating-leisure-garden-balcony-outdoor-terrace-aluminum-alloy-rattan-chair","status":"publish","type":"product","link":"https:\/\/nexgendecors.com\/es\/product\/nordic-outdoor-table-and-chairs-leisure-single-courtyard-rotating-leisure-garden-balcony-outdoor-terrace-aluminum-alloy-rattan-chair\/","title":{"rendered":"Juego de sillas giratorias de exterior de rat\u00e1n y aluminio n\u00f3rdico"},"content":{"rendered":"<ul>\n<li>\n<strong>marca<\/strong>:otro\/otro<\/li>\n<li>\n<strong>modelo<\/strong>:0227<\/li>\n<li>\n<strong>estilo<\/strong>:Europa del Norte<\/li>\n<li>\n<strong>Caracter\u00edsticas adicionales<\/strong>:Giratorio<\/li>\n<li>\n<strong>Material principal<\/strong>:Aleaci\u00f3n de aluminio<\/li>\n<li>\n<strong>Estructura del mobiliario<\/strong>:Estructura<\/li>\n<li>\n<strong>patr\u00f3n<\/strong>:Color s\u00f3lido<\/li>\n<li>\n<strong>ordenar por color<\/strong>:Leisure swivel chair 59*59*80cm red, leisure swivel chair 59*59*80cm gray, leisure swivel chair 59*59*80cm blue, A aluminum dining table 75*75*75cm, A rock board dining table 75*75*75cm, A teak dining table 75*75*75cm, B rock board dining table 120*120*75cm, C rock board dining table 90*90*75cm<\/li>\n<li>\n<strong><\/strong>:<\/li>\n<\/ul>","protected":false},"excerpt":{"rendered":"<p>Marca: otro\/otro Modelo: 0227 Estilo: Europa del Norte Caracter\u00edsticas adicionales: giratorio Material principal: aleaci\u00f3n de aluminio Estructura del mueble: marco Patr\u00f3n: color s\u00f3lido Ordenar por color: Silla giratoria de ocio 59*59*80cm rojo,<\/p>","protected":false},"featured_media":133125,"comment_status":"open","ping_status":"closed","template":"","meta":[],"product_brand":[],"product_cat":[30971,30850],"product_tag":[15654],"class_list":{"0":"post-73657","1":"product","2":"type-product","3":"status-publish","4":"has-post-thumbnail","6":"product_cat-hp","7":"product_cat-wholesale-furniture","8":"product_tag-taobao","10":"first","11":"instock","12":"sale","13":"taxable","14":"shipping-taxable","15":"purchasable","16":"product-type-variable"},"_links":{"self":[{"href":"https:\/\/nexgendecors.com\/es\/wp-json\/wp\/v2\/product\/73657","targetHints":{"allow":["GET"]}}],"collection":[{"href":"https:\/\/nexgendecors.com\/es\/wp-json\/wp\/v2\/product"}],"about":[{"href":"https:\/\/nexgendecors.com\/es\/wp-json\/wp\/v2\/types\/product"}],"replies":[{"embeddable":true,"href":"https:\/\/nexgendecors.com\/es\/wp-json\/wp\/v2\/comments?post=73657"}],"version-history":[{"count":0,"href":"https:\/\/nexgendecors.com\/es\/wp-json\/wp\/v2\/product\/73657\/revisions"}],"wp:featuredmedia":[{"embeddable":true,"href":"https:\/\/nexgendecors.com\/es\/wp-json\/wp\/v2\/media\/133125"}],"wp:attachment":[{"href":"https:\/\/nexgendecors.com\/es\/wp-json\/wp\/v2\/media?parent=73657"}],"wp:term":[{"taxonomy":"product_brand","embeddable":true,"href":"https:\/\/nexgendecors.com\/es\/wp-json\/wp\/v2\/product_brand?post=73657"},{"taxonomy":"product_cat","embeddable":true,"href":"https:\/\/nexgendecors.com\/es\/wp-json\/wp\/v2\/product_cat?post=73657"},{"taxonomy":"product_tag","embeddable":true,"href":"https:\/\/nexgendecors.com\/es\/wp-json\/wp\/v2\/product_tag?post=73657"}],"curies":[{"name":"wp","href":"https:\/\/api.w.org\/{rel}","templated":true}]}}