{"id":73712,"date":"2025-01-26T03:26:56","date_gmt":"2025-01-26T03:26:56","guid":{"rendered":"https:\/\/nexgendecors.com\/product\/nordic-restaurant-chandelier-modern-simple-creative-personality-three-head-dining-room-bar-internet-celebrity-bedroom-bedside-small-chandelier\/"},"modified":"2025-04-06T09:23:19","modified_gmt":"2025-04-06T09:23:19","slug":"nordic-restaurant-chandelier-modern-simple-creative-personality-three-head-dining-room-bar-internet-celebrity-bedroom-bedside-small-chandelier","status":"publish","type":"product","link":"https:\/\/nexgendecors.com\/es\/product\/nordic-restaurant-chandelier-modern-simple-creative-personality-three-head-dining-room-bar-internet-celebrity-bedroom-bedside-small-chandelier\/","title":{"rendered":"Nordic Modern Three-Head Chandelier for Dining &#038; Bedroom"},"content":{"rendered":"<ul>\n<li>\n<strong>marca<\/strong>:Schmidt<\/li>\n<li>\n<strong>modelo<\/strong>:8634<\/li>\n<li>\n<strong>fuerza<\/strong>:6W (incluido) \u2013 10W (incluido)<\/li>\n<li>\n<strong>estilo<\/strong>:Europa del Norte<\/li>\n<li>\n<strong>Espacio aplicable<\/strong>:Dormitorio\/Estudio<\/li>\n<li>\n<strong>ordenar por color<\/strong>:Cognac color &#8211; single-head 12-watt three-color segmented (with 1.5-meter hanging wire) Cognac color &#8211; three-pack 36-watt white light (with 1.5-meter hanging wire) Cognac color &#8211; two-pack 24-watt three-color segmented (with 1.5-meter hanging wire) Smoke gray &#8211; two-pack 24-watt warm light (with 1.5-meter hanging wire) Cognac color &#8211; three-pack 36-watt warm light (with 1.5-meter hanging wire) Cognac color &#8211; single-head 12-watt warm light (with 1.5-meter hanging wire) Smoke gray &#8211; two-pack 24-watt three-color segmented (with 1.5-meter hanging wire) Smoke gray &#8211; three-pack 36-watt white light (with 1.5-meter hanging wire) Cognac color &#8211; two-pack 24-watt warm light (with 1.5-meter hanging wire) Smoke gray &#8211; two-pack 24-watt white light (with 1.5-meter hanging wire) Cognac color &#8211; three-pack 36-watt three-color segmented (with 1.5-meter hanging wire) Smoke gray &#8211; three packs of 36 watts three-color segmented (with 1.5-meter hanging wire) Cognac color &#8211; single-end 12-watt white light (with 1.5-meter hanging wire) Cognac color &#8211; two packs of 24 watts white light (with 1.5-meter hanging wire) Smoke gray &#8211; single-end 12 watt three-color segmented (with 1.5-meter hanging wire) Smoke gray &#8211; three packs of 36 watts warm light (with 1.5-meter hanging wire) Smoke gray &#8211; single-end 12 watts white light (with 1.5-meter hanging wire) Smoke gray &#8211; single-end 12 watts warm light (with 1.5-meter hanging wire)<\/li>\n<li>\n<strong>\u00bfLa l\u00e1mpara tiene una fuente de luz?<\/strong>:S\u00ed<\/li>\n<li>\n<strong>Servicio en la ciudad<\/strong>:Log\u00edstica intraurbana de entrega puerta a puerta<\/li>\n<li>\n<strong>Voltaje<\/strong>:111 V ~ 240 V (inclusive)<\/li>\n<li>\n<strong>Material principal del cuerpo de la l\u00e1mpara.<\/strong>:hierro<\/li>\n<li>\n<strong>Material principal de la pantalla de la l\u00e1mpara<\/strong>:Vaso<\/li>\n<li>\n<strong>tipo de fuente de luz<\/strong>:Luces LED<\/li>\n<li>\n<strong>N\u00famero de fuentes de luz<\/strong>:1<\/li>\n<li>\n<strong>Tecnolog\u00eda<\/strong>:Escarchado de pintura en aerosol<\/li>\n<li>\n<strong>\u00c1rea de irradiaci\u00f3n<\/strong>:10\u33a1-15\u33a1<\/li>\n<li>\n<strong>Tipo de control<\/strong>:Intelligent switch control<\/li>\n<li>\n<strong>Material auxiliar para pantallas de l\u00e1mparas<\/strong>:Vaso<\/li>\n<li>\n<strong>Material auxiliar del cuerpo de la l\u00e1mpara<\/strong>:hierro<\/li>\n<li>\n<strong>Tipo inteligente<\/strong>:No hay soporte para smart<\/li>\n<li>\n<strong>Ya sea control inteligente<\/strong>:No<\/li>\n<li>\n<strong>Forma de la l\u00e1mpara<\/strong>:L\u00e1mpara de ara\u00f1a de l\u00ednea de pescado<\/li>\n<li>\n<strong>N\u00famero de cabezales de l\u00e1mpara<\/strong>:1<\/li>\n<li>\n<strong>Tipo de l\u00e1mpara de ara\u00f1a<\/strong>:L\u00e1mpara de ara\u00f1a de hierro forjado<\/li>\n<li>\n<strong>Per\u00edodo de garant\u00eda<\/strong>:3 a\u00f1os<\/li>\n<li>\n<strong>N\u00famero de certificado 3C<\/strong>:2023011001539682<\/li>\n<li>\n<strong><\/strong>:<\/li>\n<\/ul>","protected":false},"excerpt":{"rendered":"<p>brand:Schmidt model:8634 power:6W (inclusive) &#8211; 10W (inclusive) style:Northern Europe Applicable space:Bedroom\/Study sort by color:Cognac color &#8211; single-head 12-watt three-color segmented<\/p>","protected":false},"featured_media":133190,"comment_status":"open","ping_status":"closed","template":"","meta":[],"product_brand":[],"product_cat":[30971,30864],"product_tag":[],"class_list":{"0":"post-73712","1":"product","2":"type-product","3":"status-publish","4":"has-post-thumbnail","6":"product_cat-hp","7":"product_cat-new-wholesales-lights","9":"first","10":"instock","11":"taxable","12":"shipping-taxable","13":"purchasable","14":"product-type-variable"},"_links":{"self":[{"href":"https:\/\/nexgendecors.com\/es\/wp-json\/wp\/v2\/product\/73712","targetHints":{"allow":["GET"]}}],"collection":[{"href":"https:\/\/nexgendecors.com\/es\/wp-json\/wp\/v2\/product"}],"about":[{"href":"https:\/\/nexgendecors.com\/es\/wp-json\/wp\/v2\/types\/product"}],"replies":[{"embeddable":true,"href":"https:\/\/nexgendecors.com\/es\/wp-json\/wp\/v2\/comments?post=73712"}],"version-history":[{"count":0,"href":"https:\/\/nexgendecors.com\/es\/wp-json\/wp\/v2\/product\/73712\/revisions"}],"wp:featuredmedia":[{"embeddable":true,"href":"https:\/\/nexgendecors.com\/es\/wp-json\/wp\/v2\/media\/133190"}],"wp:attachment":[{"href":"https:\/\/nexgendecors.com\/es\/wp-json\/wp\/v2\/media?parent=73712"}],"wp:term":[{"taxonomy":"product_brand","embeddable":true,"href":"https:\/\/nexgendecors.com\/es\/wp-json\/wp\/v2\/product_brand?post=73712"},{"taxonomy":"product_cat","embeddable":true,"href":"https:\/\/nexgendecors.com\/es\/wp-json\/wp\/v2\/product_cat?post=73712"},{"taxonomy":"product_tag","embeddable":true,"href":"https:\/\/nexgendecors.com\/es\/wp-json\/wp\/v2\/product_tag?post=73712"}],"curies":[{"name":"wp","href":"https:\/\/api.w.org\/{rel}","templated":true}]}}