{"id":73763,"date":"2025-01-26T03:27:05","date_gmt":"2025-01-26T03:27:05","guid":{"rendered":"https:\/\/nexgendecors.com\/product\/nordic-restaurant-chandelier-three-heads-modern-simple-macaron-single-head-single-bar-front-desk-dining-room-dining-pendant-pendant-lamp\/"},"modified":"2025-04-06T09:23:29","modified_gmt":"2025-04-06T09:23:29","slug":"nordic-restaurant-chandelier-three-heads-modern-simple-macaron-single-head-single-bar-front-desk-dining-room-dining-pendant-pendant-lamp","status":"publish","type":"product","link":"https:\/\/nexgendecors.com\/es\/product\/nordic-restaurant-chandelier-three-heads-modern-simple-macaron-single-head-single-bar-front-desk-dining-room-dining-pendant-pendant-lamp\/","title":{"rendered":"Nordic Chandelier Pendant Lamp &#8211; Modern Macaron Design"},"content":{"rendered":"<ul>\n<li>\n<strong>marca<\/strong>:Kaferay<\/li>\n<li>\n<strong>modelo<\/strong>:F5511<\/li>\n<li>\n<strong>estilo<\/strong>:Europa del Norte<\/li>\n<li>\n<strong>Tipo de control<\/strong>:Otro control no inteligente Control de aplicaci\u00f3n Control de voz inteligente Control de interruptor inteligente<\/li>\n<li>\n<strong>Tipo de l\u00e1mpara de ara\u00f1a<\/strong>:L\u00e1mpara de ara\u00f1a de resina<\/li>\n<li>\n<strong>Material principal del cuerpo de la l\u00e1mpara.<\/strong>:Resina<\/li>\n<li>\n<strong>Material principal de la pantalla de la l\u00e1mpara<\/strong>:Resina<\/li>\n<li>\n<strong>Voltaje<\/strong>:111 V ~ 240 V (inclusive)<\/li>\n<li>\n<strong>Tipo inteligente<\/strong>:Conectado a Tmall Genie<\/li>\n<li>\n<strong>N\u00famero de accesorios<\/strong>:1<\/li>\n<li>\n<strong>Forma de la l\u00e1mpara<\/strong>:L\u00e1mpara de ara\u00f1a de l\u00ednea de pescado<\/li>\n<li>\n<strong>Ya sea control inteligente<\/strong>:S\u00ed<\/li>\n<li>\n<strong>Material auxiliar para pantallas de l\u00e1mparas<\/strong>:Resina<\/li>\n<li>\n<strong>N\u00famero de cabezales de l\u00e1mpara<\/strong>:1<\/li>\n<li>\n<strong>Material auxiliar del cuerpo de la l\u00e1mpara<\/strong>:hierro<\/li>\n<li>\n<strong>Servicio en la ciudad<\/strong>:Los compradores de la misma ciudad recogen la mercanc\u00eda en casa.<\/li>\n<li>\n<strong>Per\u00edodo de garant\u00eda<\/strong>:3 a\u00f1os<\/li>\n<li>\n<strong>\u00c1rea de irradiaci\u00f3n<\/strong>:3\u33a1-5\u33a1<\/li>\n<li>\n<strong>Valor K de la temperatura de color de la fuente de luz<\/strong>:3000K<\/li>\n<li>\n<strong>Temperatura de color<\/strong>:Luz c\u00e1lida (2700K-3500K)<\/li>\n<li>\n<strong>\u00bfLa l\u00e1mpara tiene una fuente de luz?<\/strong>:No<\/li>\n<li>\n<strong>tipo de fuente de luz<\/strong>:Luces LED<\/li>\n<li>\n<strong>N\u00famero de fuentes de luz<\/strong>:1<\/li>\n<li>\n<strong>Tecnolog\u00eda<\/strong>:Escarchado de pintura en aerosol<\/li>\n<li>\n<strong>ordenar por color<\/strong>:[Full spectrum eye protection] Model C &#8211; Sakura pink &#8211; three-color light [Full spectrum eye protection] Model C &#8211; pure white &#8211; three-color light [Full spectrum eye protection] Model C &#8211; classic black &#8211; three-color light [Full spectrum eye protection] Model A &#8211; Sakura pink &#8211; three-color light [Full spectrum eye protection] Model A &#8211; pure white &#8211; three-color light [Full spectrum eye protection] Model A &#8211; classic black &#8211; three-color light [Full spectrum eye protection] Model B &#8211; Sakura pink &#8211; three-color light [Full spectrum eye protection] Model B &#8211; pure white &#8211; three-color light [Full spectrum eye protection] Model B &#8211; classic black &#8211; three-color light [Full spectrum eye protection] Model C &#8211; white &#8211; smart dimming (can be connected to Tmall Genie) [Full spectrum eye protection] Model B &#8211; white &#8211; smart dimming (can be connected to Tmall Genie) [Full spectrum eye protection] Model A &#8211; white &#8211; smart dimming (can be connected to Tmall Genie) [Full spectrum eye protection] 2-head long disk 1-three-color light [full spectrum eye protection] 2-head long disk 2-three-color light [full spectrum eye protection] 3-head long disk 1-three-color light [full spectrum eye protection] 3-head long disk 2-three-color light [full spectrum eye protection] 3-head long disk 3-three-color light [full spectrum eye protection] 3-head long disk 4-three-color light [full spectrum eye protection] 3-head round disk 1-three-color light [full spectrum eye protection] 3-head round disk 2-three-color light [full spectrum eye protection] 3-head round disk 3-three-color light [full spectrum eye protection] 4-head long disk 1-three-color light<\/li>\n<li>\n<strong>N\u00famero de certificado 3C<\/strong>:2024371001000045<\/li>\n<\/ul>","protected":false},"excerpt":{"rendered":"<p>brand:Kaferay model:F5511 style:Northern Europe Control Type:Other non-intelligent control APP control Intelligent voice control Intelligent switch control Chandelier Type:Resin Chandelier Main<\/p>","protected":false},"featured_media":133254,"comment_status":"open","ping_status":"closed","template":"","meta":[],"product_brand":[],"product_cat":[30971,30864],"product_tag":[],"class_list":{"0":"post-73763","1":"product","2":"type-product","3":"status-publish","4":"has-post-thumbnail","6":"product_cat-hp","7":"product_cat-new-wholesales-lights","9":"first","10":"instock","11":"taxable","12":"shipping-taxable","13":"purchasable","14":"product-type-variable"},"_links":{"self":[{"href":"https:\/\/nexgendecors.com\/es\/wp-json\/wp\/v2\/product\/73763","targetHints":{"allow":["GET"]}}],"collection":[{"href":"https:\/\/nexgendecors.com\/es\/wp-json\/wp\/v2\/product"}],"about":[{"href":"https:\/\/nexgendecors.com\/es\/wp-json\/wp\/v2\/types\/product"}],"replies":[{"embeddable":true,"href":"https:\/\/nexgendecors.com\/es\/wp-json\/wp\/v2\/comments?post=73763"}],"version-history":[{"count":0,"href":"https:\/\/nexgendecors.com\/es\/wp-json\/wp\/v2\/product\/73763\/revisions"}],"wp:featuredmedia":[{"embeddable":true,"href":"https:\/\/nexgendecors.com\/es\/wp-json\/wp\/v2\/media\/133254"}],"wp:attachment":[{"href":"https:\/\/nexgendecors.com\/es\/wp-json\/wp\/v2\/media?parent=73763"}],"wp:term":[{"taxonomy":"product_brand","embeddable":true,"href":"https:\/\/nexgendecors.com\/es\/wp-json\/wp\/v2\/product_brand?post=73763"},{"taxonomy":"product_cat","embeddable":true,"href":"https:\/\/nexgendecors.com\/es\/wp-json\/wp\/v2\/product_cat?post=73763"},{"taxonomy":"product_tag","embeddable":true,"href":"https:\/\/nexgendecors.com\/es\/wp-json\/wp\/v2\/product_tag?post=73763"}],"curies":[{"name":"wp","href":"https:\/\/api.w.org\/{rel}","templated":true}]}}