{"id":73815,"date":"2025-01-26T03:27:12","date_gmt":"2025-01-26T03:27:12","guid":{"rendered":"https:\/\/nexgendecors.com\/product\/nordic-retro-solid-wood-tv-cabinet-storage-locker-integrated-floor-standing-wabi-sabi-style-floor-cabinet-antique-style-audio-visual-cabinet-2\/"},"modified":"2025-03-08T13:39:48","modified_gmt":"2025-03-08T13:39:48","slug":"mueble-de-tv-de-madera-maciza-estilo-retro-nordico-armario-de-almacenamiento-integrado-mueble-de-suelo-estilo-wabi-sabi-mueble-audiovisual-de-estilo-antiguo-2","status":"publish","type":"product","link":"https:\/\/nexgendecors.com\/es\/product\/mueble-de-tv-de-madera-maciza-estilo-retro-nordico-armario-de-almacenamiento-integrado-mueble-de-suelo-estilo-wabi-sabi-mueble-audiovisual-de-estilo-antiguo-2\/","title":{"rendered":"Mueble de TV n\u00f3rdico retro de madera maciza \u2013 Estilo Wabi-Sabi"},"content":{"rendered":"<ul>\n<li>\n<strong>marca<\/strong>Arce morado de jade<\/li>\n<li>\n<strong>modelo<\/strong>:Y0901<\/li>\n<li>\n<strong>estilo<\/strong>:Estilo medieval<\/li>\n<li>\n<strong>volumen del paquete<\/strong>:1<\/li>\n<li>\n<strong>\u00bfEs personalizable?<\/strong>:S\u00ed<\/li>\n<li>\n<strong>Armar<\/strong>:S\u00ed<\/li>\n<li>\n<strong>Material<\/strong>:Tablero ecol\u00f3gico de madera maciza<\/li>\n<li>\n<strong>Adecuado<\/strong>:General<\/li>\n<li>\n<strong>longitud<\/strong>:1,2 m-2,4 m<\/li>\n<li>\n<strong>ordenar por color<\/strong>:1600 Largo 400 Profundidad 550 Alto 1800 Largo 400 Profundidad 550 Alto 2000 Largo 400 Profundidad 550 Alto 2200 Largo 400 Profundidad 550 Alto 2400 Largo 400 Profundidad 550 Alto Otros tama\u00f1os Personalizados<\/li>\n<\/ul>\n<p><img><\/p>","protected":false},"excerpt":{"rendered":"<p>Marca: Jade Purple Maple Modelo: Y0901 Estilo: Estilo medieval Volumen del paquete: 1 \u00bfEs personalizable?: S\u00ed Ensamblar: S\u00ed Material: Tablero ecol\u00f3gico de madera maciza Adecuado: General Longitud: 1,2 m-2,4 m Ordenar por<\/p>","protected":false},"featured_media":133272,"comment_status":"open","ping_status":"closed","template":"","meta":[],"product_brand":[],"product_cat":[30862,30971,30850,30851,30854],"product_tag":[],"class_list":{"0":"post-73815","1":"product","2":"type-product","3":"status-publish","4":"has-post-thumbnail","6":"product_cat-wholesales-hotels","7":"product_cat-hp","8":"product_cat-wholesale-furniture","9":"product_cat-wholesale-cabinets","10":"product_cat-wholesale-side-table","12":"first","13":"instock","14":"taxable","15":"shipping-taxable","16":"purchasable","17":"product-type-variable"},"_links":{"self":[{"href":"https:\/\/nexgendecors.com\/es\/wp-json\/wp\/v2\/product\/73815","targetHints":{"allow":["GET"]}}],"collection":[{"href":"https:\/\/nexgendecors.com\/es\/wp-json\/wp\/v2\/product"}],"about":[{"href":"https:\/\/nexgendecors.com\/es\/wp-json\/wp\/v2\/types\/product"}],"replies":[{"embeddable":true,"href":"https:\/\/nexgendecors.com\/es\/wp-json\/wp\/v2\/comments?post=73815"}],"version-history":[{"count":0,"href":"https:\/\/nexgendecors.com\/es\/wp-json\/wp\/v2\/product\/73815\/revisions"}],"wp:featuredmedia":[{"embeddable":true,"href":"https:\/\/nexgendecors.com\/es\/wp-json\/wp\/v2\/media\/133272"}],"wp:attachment":[{"href":"https:\/\/nexgendecors.com\/es\/wp-json\/wp\/v2\/media?parent=73815"}],"wp:term":[{"taxonomy":"product_brand","embeddable":true,"href":"https:\/\/nexgendecors.com\/es\/wp-json\/wp\/v2\/product_brand?post=73815"},{"taxonomy":"product_cat","embeddable":true,"href":"https:\/\/nexgendecors.com\/es\/wp-json\/wp\/v2\/product_cat?post=73815"},{"taxonomy":"product_tag","embeddable":true,"href":"https:\/\/nexgendecors.com\/es\/wp-json\/wp\/v2\/product_tag?post=73815"}],"curies":[{"name":"wp","href":"https:\/\/api.w.org\/{rel}","templated":true}]}}