{"id":73903,"date":"2025-01-26T03:27:23","date_gmt":"2025-01-26T03:27:23","guid":{"rendered":"https:\/\/nexgendecors.com\/product\/nordic-simple-designer-sofa-chair-original-bull-chair-single-leather-leisure-boss-chair-living-room-ox-chair\/"},"modified":"2025-04-06T09:23:50","modified_gmt":"2025-04-06T09:23:50","slug":"sillon-nordico-de-diseno-sencillo-original-de-piel-para-el-salon-tipo-buey","status":"publish","type":"product","link":"https:\/\/nexgendecors.com\/es\/product\/sillon-nordico-de-diseno-sencillo-original-de-piel-para-el-salon-tipo-buey\/","title":{"rendered":"Nordic Bull Chair: elegante sill\u00f3n de cuero para el ocio"},"content":{"rendered":"<ul>\n<li>\n<strong>marca<\/strong>:Muebles Xinfang<\/li>\n<li>\n<strong>modelo<\/strong>:630<\/li>\n<li>\n<strong>estilo<\/strong>:Europa del Norte<\/li>\n<li>\n<strong>Relleno<\/strong>:Esponja de espuma de alta elasticidad<\/li>\n<li>\n<strong>\u00bfEs personalizable?<\/strong>:S\u00ed<\/li>\n<li>\n<strong>Armar<\/strong>:S\u00ed<\/li>\n<li>\n<strong>Material<\/strong>:cuero<\/li>\n<li>\n<strong>Adecuado<\/strong>:Adultos<\/li>\n<li>\n<strong>Posicionamiento de estilo<\/strong>:Estilo art\u00edstico<\/li>\n<li>\n<strong>Entrega\/instalaci\u00f3n disponible<\/strong>: Foshan, Zhengzhou, Guiyang, Guangzhou, Fuzhou, Harbin, Xiamen, Chongqing, Changzhou, Suzhou, Xi&#039;an, Shenzhen, Nanjing, Beijing, Wuxi, Qingdao, Changsha, Chengdu, Shanghai, Wuhan, Nanning, Shenyang, Dalian, Taizhou, Dongguan, Tianjin, Otros, Jinhua, Hangzhou, Ningbo, Nanchang, Wenzhou<\/li>\n<li>\n<strong>ordenar por color<\/strong>Versi\u00f3n b\u00e1sica [Sill\u00f3n individual de cuero estilo occidental], Versi\u00f3n b\u00e1sica [Sill\u00f3n individual de cuero estilo occidental + 1 juego de reposapi\u00e9s], Versi\u00f3n mejorada [Sill\u00f3n individual de cuero de grosor medio en la superficie de contacto], Versi\u00f3n mejorada [Sill\u00f3n individual de cuero de grosor medio en la superficie de contacto + 1 juego de reposapi\u00e9s], Versi\u00f3n l\u00edder [Sill\u00f3n individual de cuero de vaca amarillo importado en la superficie de contacto], Versi\u00f3n l\u00edder [Sill\u00f3n individual de cuero de vaca amarillo importado en la superficie de contacto + 1 juego de reposapi\u00e9s], Versi\u00f3n premium [Sill\u00f3n individual de cuero medio verde a\u00f1adido en la superficie de contacto], Versi\u00f3n premium [Sill\u00f3n individual de cuero medio verde con tapizado completo en la superficie de contacto + 1 juego de reposapi\u00e9s], Versi\u00f3n premium [Sill\u00f3n individual de cuero medio verde con tapizado completo en la superficie de contacto + 1 juego de reposapi\u00e9s]<\/li>\n<li>\n<strong><\/strong>:<\/li>\n<\/ul>\n<p><img><\/p>","protected":false},"excerpt":{"rendered":"<p>brand:Xinfang Furniture model:630 style:Northern Europe Filling:High elastic foam sponge Is it customizable?:yes Assemble:yes Material:leather Suitable:Adults Style positioning:Artistic style Delivery\/installation available:Foshan,<\/p>","protected":false},"featured_media":133349,"comment_status":"open","ping_status":"closed","template":"","meta":[],"product_brand":[],"product_cat":[30862,30971,30856,30850],"product_tag":[],"class_list":{"0":"post-73903","1":"product","2":"type-product","3":"status-publish","4":"has-post-thumbnail","6":"product_cat-wholesales-hotels","7":"product_cat-hp","8":"product_cat-outdoor-furniture","9":"product_cat-wholesale-furniture","11":"first","12":"instock","13":"taxable","14":"shipping-taxable","15":"purchasable","16":"product-type-variable"},"_links":{"self":[{"href":"https:\/\/nexgendecors.com\/es\/wp-json\/wp\/v2\/product\/73903","targetHints":{"allow":["GET"]}}],"collection":[{"href":"https:\/\/nexgendecors.com\/es\/wp-json\/wp\/v2\/product"}],"about":[{"href":"https:\/\/nexgendecors.com\/es\/wp-json\/wp\/v2\/types\/product"}],"replies":[{"embeddable":true,"href":"https:\/\/nexgendecors.com\/es\/wp-json\/wp\/v2\/comments?post=73903"}],"version-history":[{"count":0,"href":"https:\/\/nexgendecors.com\/es\/wp-json\/wp\/v2\/product\/73903\/revisions"}],"wp:featuredmedia":[{"embeddable":true,"href":"https:\/\/nexgendecors.com\/es\/wp-json\/wp\/v2\/media\/133349"}],"wp:attachment":[{"href":"https:\/\/nexgendecors.com\/es\/wp-json\/wp\/v2\/media?parent=73903"}],"wp:term":[{"taxonomy":"product_brand","embeddable":true,"href":"https:\/\/nexgendecors.com\/es\/wp-json\/wp\/v2\/product_brand?post=73903"},{"taxonomy":"product_cat","embeddable":true,"href":"https:\/\/nexgendecors.com\/es\/wp-json\/wp\/v2\/product_cat?post=73903"},{"taxonomy":"product_tag","embeddable":true,"href":"https:\/\/nexgendecors.com\/es\/wp-json\/wp\/v2\/product_tag?post=73903"}],"curies":[{"name":"wp","href":"https:\/\/api.w.org\/{rel}","templated":true}]}}