{"id":74297,"date":"2025-01-26T03:28:11","date_gmt":"2025-01-26T03:28:11","guid":{"rendered":"https:\/\/nexgendecors.com\/product\/nomila-home-modern-office-cafe-leisure-solid-wood-dining-chair-home-backrest-white-stackable-ins-wind-4\/"},"modified":"2025-04-06T09:24:55","modified_gmt":"2025-04-06T09:24:55","slug":"silla-de-comedor-de-madera-maciza-nomila-home-moderna-para-oficina-cafeteria-ocio-respaldo-blanco-apilable-con-4-sillas","status":"publish","type":"product","link":"https:\/\/nexgendecors.com\/es\/product\/silla-de-comedor-de-madera-maciza-nomila-home-moderna-para-oficina-cafeteria-ocio-respaldo-blanco-apilable-con-4-sillas\/","title":{"rendered":"Nordmyra Silla 39 - Juego de 4 elegantes sillas de comedor"},"content":{"rendered":"<p><meta charset=\"utf-8\"><\/p>\n<p><strong>Descripci\u00f3n<\/strong><\/p>\n<p><strong>\u00a1Abre tu puerta a la sofisticaci\u00f3n y el estilo!<\/strong><\/p>\n<p>La sofisticada y elegante silla de acento de tama\u00f1o mediano que ve le dar\u00e1 un toque modernista por excelencia a cualquier espacio. La suave curva del asiento luce espectacular y resulta fascinante. Se percibe la influencia del dise\u00f1ador desde el primer momento. El respaldo firme y el asiento individual se combinan con una robusta estructura de madera. Las patas c\u00f3nicas y anguladas le dan un toque moderno y retro.<\/p>\n<p><strong>Detalles:<\/strong><\/p>\n<ul>\n<li>Marco de madera<\/li>\n<li>Acento blanco tanto en el asiento como en el respaldo.<\/li>\n<li>Construcci\u00f3n robusta<\/li>\n<\/ul>\n<p>Desde revitalizar ese rinc\u00f3n descuidado de la casa hasta crear un pr\u00e1ctico espacio donde por fin puedas guardar la ropa doblada, esta silla te aportar\u00e1 versatilidad y estilo. Es ideal tanto para espacios peque\u00f1os como grandes. Elegante, esta silla de madera tiene un dise\u00f1o de mediados de siglo y materiales industriales. As\u00ed que, an\u00edmate a vivir una vida de lujo: esta silla de madera est\u00e1 a punto de transformar tu hogar u oficina. Dise\u00f1ada para m\u00e1xima comodidad, est\u00e9tica y sofisticaci\u00f3n, esta silla es la envidia de tus vecinos. \u00bfA qu\u00e9 esperas? Haz tu pedido hoy mismo.<\/p>","protected":false},"excerpt":{"rendered":"<p>Descripci\u00f3n \u00a1Abra su puerta a la sofisticaci\u00f3n y el estilo! La sofisticada y elegante silla de acento de tama\u00f1o medio que ve le aportar\u00e1<\/p>","protected":false},"featured_media":133685,"comment_status":"open","ping_status":"closed","template":"","meta":[],"product_brand":[],"product_cat":[30825,30826,30971,32],"product_tag":[12259,12260],"class_list":{"0":"post-74297","1":"product","2":"type-product","3":"status-publish","4":"has-post-thumbnail","6":"product_cat-dining-chairs","7":"product_cat-dining-room","8":"product_cat-hp","9":"product_cat-residential-furniture","10":"product_tag-_wf_cus","11":"product_tag-_wf_exc","13":"first","14":"instock","15":"sale","16":"taxable","17":"shipping-taxable","18":"purchasable","19":"product-type-variable"},"_links":{"self":[{"href":"https:\/\/nexgendecors.com\/es\/wp-json\/wp\/v2\/product\/74297","targetHints":{"allow":["GET"]}}],"collection":[{"href":"https:\/\/nexgendecors.com\/es\/wp-json\/wp\/v2\/product"}],"about":[{"href":"https:\/\/nexgendecors.com\/es\/wp-json\/wp\/v2\/types\/product"}],"replies":[{"embeddable":true,"href":"https:\/\/nexgendecors.com\/es\/wp-json\/wp\/v2\/comments?post=74297"}],"version-history":[{"count":0,"href":"https:\/\/nexgendecors.com\/es\/wp-json\/wp\/v2\/product\/74297\/revisions"}],"wp:featuredmedia":[{"embeddable":true,"href":"https:\/\/nexgendecors.com\/es\/wp-json\/wp\/v2\/media\/133685"}],"wp:attachment":[{"href":"https:\/\/nexgendecors.com\/es\/wp-json\/wp\/v2\/media?parent=74297"}],"wp:term":[{"taxonomy":"product_brand","embeddable":true,"href":"https:\/\/nexgendecors.com\/es\/wp-json\/wp\/v2\/product_brand?post=74297"},{"taxonomy":"product_cat","embeddable":true,"href":"https:\/\/nexgendecors.com\/es\/wp-json\/wp\/v2\/product_cat?post=74297"},{"taxonomy":"product_tag","embeddable":true,"href":"https:\/\/nexgendecors.com\/es\/wp-json\/wp\/v2\/product_tag?post=74297"}],"curies":[{"name":"wp","href":"https:\/\/api.w.org\/{rel}","templated":true}]}}