{"id":74314,"date":"2025-01-26T03:28:14","date_gmt":"2025-01-26T03:28:14","guid":{"rendered":"https:\/\/nexgendecors.com\/product\/north-american-black-walnut-dining-table-special-shaped-lamborghini-desk-solid-wood-restaurant-extreme-speed-riva-curved-log-dining-table\/"},"modified":"2025-04-06T09:24:59","modified_gmt":"2025-04-06T09:24:59","slug":"north-american-black-walnut-dining-table-special-shaped-lamborghini-desk-solid-wood-restaurant-extreme-speed-riva-curved-log-dining-table","status":"publish","type":"product","link":"https:\/\/nexgendecors.com\/es\/product\/north-american-black-walnut-dining-table-special-shaped-lamborghini-desk-solid-wood-restaurant-extreme-speed-riva-curved-log-dining-table\/","title":{"rendered":"Mesa de comedor curva Lamborghini de nogal negro"},"content":{"rendered":"<ul>\n<li>\n<strong>marca<\/strong>:otro\/otro<\/li>\n<li>\n<strong>modelo<\/strong>:15800<\/li>\n<li>\n<strong>Funci\u00f3n<\/strong>:Multifunci\u00f3n<\/li>\n<li>\n<strong>Material<\/strong>:Madera<\/li>\n<li>\n<strong>patr\u00f3n<\/strong>:Arte<\/li>\n<li>\n<strong>estilo<\/strong>:Europa del Norte<\/li>\n<li>\n<strong>forma<\/strong>:Oval<\/li>\n<li>\n<strong>N\u00famero de personas aplicable<\/strong>:8 personas<\/li>\n<li>\n<strong>elementos populares<\/strong>:Mortise and tenon, log<\/li>\n<li>\n<strong>Tipo de embalaje<\/strong>:Embalar<\/li>\n<li>\n<strong>ordenar por color<\/strong>:FAS North American Black Walnut Logs<\/li>\n<li>\n<strong>Material de acabado<\/strong>:Madera<\/li>\n<li>\n<strong>\u00bfEs escalable?<\/strong>:No<\/li>\n<li>\n<strong>\u00bfEs personalizable?<\/strong>:S\u00ed<\/li>\n<li>\n<strong>Si llevar un tocadiscos<\/strong>:No<\/li>\n<li>\n<strong>\u00bfEl escritorio es ajustable?<\/strong>:No<\/li>\n<li>\n<strong>Ya sea con rodillo<\/strong>:No<\/li>\n<li>\n<strong>Si llevar bomba<\/strong>:No<\/li>\n<li>\n<strong>\u00bfHay un gabinete?<\/strong>:No<\/li>\n<li>\n<strong>N\u00famero de capas<\/strong>:1 historia<\/li>\n<li>\n<strong>Estructura del mobiliario<\/strong>:Estructura<\/li>\n<li>\n<strong>Si traer una silla o un taburete<\/strong>:No<\/li>\n<li>\n<strong>Entrega\/instalaci\u00f3n disponible<\/strong>:Shanghai, Otros, Beijing, Nanjing, Nanchang, Harbin, Dalian, Tianjin, Ningbo, Guangzhou, Chengdu, Hangzhou, Wuhan, Shenyang, Shenzhen, Wenzhou, Suzhou, Xi&#039;an, Guiyang, Zhengzhou, Chongqing, Jinhua, Changsha, Dongguan, Fuzhou, Qingdao, Wuxi, Taizhou, Changzhou, Foshan, Xiamen, Nanning<\/li>\n<li>\n<strong>Origen<\/strong>:Llevar a la fuerza<\/li>\n<li>\n<strong>Armar<\/strong>:No<\/li>\n<li>\n<strong>\u00bfHay taxi disponible para transporte?<\/strong>:No<\/li>\n<li>\n<strong>Posicionamiento de estilo<\/strong>:Lujo de calidad<\/li>\n<li>\n<strong>Peso bruto<\/strong>:500 kilos<\/li>\n<li>\n<strong>tama\u00f1o<\/strong>:160x90x75cm,180x90x75cm,200x95x75cm,220x95x75cm,240x95x75cm,1x1x1cm<\/li>\n<li>\n<strong>Si tiene funci\u00f3n de cocina de inducci\u00f3n<\/strong>:No<\/li>\n<\/ul>\n<p><img><\/p>","protected":false},"excerpt":{"rendered":"<p>Marca: otro\/otro Modelo: 15800 Funci\u00f3n: multifunci\u00f3n Material: madera Patr\u00f3n: arte Estilo: norte de Europa Forma: ovalada N\u00famero aplicable de personas: 8 personas Elementos populares: mortaja y espiga, tronco Tipo de embalaje: paquete<\/p>","protected":false},"featured_media":133706,"comment_status":"open","ping_status":"closed","template":"","meta":[],"product_brand":[],"product_cat":[30852,30862,30971,30860],"product_tag":[],"class_list":{"0":"post-74314","1":"product","2":"type-product","3":"status-publish","4":"has-post-thumbnail","6":"product_cat-dining-set","7":"product_cat-wholesales-hotels","8":"product_cat-hp","9":"product_cat-wholesale-restaurant","11":"first","12":"instock","13":"sale","14":"taxable","15":"shipping-taxable","16":"purchasable","17":"product-type-variable"},"_links":{"self":[{"href":"https:\/\/nexgendecors.com\/es\/wp-json\/wp\/v2\/product\/74314","targetHints":{"allow":["GET"]}}],"collection":[{"href":"https:\/\/nexgendecors.com\/es\/wp-json\/wp\/v2\/product"}],"about":[{"href":"https:\/\/nexgendecors.com\/es\/wp-json\/wp\/v2\/types\/product"}],"replies":[{"embeddable":true,"href":"https:\/\/nexgendecors.com\/es\/wp-json\/wp\/v2\/comments?post=74314"}],"version-history":[{"count":0,"href":"https:\/\/nexgendecors.com\/es\/wp-json\/wp\/v2\/product\/74314\/revisions"}],"wp:featuredmedia":[{"embeddable":true,"href":"https:\/\/nexgendecors.com\/es\/wp-json\/wp\/v2\/media\/133706"}],"wp:attachment":[{"href":"https:\/\/nexgendecors.com\/es\/wp-json\/wp\/v2\/media?parent=74314"}],"wp:term":[{"taxonomy":"product_brand","embeddable":true,"href":"https:\/\/nexgendecors.com\/es\/wp-json\/wp\/v2\/product_brand?post=74314"},{"taxonomy":"product_cat","embeddable":true,"href":"https:\/\/nexgendecors.com\/es\/wp-json\/wp\/v2\/product_cat?post=74314"},{"taxonomy":"product_tag","embeddable":true,"href":"https:\/\/nexgendecors.com\/es\/wp-json\/wp\/v2\/product_tag?post=74314"}],"curies":[{"name":"wp","href":"https:\/\/api.w.org\/{rel}","templated":true}]}}