{"id":74494,"date":"2025-01-26T03:28:33","date_gmt":"2025-01-26T03:28:33","guid":{"rendered":"https:\/\/nexgendecors.com\/product\/nunukids-childrens-store-toy-set-simulation-shopping-cart-kitchen-play-supermarket-convenience-car-wooden\/"},"modified":"2025-04-06T09:25:18","modified_gmt":"2025-04-06T09:25:18","slug":"juego-de-juguetes-para-tienda-infantil-nunukids-carrito-de-compras-de-simulacion-cocina-supermercado-coche-de-madera","status":"publish","type":"product","link":"https:\/\/nexgendecors.com\/es\/product\/juego-de-juguetes-para-tienda-infantil-nunukids-carrito-de-compras-de-simulacion-cocina-supermercado-coche-de-madera\/","title":{"rendered":"Juego de cocina de madera y carrito de compras Nunukids"},"content":{"rendered":"<ul>\n<li>\n<strong>marca<\/strong>:NUNUKIDS<\/li>\n<li>\n<strong>modelo<\/strong>:nunukids tienda supermercado juguetes<\/li>\n<li>\n<strong>Edad adecuada<\/strong>:4 a\u00f1os, 3 a\u00f1os, 6 a\u00f1os, 5 a\u00f1os<\/li>\n<li>\n<strong>Material<\/strong>:Madera<\/li>\n<li>\n<strong>Origen<\/strong>:China continental<\/li>\n<li>\n<strong>provincia<\/strong>:Provincia de Zhejiang<\/li>\n<li>\n<strong>ciudad<\/strong>: Ciudad de Lishui<\/li>\n<li>\n<strong>G\u00e9nero aplicable<\/strong>:Unisexo<\/li>\n<li>\n<strong>Tipo de juguete<\/strong>:Simulaci\u00f3n de caja registradora<\/li>\n<li>\n<strong>ordenar por color<\/strong>:juguetes de la tienda nunukids, tienda peque\u00f1a YLB, carrito de conveniencia YLB, carrito grande de helados americano, tienda noble danesa, juguetes para la casa de postres, carrito de compras YLB, carrito de compras gris, carrito de compras rosa, mesa de herramientas grande YLB, hospital combinado YLB, mesa de barbacoa YLB, carrito de compras con oso azul, carrito de compras con oso rosa, tienda de conveniencia YLB, puesto de verduras de escritorio YLB, puesto de frutas de escritorio YLB, puesto de frutas y verduras YLB<\/li>\n<\/ul>\n<p><img><\/p>","protected":false},"excerpt":{"rendered":"<p>Marca: NUNUKIDS Modelo: Tienda de juguetes de supermercado NUNUKIDS Edad adecuada: 4 a\u00f1os, 3 a\u00f1os, 6 a\u00f1os, 5 a\u00f1os Material: Madera Origen: Chino<\/p>","protected":false},"featured_media":133941,"comment_status":"open","ping_status":"closed","template":"","meta":[],"product_brand":[],"product_cat":[30971,30849],"product_tag":[],"class_list":{"0":"post-74494","1":"product","2":"type-product","3":"status-publish","4":"has-post-thumbnail","6":"product_cat-hp","7":"product_cat-kindergarten-school-furniture","9":"first","10":"instock","11":"taxable","12":"shipping-taxable","13":"purchasable","14":"product-type-variable"},"_links":{"self":[{"href":"https:\/\/nexgendecors.com\/es\/wp-json\/wp\/v2\/product\/74494","targetHints":{"allow":["GET"]}}],"collection":[{"href":"https:\/\/nexgendecors.com\/es\/wp-json\/wp\/v2\/product"}],"about":[{"href":"https:\/\/nexgendecors.com\/es\/wp-json\/wp\/v2\/types\/product"}],"replies":[{"embeddable":true,"href":"https:\/\/nexgendecors.com\/es\/wp-json\/wp\/v2\/comments?post=74494"}],"version-history":[{"count":0,"href":"https:\/\/nexgendecors.com\/es\/wp-json\/wp\/v2\/product\/74494\/revisions"}],"wp:featuredmedia":[{"embeddable":true,"href":"https:\/\/nexgendecors.com\/es\/wp-json\/wp\/v2\/media\/133941"}],"wp:attachment":[{"href":"https:\/\/nexgendecors.com\/es\/wp-json\/wp\/v2\/media?parent=74494"}],"wp:term":[{"taxonomy":"product_brand","embeddable":true,"href":"https:\/\/nexgendecors.com\/es\/wp-json\/wp\/v2\/product_brand?post=74494"},{"taxonomy":"product_cat","embeddable":true,"href":"https:\/\/nexgendecors.com\/es\/wp-json\/wp\/v2\/product_cat?post=74494"},{"taxonomy":"product_tag","embeddable":true,"href":"https:\/\/nexgendecors.com\/es\/wp-json\/wp\/v2\/product_tag?post=74494"}],"curies":[{"name":"wp","href":"https:\/\/api.w.org\/{rel}","templated":true}]}}