{"id":74514,"date":"2025-01-26T03:28:35","date_gmt":"2025-01-26T03:28:35","guid":{"rendered":"https:\/\/nexgendecors.com\/product\/nunukids-nordic-style-childrens-play-house-kitchen-toy-set-girl-cooking-simulation-kitchen-utensils-doll-home\/"},"modified":"2025-04-06T09:25:21","modified_gmt":"2025-04-06T09:25:21","slug":"nunukids-nordic-style-childrens-play-house-kitchen-toy-set-girl-cooking-simulation-kitchen-utensils-doll-home","status":"publish","type":"product","link":"https:\/\/nexgendecors.com\/es\/product\/nunukids-nordic-style-childrens-play-house-kitchen-toy-set-girl-cooking-simulation-kitchen-utensils-doll-home\/","title":{"rendered":"NUNUKIDS Juego de cocina n\u00f3rdica para ni\u00f1os"},"content":{"rendered":"<ul>\n<li>\n<strong>marca<\/strong>:NUNUKIDS<\/li>\n<li>\n<strong>modelo<\/strong>:NUNUKIDS Kitchen<\/li>\n<li>\n<strong>Edad adecuada<\/strong>:4 years old, 3 years old, 6 years old, 5 years old, 7 years old<\/li>\n<li>\n<strong>Material<\/strong>:Madera<\/li>\n<li>\n<strong>Origen<\/strong>:China continental<\/li>\n<li>\n<strong>provincia<\/strong>:Provincia de Zhejiang<\/li>\n<li>\n<strong>ciudad<\/strong>: Ciudad de Lishui<\/li>\n<li>\n<strong>G\u00e9nero aplicable<\/strong>:Unisexo<\/li>\n<li>\n<strong>Tipo de juguete<\/strong>:Cocina de simulaci\u00f3n<\/li>\n<li>\n<strong>ordenar por color<\/strong>:NUNUKIDS beech wood model, NUNUKIDS dressing table with jewelry, NUNUKIDS Swedish model [sound and light model], NUNUKIDS beech wood model + refrigerator, nunukids refrigerator, wowoztoys kitchen, export Nordic gray and white model, export Nordic gray and white [heightened model], cuci beech wood B model [sound and light model], Danish noble store, export to South Korea gray [sound and light model], export to South Korea white [sound and light model], export to South Korea gray [sound and light model] + refrigerator, export to South Korea white [sound and light model] + refrigerator, Korean integrated kitchen white [multi-function sound and light model], Korean integrated kitchen pink [multi-function sound and light model], gray refrigerator, white refrigerator, export Nordic microwave oven, export Vienna kitchen, export Vienna refrigerator, export European range hood [sound and light model], export South American deer model, Lebi classic G model, Lebi Japanese B model, Lebi European C model, large German blue kitchen [sound and light model], large German blue kitchen + refrigerator<\/li>\n<\/ul>\n<p><img><\/p>","protected":false},"excerpt":{"rendered":"<p>marca:NUNUKIDS modelo:NUNUKIDS Cocina Edad adecuada:4 a\u00f1os, 3 a\u00f1os, 6 a\u00f1os, 5 a\u00f1os, 7 a\u00f1os Material:Madera<\/p>","protected":false},"featured_media":133947,"comment_status":"open","ping_status":"closed","template":"","meta":[],"product_brand":[],"product_cat":[30899,30971,30849],"product_tag":[],"class_list":{"0":"post-74514","1":"product","2":"type-product","3":"status-publish","4":"has-post-thumbnail","6":"product_cat-bs-kindergarten","7":"product_cat-hp","8":"product_cat-kindergarten-school-furniture","10":"first","11":"instock","12":"taxable","13":"shipping-taxable","14":"purchasable","15":"product-type-variable"},"_links":{"self":[{"href":"https:\/\/nexgendecors.com\/es\/wp-json\/wp\/v2\/product\/74514","targetHints":{"allow":["GET"]}}],"collection":[{"href":"https:\/\/nexgendecors.com\/es\/wp-json\/wp\/v2\/product"}],"about":[{"href":"https:\/\/nexgendecors.com\/es\/wp-json\/wp\/v2\/types\/product"}],"replies":[{"embeddable":true,"href":"https:\/\/nexgendecors.com\/es\/wp-json\/wp\/v2\/comments?post=74514"}],"version-history":[{"count":0,"href":"https:\/\/nexgendecors.com\/es\/wp-json\/wp\/v2\/product\/74514\/revisions"}],"wp:featuredmedia":[{"embeddable":true,"href":"https:\/\/nexgendecors.com\/es\/wp-json\/wp\/v2\/media\/133947"}],"wp:attachment":[{"href":"https:\/\/nexgendecors.com\/es\/wp-json\/wp\/v2\/media?parent=74514"}],"wp:term":[{"taxonomy":"product_brand","embeddable":true,"href":"https:\/\/nexgendecors.com\/es\/wp-json\/wp\/v2\/product_brand?post=74514"},{"taxonomy":"product_cat","embeddable":true,"href":"https:\/\/nexgendecors.com\/es\/wp-json\/wp\/v2\/product_cat?post=74514"},{"taxonomy":"product_tag","embeddable":true,"href":"https:\/\/nexgendecors.com\/es\/wp-json\/wp\/v2\/product_tag?post=74514"}],"curies":[{"name":"wp","href":"https:\/\/api.w.org\/{rel}","templated":true}]}}