{"id":74592,"date":"2025-01-26T03:28:46","date_gmt":"2025-01-26T03:28:46","guid":{"rendered":"https:\/\/nexgendecors.com\/product\/occasional-italian-minimalist-leisure-chair-ash-wood-living-room-balcony-linen-fabric-designer-solid-wood-single-sofa-chair\/"},"modified":"2025-04-06T09:25:36","modified_gmt":"2025-04-06T09:25:36","slug":"sillon-italiano-minimalista-de-ocio-ocasional-de-madera-de-fresno-para-salon-balcon-tela-de-lino-diseno-de-madera-maciza-sofa-individual","status":"publish","type":"product","link":"https:\/\/nexgendecors.com\/es\/product\/sillon-italiano-minimalista-de-ocio-ocasional-de-madera-de-fresno-para-salon-balcon-tela-de-lino-diseno-de-madera-maciza-sofa-individual\/","title":{"rendered":"Silla de ocio minimalista italiana de madera de fresno y tela de lino"},"content":{"rendered":"<ul>\n<li>\n<strong>Peso bruto<\/strong>:25 kilos<\/li>\n<li>\n<strong>marca<\/strong>:Arte accidental<\/li>\n<li>\n<strong>modelo<\/strong>:OR-007<\/li>\n<li>\n<strong>estilo<\/strong>:Italiano<\/li>\n<li>\n<strong>Armar<\/strong>:No<\/li>\n<li>\n<strong>Adecuado<\/strong>:Adultos<\/li>\n<li>\n<strong>\u00bfEs reemplazable?<\/strong>:No<\/li>\n<li>\n<strong>volumen del paquete<\/strong>:0.8<\/li>\n<li>\n<strong>Relleno<\/strong>:Plum\u00f3n de ganso<\/li>\n<li>\n<strong>\u00bfEs personalizable?<\/strong>:No<\/li>\n<li>\n<strong>Material<\/strong>:Madera maciza<\/li>\n<li>\n<strong>patr\u00f3n<\/strong>:Otro<\/li>\n<li>\n<strong>\u00bfHay taxi disponible para transporte?<\/strong>:No<\/li>\n<li>\n<strong>Posicionamiento de estilo<\/strong>:Lujo de calidad<\/li>\n<li>\n<strong>ordenar por color<\/strong>:[Estructura de roble blanco] Jacquard blanco (modelo l\u00e1tex), [Estructura de roble blanco] Lino beige (modelo l\u00e1tex), Silla de ocio negro carb\u00f3n (modelo Down) Reproducci\u00f3n original, Silla de ocio negro carb\u00f3n (modelo esponja de alta densidad) Reproducci\u00f3n original, Silla de ocio negro carb\u00f3n (modelo l\u00e1tex) Reproducci\u00f3n original, Silla de ocio negro carb\u00f3n + Reposapi\u00e9s (modelo Down), Silla de ocio negro carb\u00f3n + Reposapi\u00e9s (modelo esponja), Silla de ocio negro carb\u00f3n + Reposapi\u00e9s (modelo l\u00e1tex), [Tela original] Jacquard blanco (modelo Down) Reproducci\u00f3n original, [Tela original] Jacquard blanco (modelo Down) + Reposapi\u00e9s Reproducci\u00f3n, Jacquard rojo (modelo esponja) Reproducci\u00f3n original, Franela roja (modelo esponja de alta densidad), Franela azul (esponja de alta densidad), Silla de ocio + Mesa auxiliar de fresno, Reposapi\u00e9s<\/li>\n<li>\n<strong><\/strong>:<\/li>\n<\/ul>\n<p><img><\/p>","protected":false},"excerpt":{"rendered":"<p>Gross Weight:25kg brand:Accidental Art model:OR-007 style:Italian Assemble:no Suitable:Adults Is it replaceable?:no package volume:0.8 Filling:Goose down Is it customizable?:no Material:Solid Wood<\/p>","protected":false},"featured_media":134034,"comment_status":"open","ping_status":"closed","template":"","meta":[],"product_brand":[],"product_cat":[30862,30971,30850],"product_tag":[],"class_list":{"0":"post-74592","1":"product","2":"type-product","3":"status-publish","4":"has-post-thumbnail","6":"product_cat-wholesales-hotels","7":"product_cat-hp","8":"product_cat-wholesale-furniture","10":"first","11":"instock","12":"taxable","13":"shipping-taxable","14":"purchasable","15":"product-type-variable"},"_links":{"self":[{"href":"https:\/\/nexgendecors.com\/es\/wp-json\/wp\/v2\/product\/74592","targetHints":{"allow":["GET"]}}],"collection":[{"href":"https:\/\/nexgendecors.com\/es\/wp-json\/wp\/v2\/product"}],"about":[{"href":"https:\/\/nexgendecors.com\/es\/wp-json\/wp\/v2\/types\/product"}],"replies":[{"embeddable":true,"href":"https:\/\/nexgendecors.com\/es\/wp-json\/wp\/v2\/comments?post=74592"}],"version-history":[{"count":0,"href":"https:\/\/nexgendecors.com\/es\/wp-json\/wp\/v2\/product\/74592\/revisions"}],"wp:featuredmedia":[{"embeddable":true,"href":"https:\/\/nexgendecors.com\/es\/wp-json\/wp\/v2\/media\/134034"}],"wp:attachment":[{"href":"https:\/\/nexgendecors.com\/es\/wp-json\/wp\/v2\/media?parent=74592"}],"wp:term":[{"taxonomy":"product_brand","embeddable":true,"href":"https:\/\/nexgendecors.com\/es\/wp-json\/wp\/v2\/product_brand?post=74592"},{"taxonomy":"product_cat","embeddable":true,"href":"https:\/\/nexgendecors.com\/es\/wp-json\/wp\/v2\/product_cat?post=74592"},{"taxonomy":"product_tag","embeddable":true,"href":"https:\/\/nexgendecors.com\/es\/wp-json\/wp\/v2\/product_tag?post=74592"}],"curies":[{"name":"wp","href":"https:\/\/api.w.org\/{rel}","templated":true}]}}