{"id":74680,"date":"2025-01-26T03:28:59","date_gmt":"2025-01-26T03:28:59","guid":{"rendered":"https:\/\/nexgendecors.com\/product\/office-chair-bow-office-chair-computer-chair-conference-room-reception-chair-chess-chair-mahjong-chair-study-chair\/"},"modified":"2025-04-06T09:25:48","modified_gmt":"2025-04-06T09:25:48","slug":"silla-de-oficina-con-arco-silla-de-oficina-silla-de-computadora-silla-de-recepcion-para-sala-de-conferencias-silla-de-ajedrez-silla-de-mahjong-silla-de-estudio","status":"publish","type":"product","link":"https:\/\/nexgendecors.com\/es\/product\/silla-de-oficina-con-arco-silla-de-oficina-silla-de-computadora-silla-de-recepcion-para-sala-de-conferencias-silla-de-ajedrez-silla-de-mahjong-silla-de-estudio\/","title":{"rendered":"Silla de oficina elegante: asiento ergon\u00f3mico para ordenador y conferencias"},"content":{"rendered":"<ul>\n<li>\n<strong>estilo<\/strong>:Moderno y sencillo<\/li>\n<li>\n<strong>\u00bfEs plegable?<\/strong>:No<\/li>\n<li>\n<strong>\u00bfPuedo acostarme?<\/strong>:No<\/li>\n<li>\n<strong>\u00bfEs apilable?<\/strong>:No<\/li>\n<li>\n<strong>Tipo de pasamanos<\/strong>:Reposabrazos fijo<\/li>\n<li>\n<strong>Material<\/strong>:cuero<\/li>\n<li>\n<strong>\u00bfEs giratorio?<\/strong>:No<\/li>\n<li>\n<strong>\u00bfSe puede subir o bajar?<\/strong>:No<\/li>\n<li>\n<strong>Material para pies de cinco estrellas<\/strong>:Pies de acero<\/li>\n<li>\n<strong>Material de tela<\/strong>:xipi<\/li>\n<li>\n<strong>ordenar por color<\/strong>:Caf\u00e9 oscuro + color piel (pie arqueado), gris oscuro (pie arqueado), gris claro + color caf\u00e9 con leche (pie arqueado), gris claro (pie arqueado), naranja + color piel (pie arqueado), marr\u00f3n + naranja (pie arqueado), blanco + naranja (pie arqueado), negro (pie arqueado), color piel (pie arqueado), naranja (pie arqueado), caf\u00e9 oscuro + color piel (silla giratoria), gris oscuro (silla giratoria), gris claro (silla giratoria), gris claro + color caf\u00e9 con leche (silla giratoria), caf\u00e9 con leche + color piel (silla giratoria), color piel (silla giratoria), naranja + color piel (silla giratoria), blanco + naranja (silla giratoria)<\/li>\n<li>\n<strong><\/strong>:<\/li>\n<\/ul>\n<p><img><\/p>","protected":false},"excerpt":{"rendered":"<p>Estilo:Moderno y sencillo \u00bfEs plegable?:no \u00bfPuedo acostarme?:no \u00bfEs apilable?:no Tipo de pasamanos:Reposabrazos fijo Material:cuero \u00bfEs giratorio?:no<\/p>","protected":false},"featured_media":134110,"comment_status":"open","ping_status":"closed","template":"","meta":[],"product_brand":[],"product_cat":[30971,30859],"product_tag":[],"class_list":{"0":"post-74680","1":"product","2":"type-product","3":"status-publish","4":"has-post-thumbnail","6":"product_cat-hp","7":"product_cat-wholesale-office","9":"first","10":"instock","11":"sale","12":"taxable","13":"shipping-taxable","14":"purchasable","15":"product-type-variable"},"_links":{"self":[{"href":"https:\/\/nexgendecors.com\/es\/wp-json\/wp\/v2\/product\/74680","targetHints":{"allow":["GET"]}}],"collection":[{"href":"https:\/\/nexgendecors.com\/es\/wp-json\/wp\/v2\/product"}],"about":[{"href":"https:\/\/nexgendecors.com\/es\/wp-json\/wp\/v2\/types\/product"}],"replies":[{"embeddable":true,"href":"https:\/\/nexgendecors.com\/es\/wp-json\/wp\/v2\/comments?post=74680"}],"version-history":[{"count":0,"href":"https:\/\/nexgendecors.com\/es\/wp-json\/wp\/v2\/product\/74680\/revisions"}],"wp:featuredmedia":[{"embeddable":true,"href":"https:\/\/nexgendecors.com\/es\/wp-json\/wp\/v2\/media\/134110"}],"wp:attachment":[{"href":"https:\/\/nexgendecors.com\/es\/wp-json\/wp\/v2\/media?parent=74680"}],"wp:term":[{"taxonomy":"product_brand","embeddable":true,"href":"https:\/\/nexgendecors.com\/es\/wp-json\/wp\/v2\/product_brand?post=74680"},{"taxonomy":"product_cat","embeddable":true,"href":"https:\/\/nexgendecors.com\/es\/wp-json\/wp\/v2\/product_cat?post=74680"},{"taxonomy":"product_tag","embeddable":true,"href":"https:\/\/nexgendecors.com\/es\/wp-json\/wp\/v2\/product_tag?post=74680"}],"curies":[{"name":"wp","href":"https:\/\/api.w.org\/{rel}","templated":true}]}}