{"id":74856,"date":"2025-01-26T03:29:20","date_gmt":"2025-01-26T03:29:20","guid":{"rendered":"https:\/\/nexgendecors.com\/product\/office-chair-modern-simple-boss-chair-comfortable-long-term-sitting-chair-large-class-chair-nordic-computer-chair-home-leather-chair\/"},"modified":"2025-04-06T09:26:10","modified_gmt":"2025-04-06T09:26:10","slug":"silla-de-oficina-moderna-y-sencilla-comoda-y-para-jefes-para-sentarse-durante-largos-periodos-de-estilo-grande-y-de-clase-de-estilo-nordico-para-ordenador-y-de-cuero-para-el-hogar","status":"publish","type":"product","link":"https:\/\/nexgendecors.com\/es\/product\/silla-de-oficina-moderna-y-sencilla-comoda-y-para-jefes-para-sentarse-durante-largos-periodos-de-estilo-grande-y-de-clase-de-estilo-nordico-para-ordenador-y-de-cuero-para-el-hogar\/","title":{"rendered":"Silla de oficina moderna de piel n\u00f3rdica: c\u00f3moda y elegante"},"content":{"rendered":"<ul>\n<li>\n<strong>marca<\/strong>:Ouyi<\/li>\n<li>\n<strong>modelo<\/strong>:HYD-601<\/li>\n<li>\n<strong>provincia<\/strong>:Provincia de Guangdong<\/li>\n<li>\n<strong>\u00bfSe puede subir o bajar?<\/strong>:S\u00ed<\/li>\n<li>\n<strong>Tama\u00f1o del paquete<\/strong>:0.36<\/li>\n<li>\n<strong>Material para pies de cinco estrellas<\/strong>:Pies de aleaci\u00f3n de aluminio<\/li>\n<li>\n<strong>Material de tela<\/strong>:Cuero artificial<\/li>\n<li>\n<strong>\u00bfPuedo acostarme?<\/strong>:No<\/li>\n<li>\n<strong>Origen<\/strong>:China continental<\/li>\n<li>\n<strong>Tipo de pasamanos<\/strong>:Reposabrazos fijo<\/li>\n<li>\n<strong>Material del asiento<\/strong>:Arte en cuero<\/li>\n<li>\n<strong>Peso del paquete<\/strong>:30<\/li>\n<li>\n<strong>ordenar por color<\/strong>: Pie rodante Xipi con veta de madera de nogal + tecnolog\u00eda negra, pie fijo Xipi con tecnolog\u00eda negra, pie rodante con veta de madera de nogal + piel de microfibra negra, pie fijo con veta de madera de nogal + piel de microfibra negra, pie rodante con veta de madera de nogal + piel de vacuno negra, pie fijo con veta de madera de nogal + piel de vacuno negra, pie rodante Xipi con tecnolog\u00eda blanco piano + beige, pie fijo Xipi con tecnolog\u00eda blanco piano + beige, pie rodante con piel de microfibra blanco piano + beige, pie fijo con piel de vacuno blanco piano + beige, pies rodantes con piel de microfibra color ceniza + blanquecino, parte trasera corta, pies rodantes Xipi con tecnolog\u00eda blanco piano + negro, pies rodantes con piel de microfibra blanco piano + negro, pies rodantes con piel de vacuno negra, pies rodantes Xipi con tecnolog\u00eda blanco piano + naranja, pies rodantes con piel de microfibra blanco piano + naranja, pies rodantes con piel de vacuno naranja, pies rodantes Xipi con tecnolog\u00eda blanco piano + gris, pies rodantes Xipi con tecnolog\u00eda azul gris\u00e1ceo + negro de cuero completo, pies rodantes Xipi con tecnolog\u00eda ceniza + blanquecino, Color grano de nogal + patas rodantes Xipi blancas<\/li>\n<\/ul>\n<p><img><\/p>","protected":false},"excerpt":{"rendered":"<p>marca:Ouyi modelo:HYD-601 provincia:Provincia de Guangdong \u00bfSe puede subir o bajar?:s\u00ed Tama\u00f1o del paquete:0,36 Cinco estrellas material de los pies:Pies de aleaci\u00f3n de aluminio Material del tejido:Piel artificial<\/p>","protected":false},"featured_media":134264,"comment_status":"open","ping_status":"closed","template":"","meta":[],"product_brand":[],"product_cat":[30901,30971,30859],"product_tag":[],"class_list":{"0":"post-74856","1":"product","2":"type-product","3":"status-publish","4":"has-post-thumbnail","6":"product_cat-bs-office","7":"product_cat-hp","8":"product_cat-wholesale-office","10":"first","11":"instock","12":"sale","13":"taxable","14":"shipping-taxable","15":"purchasable","16":"product-type-variable"},"_links":{"self":[{"href":"https:\/\/nexgendecors.com\/es\/wp-json\/wp\/v2\/product\/74856","targetHints":{"allow":["GET"]}}],"collection":[{"href":"https:\/\/nexgendecors.com\/es\/wp-json\/wp\/v2\/product"}],"about":[{"href":"https:\/\/nexgendecors.com\/es\/wp-json\/wp\/v2\/types\/product"}],"replies":[{"embeddable":true,"href":"https:\/\/nexgendecors.com\/es\/wp-json\/wp\/v2\/comments?post=74856"}],"version-history":[{"count":0,"href":"https:\/\/nexgendecors.com\/es\/wp-json\/wp\/v2\/product\/74856\/revisions"}],"wp:featuredmedia":[{"embeddable":true,"href":"https:\/\/nexgendecors.com\/es\/wp-json\/wp\/v2\/media\/134264"}],"wp:attachment":[{"href":"https:\/\/nexgendecors.com\/es\/wp-json\/wp\/v2\/media?parent=74856"}],"wp:term":[{"taxonomy":"product_brand","embeddable":true,"href":"https:\/\/nexgendecors.com\/es\/wp-json\/wp\/v2\/product_brand?post=74856"},{"taxonomy":"product_cat","embeddable":true,"href":"https:\/\/nexgendecors.com\/es\/wp-json\/wp\/v2\/product_cat?post=74856"},{"taxonomy":"product_tag","embeddable":true,"href":"https:\/\/nexgendecors.com\/es\/wp-json\/wp\/v2\/product_tag?post=74856"}],"curies":[{"name":"wp","href":"https:\/\/api.w.org\/{rel}","templated":true}]}}