{"id":76489,"date":"2025-01-26T03:32:01","date_gmt":"2025-01-26T03:32:01","guid":{"rendered":"https:\/\/nexgendecors.com\/product\/original-wood-cream-style-solid-wood-rock-board-round-dining-table-nordic-french-dining-table-modern-simple-with-turntable-home-round-table\/"},"modified":"2025-04-06T09:28:06","modified_gmt":"2025-04-06T09:28:06","slug":"mesa-de-comedor-redonda-de-madera-maciza-estilo-crema-con-tablero-de-roca-mesa-de-comedor-nordica-francesa-moderna-y-sencilla-con-plato-giratorio-mesa-redonda-para-el-hogar","status":"publish","type":"product","link":"https:\/\/nexgendecors.com\/es\/product\/mesa-de-comedor-redonda-de-madera-maciza-estilo-crema-con-tablero-de-roca-mesa-de-comedor-nordica-francesa-moderna-y-sencilla-con-plato-giratorio-mesa-redonda-para-el-hogar\/","title":{"rendered":"Mesa de comedor redonda n\u00f3rdica de madera maciza con plato giratorio"},"content":{"rendered":"<ul>\n<li>\n<strong>estilo<\/strong>:Estilo Crema<\/li>\n<li>\n<strong>Armar<\/strong>:S\u00ed<\/li>\n<li>\n<strong>\u00bfEst\u00e1 disponible la preventa?<\/strong>:S\u00ed<\/li>\n<li>\n<strong>Material de acabado<\/strong>:Tabla de roca<\/li>\n<li>\n<strong>Si tiene funci\u00f3n de cocina de inducci\u00f3n<\/strong>:No<\/li>\n<li>\n<strong>volumen del paquete<\/strong>:1<\/li>\n<li>\n<strong>forma<\/strong>:Redondo<\/li>\n<li>\n<strong>N\u00famero de capas<\/strong>:2 capas<\/li>\n<li>\n<strong>Si traer una silla o un taburete<\/strong>:S\u00ed<\/li>\n<li>\n<strong>Estructura del mobiliario<\/strong>:Estructura<\/li>\n<li>\n<strong>\u00bfHay un gabinete?<\/strong>:No<\/li>\n<li>\n<strong>Tipo de embalaje<\/strong>:Asamblea<\/li>\n<li>\n<strong>Posicionamiento de estilo<\/strong>:Estilo art\u00edstico<\/li>\n<li>\n<strong>ordenar por color<\/strong>:Mesa redonda de losa de roca de madera maciza [sin plato giratorio] Mesa redonda de losa de roca de madera maciza [plato giratorio externo] Mesa redonda de losa de roca de madera maciza [sin plato giratorio] + 4 sillas Mesa redonda de losa de roca de madera maciza [sin plato giratorio] + 6 sillas Mesa redonda de losa de roca de madera maciza [sin plato giratorio] + 8 sillas Mesa redonda de losa de roca de madera maciza [plato giratorio externo] + 4 sillas Mesa redonda de losa de roca de madera maciza [plato giratorio externo] + 6 sillas Mesa redonda de losa de roca de madera maciza [plato giratorio externo] + 8 sillas<\/li>\n<li>\n<strong>marca<\/strong>:Afortunadamente<\/li>\n<li>\n<strong>modelo<\/strong>:A-958<\/li>\n<li>\n<strong>elementos populares<\/strong>:Madera original dise\u00f1ada por el maestro y pintada a mano.<\/li>\n<li>\n<strong>tama\u00f1o<\/strong>:100x100x75cm 120x120x75cm 130x130x75cm 135x135x75cm 150x150x75cm 160x160x75cm<\/li>\n<li>\n<strong>Ya sea con rodillo<\/strong>:No<\/li>\n<li>\n<strong>\u00bfEl escritorio es ajustable?<\/strong>:No<\/li>\n<li>\n<strong>\u00bfEs escalable?<\/strong>:No<\/li>\n<li>\n<strong>Peso bruto<\/strong>:50 kilos<\/li>\n<li>\n<strong>Si llevar bomba<\/strong>:No<\/li>\n<li>\n<strong>Si llevar un tocadiscos<\/strong>:S\u00ed<\/li>\n<li>\n<strong>\u00bfEs personalizable?<\/strong>:S\u00ed<\/li>\n<li>\n<strong>Funci\u00f3n<\/strong>:Rotaci\u00f3n<\/li>\n<li>\n<strong>Detalles de las instrucciones de instalaci\u00f3n<\/strong>:No hay instrucciones de instalaci\u00f3n<\/li>\n<li>\n<strong>N\u00famero de personas aplicable<\/strong>:6 personas<\/li>\n<li>\n<strong>patr\u00f3n<\/strong>:Arte<\/li>\n<li>\n<strong>\u00bfHay taxi disponible para transporte?<\/strong>:No<\/li>\n<li>\n<strong>Entrega\/instalaci\u00f3n disponible<\/strong>:Foshan Zhengzhou Guiyang Guangzhou Fuzhou Harbin Xiamen Chongqing Changzhou Suzhou Xi&#039;an Shenzhen Nanjing Beijing Changsha Qingdao Wuxi Chengdu Shanghai Wuhan Nanning Shenyang Dalian Taizhou Dongguan Tianjin Otros Jinhua Hangzhou Nanchang Ningbo Wenzhou<\/li>\n<\/ul>\n<p><img><\/p>","protected":false},"excerpt":{"rendered":"<p>Estilo:Estilo crema Ensamblaje:s\u00ed \u00bfEst\u00e1 disponible la preventa?:s\u00ed Material de acabado:tablero de roca Si tiene funci\u00f3n de cocina de inducci\u00f3n:no Volumen del paquete:1 Forma:redonda N\u00famero de<\/p>","protected":false},"featured_media":135445,"comment_status":"open","ping_status":"closed","template":"","meta":[],"product_brand":[],"product_cat":[30852,30862,30971,30861],"product_tag":[],"class_list":{"0":"post-76489","1":"product","2":"type-product","3":"status-publish","4":"has-post-thumbnail","6":"product_cat-dining-set","7":"product_cat-wholesales-hotels","8":"product_cat-hp","9":"product_cat-wholesale-tables","11":"first","12":"instock","13":"taxable","14":"shipping-taxable","15":"purchasable","16":"product-type-variable"},"_links":{"self":[{"href":"https:\/\/nexgendecors.com\/es\/wp-json\/wp\/v2\/product\/76489","targetHints":{"allow":["GET"]}}],"collection":[{"href":"https:\/\/nexgendecors.com\/es\/wp-json\/wp\/v2\/product"}],"about":[{"href":"https:\/\/nexgendecors.com\/es\/wp-json\/wp\/v2\/types\/product"}],"replies":[{"embeddable":true,"href":"https:\/\/nexgendecors.com\/es\/wp-json\/wp\/v2\/comments?post=76489"}],"version-history":[{"count":0,"href":"https:\/\/nexgendecors.com\/es\/wp-json\/wp\/v2\/product\/76489\/revisions"}],"wp:featuredmedia":[{"embeddable":true,"href":"https:\/\/nexgendecors.com\/es\/wp-json\/wp\/v2\/media\/135445"}],"wp:attachment":[{"href":"https:\/\/nexgendecors.com\/es\/wp-json\/wp\/v2\/media?parent=76489"}],"wp:term":[{"taxonomy":"product_brand","embeddable":true,"href":"https:\/\/nexgendecors.com\/es\/wp-json\/wp\/v2\/product_brand?post=76489"},{"taxonomy":"product_cat","embeddable":true,"href":"https:\/\/nexgendecors.com\/es\/wp-json\/wp\/v2\/product_cat?post=76489"},{"taxonomy":"product_tag","embeddable":true,"href":"https:\/\/nexgendecors.com\/es\/wp-json\/wp\/v2\/product_tag?post=76489"}],"curies":[{"name":"wp","href":"https:\/\/api.w.org\/{rel}","templated":true}]}}