{"id":76540,"date":"2025-01-26T03:32:05","date_gmt":"2025-01-26T03:32:05","guid":{"rendered":"https:\/\/nexgendecors.com\/product\/outdoor-aluminum-alloy-tables-and-chairs-leisure-courtyard-open-air-garden-stainless-steel-bench-designer-park-chair-combination-furniture-2\/"},"modified":"2025-04-06T09:28:10","modified_gmt":"2025-04-06T09:28:10","slug":"outdoor-aluminum-alloy-tables-and-chairs-leisure-courtyard-open-air-garden-stainless-steel-bench-designer-park-chair-combination-furniture-2","status":"publish","type":"product","link":"https:\/\/nexgendecors.com\/es\/product\/outdoor-aluminum-alloy-tables-and-chairs-leisure-courtyard-open-air-garden-stainless-steel-bench-designer-park-chair-combination-furniture-2\/","title":{"rendered":"Elegante conjunto de muebles de exterior de aleaci\u00f3n de aluminio para jardines"},"content":{"rendered":"<ul>\n<li>\n<strong>\u00bfHay espacio de almacenamiento?<\/strong>:No<\/li>\n<li>\n<strong>estilo<\/strong>:Moderno y sencillo<\/li>\n<li>\n<strong>Armar<\/strong>:S\u00ed<\/li>\n<li>\n<strong>Distritos y condados<\/strong>Distrito de Chancheng<\/li>\n<li>\n<strong>\u00bfEst\u00e1 disponible la preventa?<\/strong>:No<\/li>\n<li>\n<strong>Material de acabado<\/strong>:Madera<\/li>\n<li>\n<strong>\u00bfEs reemplazable?<\/strong>:No<\/li>\n<li>\n<strong>Caracter\u00edsticas adicionales<\/strong>:puede moverse<\/li>\n<li>\n<strong>volumen del paquete<\/strong>:2<\/li>\n<li>\n<strong>Relleno<\/strong>:esponja<\/li>\n<li>\n<strong>Combinaci\u00f3n de sof\u00e1s<\/strong>:Forma de U<\/li>\n<li>\n<strong>Estructura del mobiliario<\/strong>:Estructura<\/li>\n<li>\n<strong>Frame material<\/strong>:Metal<\/li>\n<li>\n<strong>ordenar por color<\/strong>:Single-sided 1.4m teak model, single-sided 1.8m teak model, single-sided 2.4m teak model, single-sided 1.4m aluminum alloy model, single-sided 1.8m aluminum alloy model, single-sided 2.4m aluminum alloy model, half-chair 1.4m teak model, half-chair 1.8m teak model, half-chair 2.4m teak model, half-chair 1.4m aluminum alloy model, half-chair 1.8m aluminum alloy model, half-chair 2.4m aluminum alloy model, double chair 1.4m teak model, double chair 1.8m teak model, double chair 2.4m teak style, double chair 1.4m aluminum alloy model, double chair 1.8m aluminum alloy model, double chair 2.4m aluminum alloy model, tent double chair 1.4m, tent double chair 1.8m, tent double chair 2.4m, tent double chair 1.4, tent double chair 1.8, tent double chair 2.4<\/li>\n<li>\n<strong>Peso bruto<\/strong>:50<\/li>\n<li>\n<strong>marca<\/strong>:otro\/otro<\/li>\n<li>\n<strong>modelo<\/strong>:OPR-5817<\/li>\n<li>\n<strong>elementos populares<\/strong>:Empalme<\/li>\n<li>\n<strong>Dureza del relleno<\/strong>:hard<\/li>\n<li>\n<strong>Tecnolog\u00eda estructural<\/strong>:Metalurgia<\/li>\n<li>\n<strong>Tecnolog\u00eda de acabado<\/strong>:ninguno<\/li>\n<li>\n<strong>Material met\u00e1lico<\/strong>:Aleaci\u00f3n de aluminio<\/li>\n<li>\n<strong>\u00bfEs personalizable?<\/strong>:S\u00ed<\/li>\n<li>\n<strong>Tecnolog\u00eda de estructura de madera<\/strong>:Rompecabezas<\/li>\n<li>\n<strong>Material de rat\u00e1n<\/strong>:otro<\/li>\n<li>\n<strong>Tecnolog\u00eda de estructuras met\u00e1licas<\/strong>:soldadura<\/li>\n<li>\n<strong>\u00bfEs desmontable y lavable?<\/strong>:No<\/li>\n<li>\n<strong>Detalles de las instrucciones de instalaci\u00f3n<\/strong>:No hay instrucciones de instalaci\u00f3n<\/li>\n<li>\n<strong>Artesan\u00eda con estructura de bamb\u00fa y rat\u00e1n<\/strong>:otro<\/li>\n<li>\n<strong>N\u00famero de personas aplicable<\/strong>:otro<\/li>\n<li>\n<strong>patr\u00f3n<\/strong>:Arte<\/li>\n<li>\n<strong>\u00bfHay taxi disponible para transporte?<\/strong>:No<\/li>\n<li>\n<strong>Entrega\/instalaci\u00f3n disponible<\/strong>:Foshan City<\/li>\n<li>\n<strong>Material de madera<\/strong>:Teca<\/li>\n<\/ul>\n<p><img><\/p>","protected":false},"excerpt":{"rendered":"<p>\u00bfHay espacio de almacenamiento?:no Estilo:Moderno y simple Ensamblaje:s\u00ed Distritos y condados:Distrito de Chancheng \u00bfEst\u00e1 disponible la preventa?:no Material de acabado:Madera \u00bfEs reemplazable?:no<\/p>","protected":false},"featured_media":135448,"comment_status":"open","ping_status":"closed","template":"","meta":[],"product_brand":[],"product_cat":[30971,30856,30853,30866],"product_tag":[],"class_list":{"0":"post-76540","1":"product","2":"type-product","3":"status-publish","4":"has-post-thumbnail","6":"product_cat-hp","7":"product_cat-outdoor-furniture","8":"product_cat-new-wholesale-public-projects","9":"product_cat-wholesales-university-high-schools","11":"first","12":"instock","13":"taxable","14":"shipping-taxable","15":"purchasable","16":"product-type-variable"},"_links":{"self":[{"href":"https:\/\/nexgendecors.com\/es\/wp-json\/wp\/v2\/product\/76540","targetHints":{"allow":["GET"]}}],"collection":[{"href":"https:\/\/nexgendecors.com\/es\/wp-json\/wp\/v2\/product"}],"about":[{"href":"https:\/\/nexgendecors.com\/es\/wp-json\/wp\/v2\/types\/product"}],"replies":[{"embeddable":true,"href":"https:\/\/nexgendecors.com\/es\/wp-json\/wp\/v2\/comments?post=76540"}],"version-history":[{"count":0,"href":"https:\/\/nexgendecors.com\/es\/wp-json\/wp\/v2\/product\/76540\/revisions"}],"wp:featuredmedia":[{"embeddable":true,"href":"https:\/\/nexgendecors.com\/es\/wp-json\/wp\/v2\/media\/135448"}],"wp:attachment":[{"href":"https:\/\/nexgendecors.com\/es\/wp-json\/wp\/v2\/media?parent=76540"}],"wp:term":[{"taxonomy":"product_brand","embeddable":true,"href":"https:\/\/nexgendecors.com\/es\/wp-json\/wp\/v2\/product_brand?post=76540"},{"taxonomy":"product_cat","embeddable":true,"href":"https:\/\/nexgendecors.com\/es\/wp-json\/wp\/v2\/product_cat?post=76540"},{"taxonomy":"product_tag","embeddable":true,"href":"https:\/\/nexgendecors.com\/es\/wp-json\/wp\/v2\/product_tag?post=76540"}],"curies":[{"name":"wp","href":"https:\/\/api.w.org\/{rel}","templated":true}]}}