{"id":76583,"date":"2025-01-26T03:32:12","date_gmt":"2025-01-26T03:32:12","guid":{"rendered":"https:\/\/nexgendecors.com\/product\/outdoor-combination-rattan-chair-sofa-single-chair-hotel-courtyard-villa-model-room-terrace-balcony-homestay-rattan-table-and-chair\/"},"modified":"2025-04-06T09:28:20","modified_gmt":"2025-04-06T09:28:20","slug":"outdoor-combination-rattan-chair-sofa-single-chair-hotel-courtyard-villa-model-room-terrace-balcony-homestay-rattan-table-and-chair","status":"publish","type":"product","link":"https:\/\/nexgendecors.com\/es\/product\/outdoor-combination-rattan-chair-sofa-single-chair-hotel-courtyard-villa-model-room-terrace-balcony-homestay-rattan-table-and-chair\/","title":{"rendered":"Rattan Outdoor Sofa Chair for Hotel &#038; Villa Balconies"},"content":{"rendered":"<ul>\n<li>\n<strong>marca<\/strong>:otro\/otro<\/li>\n<li>\n<strong>modelo<\/strong>:0176<\/li>\n<li>\n<strong>patr\u00f3n<\/strong>:Otro<\/li>\n<li>\n<strong>estilo<\/strong>:Europa del Norte<\/li>\n<li>\n<strong>N\u00famero de personas aplicable<\/strong>:Multijugador<\/li>\n<li>\n<strong>ordenar por color<\/strong>:Single sofa A 70*110*70cm, single sofa B 70*70*73cm, footrest 70*70*40cm, coffee table 70*70*39cm, side table 70*35*45cm, side table 30*30*60cm, medium coffee table 60*60*50cm, large coffee table 100*100*35cm, [combination 1], [combination 2]<\/li>\n<li>\n<strong>Frame material<\/strong>:Metal<\/li>\n<li>\n<strong>Relleno<\/strong>:esponja<\/li>\n<li>\n<strong>Tecnolog\u00eda estructural<\/strong>:Metalurgia<\/li>\n<li>\n<strong>\u00bfEs personalizable?<\/strong>:S\u00ed<\/li>\n<li>\n<strong>Combinaci\u00f3n de sof\u00e1s<\/strong>:Forma de L<\/li>\n<li>\n<strong>\u00bfEs desmontable y lavable?<\/strong>:S\u00ed<\/li>\n<li>\n<strong>Caracter\u00edsticas adicionales<\/strong>:Otro<\/li>\n<li>\n<strong>\u00bfHay espacio de almacenamiento?<\/strong>:No<\/li>\n<li>\n<strong>Estructura del mobiliario<\/strong>:Estructura<\/li>\n<li>\n<strong>Material met\u00e1lico<\/strong>:Aleaci\u00f3n de aluminio<\/li>\n<li>\n<strong>Material de rat\u00e1n<\/strong>:pl\u00e1stico<\/li>\n<li>\n<strong>Tecnolog\u00eda de estructuras met\u00e1licas<\/strong>:soldadura<\/li>\n<li>\n<strong>Artesan\u00eda con estructura de bamb\u00fa y rat\u00e1n<\/strong>:Envase<\/li>\n<li>\n<strong>Distritos y condados<\/strong>Distrito de Chancheng<\/li>\n<li>\n<strong>Armar<\/strong>:No<\/li>\n<li>\n<strong>\u00bfHay taxi disponible para transporte?<\/strong>:No<\/li>\n<li>\n<strong>Detalles de las instrucciones de instalaci\u00f3n<\/strong>:No hay instrucciones de instalaci\u00f3n<\/li>\n<li>\n<strong><\/strong>:<\/li>\n<\/ul>\n<p><img><\/p>","protected":false},"excerpt":{"rendered":"<p>brand:other\/other model:0176 pattern:Other style:Northern Europe Applicable number of people:Multiplayer sort by color:Single sofa A 70*110*70cm, single sofa B 70*70*73cm, footrest<\/p>","protected":false},"featured_media":135483,"comment_status":"open","ping_status":"closed","template":"","meta":[],"product_brand":[],"product_cat":[30862,30971,30856,30860],"product_tag":[],"class_list":{"0":"post-76583","1":"product","2":"type-product","3":"status-publish","4":"has-post-thumbnail","6":"product_cat-wholesales-hotels","7":"product_cat-hp","8":"product_cat-outdoor-furniture","9":"product_cat-wholesale-restaurant","11":"first","12":"instock","13":"sale","14":"taxable","15":"shipping-taxable","16":"purchasable","17":"product-type-variable"},"_links":{"self":[{"href":"https:\/\/nexgendecors.com\/es\/wp-json\/wp\/v2\/product\/76583","targetHints":{"allow":["GET"]}}],"collection":[{"href":"https:\/\/nexgendecors.com\/es\/wp-json\/wp\/v2\/product"}],"about":[{"href":"https:\/\/nexgendecors.com\/es\/wp-json\/wp\/v2\/types\/product"}],"replies":[{"embeddable":true,"href":"https:\/\/nexgendecors.com\/es\/wp-json\/wp\/v2\/comments?post=76583"}],"version-history":[{"count":0,"href":"https:\/\/nexgendecors.com\/es\/wp-json\/wp\/v2\/product\/76583\/revisions"}],"wp:featuredmedia":[{"embeddable":true,"href":"https:\/\/nexgendecors.com\/es\/wp-json\/wp\/v2\/media\/135483"}],"wp:attachment":[{"href":"https:\/\/nexgendecors.com\/es\/wp-json\/wp\/v2\/media?parent=76583"}],"wp:term":[{"taxonomy":"product_brand","embeddable":true,"href":"https:\/\/nexgendecors.com\/es\/wp-json\/wp\/v2\/product_brand?post=76583"},{"taxonomy":"product_cat","embeddable":true,"href":"https:\/\/nexgendecors.com\/es\/wp-json\/wp\/v2\/product_cat?post=76583"},{"taxonomy":"product_tag","embeddable":true,"href":"https:\/\/nexgendecors.com\/es\/wp-json\/wp\/v2\/product_tag?post=76583"}],"curies":[{"name":"wp","href":"https:\/\/api.w.org\/{rel}","templated":true}]}}