{"id":76594,"date":"2025-01-26T03:32:14","date_gmt":"2025-01-26T03:32:14","guid":{"rendered":"https:\/\/nexgendecors.com\/product\/outdoor-courtyard-rattan-chair-rattan-sofa-homestay-nordic-balcony-simple-leisure-garden-waterproof-sun-room\/"},"modified":"2025-04-06T09:28:24","modified_gmt":"2025-04-06T09:28:24","slug":"outdoor-courtyard-rattan-chair-rattan-sofa-homestay-nordic-balcony-simple-leisure-garden-waterproof-sun-room","status":"publish","type":"product","link":"https:\/\/nexgendecors.com\/es\/product\/outdoor-courtyard-rattan-chair-rattan-sofa-homestay-nordic-balcony-simple-leisure-garden-waterproof-sun-room\/","title":{"rendered":"Silla n\u00f3rdica de rat\u00e1n: sof\u00e1 impermeable para jard\u00edn y ocio"},"content":{"rendered":"<ul>\n<li>\n<strong>\u00bfHay espacio de almacenamiento?<\/strong>:No<\/li>\n<li>\n<strong>estilo<\/strong>:Europa del Norte<\/li>\n<li>\n<strong>Armar<\/strong>:No<\/li>\n<li>\n<strong>Material de acabado<\/strong>:otro<\/li>\n<li>\n<strong>Caracter\u00edsticas adicionales<\/strong>:puede moverse<\/li>\n<li>\n<strong>volumen del paquete<\/strong>:1<\/li>\n<li>\n<strong>Relleno<\/strong>:esponja<\/li>\n<li>\n<strong>Para la gente<\/strong>:adulto<\/li>\n<li>\n<strong>Combinaci\u00f3n de sof\u00e1s<\/strong>:Forma de L<\/li>\n<li>\n<strong>Posicionamiento de estilo<\/strong>:Econ\u00f3mico<\/li>\n<li>\n<strong>ordenar por color<\/strong>:Single sofa [apricot], single sofa [carbon black], single sofa [dark gray], single sofa [light gray], 50 round jazz white tea table [\u03c650*60], 60 round jazz white tea table [\u03c650*75], 50 round black marble tea table [\u03c650*60], 60 round black marble tea table [\u03c650*75], 50 round marble tea table, 40 marble square tea table, high tea table, small tea table, 2 single sofas + 1 tea table [apricot], 2 single sofas + 1 tea table [carbon black], 2 single sofas + 1 tea table [dark gray], 2 single sofas + 1 tea table [light gray], 2 single sofas + 1 high tea table [apricot], 2 single sofas + 1 high tea table [carbon black], 2 single sofas + 1 high tea table [dark gray], 2 single sofas + 1 high tea table [light gray], custom shot<\/li>\n<li>\n<strong>Peso bruto<\/strong>:0.5<\/li>\n<li>\n<strong>marca<\/strong>:otro\/otro<\/li>\n<li>\n<strong>modelo<\/strong>:DKXP12-Antibes sofa<\/li>\n<li>\n<strong>Adecuado<\/strong>:Adultos<\/li>\n<li>\n<strong>Tecnolog\u00eda de acabado<\/strong>:Artesan\u00eda de bamb\u00fa y rat\u00e1n<\/li>\n<li>\n<strong>Proceso de acabado del bamb\u00fa y el rat\u00e1n<\/strong>:Surface preparation<\/li>\n<li>\n<strong>\u00bfEs personalizable?<\/strong>:S\u00ed<\/li>\n<li>\n<strong>Material de rat\u00e1n<\/strong>:pl\u00e1stico<\/li>\n<li>\n<strong>\u00bfEs desmontable y lavable?<\/strong>:No<\/li>\n<li>\n<strong>Material<\/strong>:rota<\/li>\n<li>\n<strong>Detalles de las instrucciones de instalaci\u00f3n<\/strong>:No hay instrucciones de instalaci\u00f3n<\/li>\n<li>\n<strong>Artesan\u00eda con estructura de bamb\u00fa y rat\u00e1n<\/strong>:Envase<\/li>\n<li>\n<strong>N\u00famero de personas aplicable<\/strong>:otro<\/li>\n<li>\n<strong>patr\u00f3n<\/strong>:abstracto<\/li>\n<li>\n<strong>\u00bfHay taxi disponible para transporte?<\/strong>:No<\/li>\n<li>\n<strong><\/strong>:<\/li>\n<\/ul>","protected":false},"excerpt":{"rendered":"<p>\u00bfHay espacio de almacenamiento?: no Estilo: Europa del Norte Ensamblaje: no Material de acabado: otro Caracter\u00edsticas adicionales: se puede mover Volumen del paquete: 1 Relleno: esponja Para personas: adultos Combinaci\u00f3n de sof\u00e1s: forma de L<\/p>","protected":false},"featured_media":135489,"comment_status":"open","ping_status":"closed","template":"","meta":[],"product_brand":[],"product_cat":[30971,30850],"product_tag":[15654],"class_list":{"0":"post-76594","1":"product","2":"type-product","3":"status-publish","4":"has-post-thumbnail","6":"product_cat-hp","7":"product_cat-wholesale-furniture","8":"product_tag-taobao","10":"first","11":"instock","12":"sale","13":"taxable","14":"shipping-taxable","15":"purchasable","16":"product-type-variable"},"_links":{"self":[{"href":"https:\/\/nexgendecors.com\/es\/wp-json\/wp\/v2\/product\/76594","targetHints":{"allow":["GET"]}}],"collection":[{"href":"https:\/\/nexgendecors.com\/es\/wp-json\/wp\/v2\/product"}],"about":[{"href":"https:\/\/nexgendecors.com\/es\/wp-json\/wp\/v2\/types\/product"}],"replies":[{"embeddable":true,"href":"https:\/\/nexgendecors.com\/es\/wp-json\/wp\/v2\/comments?post=76594"}],"version-history":[{"count":0,"href":"https:\/\/nexgendecors.com\/es\/wp-json\/wp\/v2\/product\/76594\/revisions"}],"wp:featuredmedia":[{"embeddable":true,"href":"https:\/\/nexgendecors.com\/es\/wp-json\/wp\/v2\/media\/135489"}],"wp:attachment":[{"href":"https:\/\/nexgendecors.com\/es\/wp-json\/wp\/v2\/media?parent=76594"}],"wp:term":[{"taxonomy":"product_brand","embeddable":true,"href":"https:\/\/nexgendecors.com\/es\/wp-json\/wp\/v2\/product_brand?post=76594"},{"taxonomy":"product_cat","embeddable":true,"href":"https:\/\/nexgendecors.com\/es\/wp-json\/wp\/v2\/product_cat?post=76594"},{"taxonomy":"product_tag","embeddable":true,"href":"https:\/\/nexgendecors.com\/es\/wp-json\/wp\/v2\/product_tag?post=76594"}],"curies":[{"name":"wp","href":"https:\/\/api.w.org\/{rel}","templated":true}]}}