{"id":76617,"date":"2025-01-26T03:32:17","date_gmt":"2025-01-26T03:32:17","guid":{"rendered":"https:\/\/nexgendecors.com\/product\/outdoor-furniture-nordic-terrace-model-house-courtyard-waterproof-sunscreen-leisure-balcony-light-luxury-outdoor-aluminum-alloy-sofa\/"},"modified":"2025-04-06T09:28:27","modified_gmt":"2025-04-06T09:28:27","slug":"outdoor-furniture-nordic-terrace-model-house-courtyard-waterproof-sunscreen-leisure-balcony-light-luxury-outdoor-aluminum-alloy-sofa","status":"publish","type":"product","link":"https:\/\/nexgendecors.com\/es\/product\/outdoor-furniture-nordic-terrace-model-house-courtyard-waterproof-sunscreen-leisure-balcony-light-luxury-outdoor-aluminum-alloy-sofa\/","title":{"rendered":"Sof\u00e1 n\u00f3rdico de aluminio para exterior: impermeable y elegante"},"content":{"rendered":"<ul>\n<li>\n<strong>marca<\/strong>:otro\/otro<\/li>\n<li>\n<strong>modelo<\/strong>:DKXP16<\/li>\n<li>\n<strong>Material<\/strong>:rota<\/li>\n<li>\n<strong>patr\u00f3n<\/strong>:abstracto<\/li>\n<li>\n<strong>estilo<\/strong>:Europa del Norte<\/li>\n<li>\n<strong>N\u00famero de personas aplicable<\/strong>:otro<\/li>\n<li>\n<strong>ordenar por color<\/strong>:Single seat [aluminum alloy frame imitation wood grain paint], 1 single sofa + 1 footrest, double seat [aluminum alloy frame imitation wood grain paint], three-person seat [aluminum alloy frame imitation wood grain paint], lying bed [aluminum alloy frame imitation wood grain paint], footrest [aluminum alloy frame imitation wood grain paint], double bed [aluminum alloy frame imitation wood grain paint], square coffee table, long coffee table, 1 three-person sofa + 2 single sofas, single seat [aluminum alloy frame], 1 single sofa + 1 footrest [aluminum alloy frame], double seat [aluminum alloy frame], three-person seat [aluminum alloy frame], lying bed [aluminum alloy frame], footrest [aluminum alloy frame], double bed [aluminum alloy frame], square coffee table [aluminum alloy frame], long coffee table [aluminum alloy frame], customized special shooting<\/li>\n<li>\n<strong>Peso bruto<\/strong>:0.5<\/li>\n<li>\n<strong>Material de acabado<\/strong>:otro<\/li>\n<li>\n<strong>Relleno<\/strong>:esponja<\/li>\n<li>\n<strong>Tecnolog\u00eda de acabado<\/strong>:Artesan\u00eda de bamb\u00fa y rat\u00e1n<\/li>\n<li>\n<strong>Proceso de acabado del bamb\u00fa y el rat\u00e1n<\/strong>:Surface preparation<\/li>\n<li>\n<strong>\u00bfEs personalizable?<\/strong>:S\u00ed<\/li>\n<li>\n<strong>Combinaci\u00f3n de sof\u00e1s<\/strong>:Forma de L<\/li>\n<li>\n<strong>\u00bfEs desmontable y lavable?<\/strong>:No<\/li>\n<li>\n<strong>Caracter\u00edsticas adicionales<\/strong>:puede moverse<\/li>\n<li>\n<strong>Adecuado<\/strong>:Adultos<\/li>\n<li>\n<strong>\u00bfHay espacio de almacenamiento?<\/strong>:No<\/li>\n<li>\n<strong>Material de rat\u00e1n<\/strong>:pl\u00e1stico<\/li>\n<li>\n<strong>Artesan\u00eda con estructura de bamb\u00fa y rat\u00e1n<\/strong>:Envase<\/li>\n<li>\n<strong>Armar<\/strong>:No<\/li>\n<li>\n<strong>volumen del paquete<\/strong>:1<\/li>\n<li>\n<strong>Para la gente<\/strong>:adulto<\/li>\n<li>\n<strong>\u00bfHay taxi disponible para transporte?<\/strong>:No<\/li>\n<li>\n<strong>Posicionamiento de estilo<\/strong>:Econ\u00f3mico<\/li>\n<li>\n<strong>Detalles de las instrucciones de instalaci\u00f3n<\/strong>:No hay instrucciones de instalaci\u00f3n<\/li>\n<li>\n<strong><\/strong>:<\/li>\n<\/ul>","protected":false},"excerpt":{"rendered":"<p>Marca: otro\/otro Modelo: DKXP16 Material: rat\u00e1n Patr\u00f3n: abstracto Estilo: norte de Europa N\u00famero de personas aplicable: otro Ordenar por color: Asiento individual [marco de aleaci\u00f3n de aluminio imitaci\u00f3n veta de madera]<\/p>","protected":false},"featured_media":135497,"comment_status":"open","ping_status":"closed","template":"","meta":[],"product_brand":[],"product_cat":[30971,30850],"product_tag":[15654],"class_list":{"0":"post-76617","1":"product","2":"type-product","3":"status-publish","4":"has-post-thumbnail","6":"product_cat-hp","7":"product_cat-wholesale-furniture","8":"product_tag-taobao","10":"first","11":"instock","12":"sale","13":"taxable","14":"shipping-taxable","15":"purchasable","16":"product-type-variable"},"_links":{"self":[{"href":"https:\/\/nexgendecors.com\/es\/wp-json\/wp\/v2\/product\/76617","targetHints":{"allow":["GET"]}}],"collection":[{"href":"https:\/\/nexgendecors.com\/es\/wp-json\/wp\/v2\/product"}],"about":[{"href":"https:\/\/nexgendecors.com\/es\/wp-json\/wp\/v2\/types\/product"}],"replies":[{"embeddable":true,"href":"https:\/\/nexgendecors.com\/es\/wp-json\/wp\/v2\/comments?post=76617"}],"version-history":[{"count":0,"href":"https:\/\/nexgendecors.com\/es\/wp-json\/wp\/v2\/product\/76617\/revisions"}],"wp:featuredmedia":[{"embeddable":true,"href":"https:\/\/nexgendecors.com\/es\/wp-json\/wp\/v2\/media\/135497"}],"wp:attachment":[{"href":"https:\/\/nexgendecors.com\/es\/wp-json\/wp\/v2\/media?parent=76617"}],"wp:term":[{"taxonomy":"product_brand","embeddable":true,"href":"https:\/\/nexgendecors.com\/es\/wp-json\/wp\/v2\/product_brand?post=76617"},{"taxonomy":"product_cat","embeddable":true,"href":"https:\/\/nexgendecors.com\/es\/wp-json\/wp\/v2\/product_cat?post=76617"},{"taxonomy":"product_tag","embeddable":true,"href":"https:\/\/nexgendecors.com\/es\/wp-json\/wp\/v2\/product_tag?post=76617"}],"curies":[{"name":"wp","href":"https:\/\/api.w.org\/{rel}","templated":true}]}}