{"id":76665,"date":"2025-01-26T03:32:23","date_gmt":"2025-01-26T03:32:23","guid":{"rendered":"https:\/\/nexgendecors.com\/product\/outdoor-living-suntime-sofa-chair-oversize-padded-moon-leisure-portable-stable-comfortable-folding-chair-for-camping-hiking-carry-bag1706339193925\/"},"modified":"2025-04-06T09:28:34","modified_gmt":"2025-04-06T09:28:34","slug":"sillon-suntime-para-exteriores-acolchado-extragrande-para-ocio-portatil-estable-comodo-y-plegable-ideal-para-camping-senderismo-y-bolsa-de-transporte-1706339193925","status":"publish","type":"product","link":"https:\/\/nexgendecors.com\/es\/product\/sillon-suntime-para-exteriores-acolchado-extragrande-para-ocio-portatil-estable-comodo-y-plegable-ideal-para-camping-senderismo-y-bolsa-de-transporte-1706339193925\/","title":{"rendered":"Silla Moon acolchada extragrande SUNTIME: comodidad port\u00e1til"},"content":{"rendered":"<p><strong>\u00a1Mejora tu estilo de vida al aire libre con OUTDOOR LIVING SUNTIME!<\/strong><\/p>\n<p>\ud83c\udf33 Durante una d\u00e9cada, nos hemos especializado en productos premium para exteriores.<br \/>\ud83c\udfde\ufe0f Principalmente enfocado en cenadores de jard\u00edn, marquesinas y sillas de camping.<br \/>\ud83d\udd0d Dedicado a la investigaci\u00f3n, el dise\u00f1o y las ventas para mejorar las experiencias al aire libre<\/p>\n<p><strong>Caracter\u00edsticas principales de nuestra silla de camping \u201cCharles\u201d:<\/strong><\/p>\n<p>Asiento de tela cati\u00f3nica 600D que absorbe la humedad para mayor transpirabilidad<br \/>\ud83e\ude91 Totalmente acolchado para una comodidad total del cuerpo<br \/>Construcci\u00f3n de marco de acero estable y resistente<br \/>\ud83e\ude91 Marco y almohadilla del asiento separables para un f\u00e1cil almacenamiento<br \/>\ud83e\ude91 Configuraci\u00f3n r\u00e1pida en 1 minuto; desmontaje c\u00f3modo<br \/>\ud83e\ude91 Bolsa de transporte port\u00e1til con correa para el hombro incluida<\/p>\n<p><strong>Especificaciones del producto:<\/strong><\/p>\n<p>\ud83c\udf08 Color: Gris<br \/>\ud83d\udccf Dimensiones: 22\u2033 de profundidad x 22\u2033 de ancho x 35,4\u2033 de alto<br \/>\ud83d\udc4dUsos recomendados: Camping, senderismo, vida al aire libre.<br \/>\ud83c\udfcb\ufe0f\u200d\u2642\ufe0f Recomendaci\u00f3n de peso m\u00e1ximo: 250 libras<br \/>\ud83c\udf19 Patr\u00f3n: Platillo lunar<br \/>\ud83d\udee0\ufe0f Tipo de acabado: Recubierto en polvo<br \/>\ud83c\udfe0 Tipo de habitaci\u00f3n: Tienda, Exterior<br \/>\ud83c\udf92 Componentes incluidos: Bolsa de transporte<br \/>\ud83d\udd0dRecomendaci\u00f3n de superficie: Piso duro<br \/>\ud83c\udf10 Uso en interiores y exteriores: exterior<br \/>\ud83d\udce6 Dimensiones del paquete: 36,6 x 8,9 x 8,8 pulgadas<br \/>\ud83d\udce6 Peso del paquete: 6,18 kilogramos<br \/>\ud83d\udd12 Garant\u00eda: 1 a\u00f1o est\u00e1ndar<\/p>\n<p>Experimente la comodidad y conveniencia con la silla de camping &quot;Charles&quot; de OUTDOOR LIVING SUNTIME: \u00a1perfecta para sus aventuras al aire libre!<\/p>","protected":false},"excerpt":{"rendered":"<p>\u00a1Mejora tu estilo de vida al aire libre con OUTDOOR LIVING SUNTIME! \ud83c\udf33 Durante una d\u00e9cada, nos hemos especializado en productos premium para exteriores\ud83c\udfde\ufe0f Enfocados principalmente<\/p>","protected":false},"featured_media":135533,"comment_status":"open","ping_status":"closed","template":"","meta":[],"product_brand":[],"product_cat":[30818,30971],"product_tag":[],"class_list":{"0":"post-76665","1":"product","2":"type-product","3":"status-publish","4":"has-post-thumbnail","6":"product_cat-camping-furniture","7":"product_cat-hp","9":"first","10":"instock","11":"sale","12":"taxable","13":"shipping-taxable","14":"purchasable","15":"product-type-variable"},"_links":{"self":[{"href":"https:\/\/nexgendecors.com\/es\/wp-json\/wp\/v2\/product\/76665","targetHints":{"allow":["GET"]}}],"collection":[{"href":"https:\/\/nexgendecors.com\/es\/wp-json\/wp\/v2\/product"}],"about":[{"href":"https:\/\/nexgendecors.com\/es\/wp-json\/wp\/v2\/types\/product"}],"replies":[{"embeddable":true,"href":"https:\/\/nexgendecors.com\/es\/wp-json\/wp\/v2\/comments?post=76665"}],"version-history":[{"count":0,"href":"https:\/\/nexgendecors.com\/es\/wp-json\/wp\/v2\/product\/76665\/revisions"}],"wp:featuredmedia":[{"embeddable":true,"href":"https:\/\/nexgendecors.com\/es\/wp-json\/wp\/v2\/media\/135533"}],"wp:attachment":[{"href":"https:\/\/nexgendecors.com\/es\/wp-json\/wp\/v2\/media?parent=76665"}],"wp:term":[{"taxonomy":"product_brand","embeddable":true,"href":"https:\/\/nexgendecors.com\/es\/wp-json\/wp\/v2\/product_brand?post=76665"},{"taxonomy":"product_cat","embeddable":true,"href":"https:\/\/nexgendecors.com\/es\/wp-json\/wp\/v2\/product_cat?post=76665"},{"taxonomy":"product_tag","embeddable":true,"href":"https:\/\/nexgendecors.com\/es\/wp-json\/wp\/v2\/product_tag?post=76665"}],"curies":[{"name":"wp","href":"https:\/\/api.w.org\/{rel}","templated":true}]}}