{"id":76683,"date":"2025-01-26T03:32:26","date_gmt":"2025-01-26T03:32:26","guid":{"rendered":"https:\/\/nexgendecors.com\/product\/outdoor-nordic-braided-rope-sofa-combination-leisure-outdoor-courtyard-garden-hotel-rattan-design-single-double\/"},"modified":"2025-04-06T09:28:41","modified_gmt":"2025-04-06T09:28:41","slug":"outdoor-nordic-braided-rope-sofa-combination-leisure-outdoor-courtyard-garden-hotel-rattan-design-single-double","status":"publish","type":"product","link":"https:\/\/nexgendecors.com\/es\/product\/outdoor-nordic-braided-rope-sofa-combination-leisure-outdoor-courtyard-garden-hotel-rattan-design-single-double\/","title":{"rendered":"Nordic Braided Rope Outdoor Sofa Set &#8211; Stylish Rattan Design"},"content":{"rendered":"<ul>\n<li>\n<strong>marca<\/strong>:otro\/otro<\/li>\n<li>\n<strong>modelo<\/strong>:0223<\/li>\n<li>\n<strong>estilo<\/strong>:Moderno y sencillo<\/li>\n<li>\n<strong>Armar<\/strong>:No<\/li>\n<li>\n<strong>Distritos y condados<\/strong>Distrito de Chancheng<\/li>\n<li>\n<strong>Tecnolog\u00eda estructural<\/strong>:Metalurgia<\/li>\n<li>\n<strong>Material met\u00e1lico<\/strong>:Aleaci\u00f3n de aluminio<\/li>\n<li>\n<strong>\u00bfEs personalizable?<\/strong>:S\u00ed<\/li>\n<li>\n<strong>Relleno<\/strong>:esponja<\/li>\n<li>\n<strong>Material de rat\u00e1n<\/strong>:pl\u00e1stico<\/li>\n<li>\n<strong>Tecnolog\u00eda de estructuras met\u00e1licas<\/strong>:soldadura<\/li>\n<li>\n<strong>Combinaci\u00f3n de sof\u00e1s<\/strong>:Forma de L<\/li>\n<li>\n<strong>Artesan\u00eda con estructura de bamb\u00fa y rat\u00e1n<\/strong>:Envase<\/li>\n<li>\n<strong>Estructura del mobiliario<\/strong>:Estructura<\/li>\n<li>\n<strong>N\u00famero de personas aplicable<\/strong>:Multijugador<\/li>\n<li>\n<strong>patr\u00f3n<\/strong>:Otro<\/li>\n<li>\n<strong>ordenar por color<\/strong>:Single sofa, double sofa, side table, medium coffee table, large coffee table, custom-made<\/li>\n<li>\n<strong><\/strong>:<\/li>\n<\/ul>\n<p><img><\/p>","protected":false},"excerpt":{"rendered":"<p>brand:other\/other model:0223 style:Modern and simple Assemble:no Districts and counties:Chancheng District Structural technology:Metalworking Metal Material:Aluminum Alloy Is it customizable?:yes Filling:sponge Rattan<\/p>","protected":false},"featured_media":135564,"comment_status":"open","ping_status":"closed","template":"","meta":[],"product_brand":[],"product_cat":[30862,30971,30856,30860],"product_tag":[],"class_list":{"0":"post-76683","1":"product","2":"type-product","3":"status-publish","4":"has-post-thumbnail","6":"product_cat-wholesales-hotels","7":"product_cat-hp","8":"product_cat-outdoor-furniture","9":"product_cat-wholesale-restaurant","11":"first","12":"instock","13":"sale","14":"taxable","15":"shipping-taxable","16":"purchasable","17":"product-type-variable"},"_links":{"self":[{"href":"https:\/\/nexgendecors.com\/es\/wp-json\/wp\/v2\/product\/76683","targetHints":{"allow":["GET"]}}],"collection":[{"href":"https:\/\/nexgendecors.com\/es\/wp-json\/wp\/v2\/product"}],"about":[{"href":"https:\/\/nexgendecors.com\/es\/wp-json\/wp\/v2\/types\/product"}],"replies":[{"embeddable":true,"href":"https:\/\/nexgendecors.com\/es\/wp-json\/wp\/v2\/comments?post=76683"}],"version-history":[{"count":0,"href":"https:\/\/nexgendecors.com\/es\/wp-json\/wp\/v2\/product\/76683\/revisions"}],"wp:featuredmedia":[{"embeddable":true,"href":"https:\/\/nexgendecors.com\/es\/wp-json\/wp\/v2\/media\/135564"}],"wp:attachment":[{"href":"https:\/\/nexgendecors.com\/es\/wp-json\/wp\/v2\/media?parent=76683"}],"wp:term":[{"taxonomy":"product_brand","embeddable":true,"href":"https:\/\/nexgendecors.com\/es\/wp-json\/wp\/v2\/product_brand?post=76683"},{"taxonomy":"product_cat","embeddable":true,"href":"https:\/\/nexgendecors.com\/es\/wp-json\/wp\/v2\/product_cat?post=76683"},{"taxonomy":"product_tag","embeddable":true,"href":"https:\/\/nexgendecors.com\/es\/wp-json\/wp\/v2\/product_tag?post=76683"}],"curies":[{"name":"wp","href":"https:\/\/api.w.org\/{rel}","templated":true}]}}