{"id":76865,"date":"2025-01-26T03:33:00","date_gmt":"2025-01-26T03:33:00","guid":{"rendered":"https:\/\/nexgendecors.com\/product\/outdoor-rattan-sofa-combination-garden-courtyard-leisure-rattan-chair-open-air-balcony-terrace-homestay-waterproof-outdoor-furniture\/"},"modified":"2025-04-06T09:29:52","modified_gmt":"2025-04-06T09:29:52","slug":"outdoor-rattan-sofa-combination-garden-courtyard-leisure-rattan-chair-open-air-balcony-terrace-homestay-waterproof-outdoor-furniture","status":"publish","type":"product","link":"https:\/\/nexgendecors.com\/es\/product\/outdoor-rattan-sofa-combination-garden-courtyard-leisure-rattan-chair-open-air-balcony-terrace-homestay-waterproof-outdoor-furniture\/","title":{"rendered":"Conjunto de sof\u00e1 de rat\u00e1n impermeable para relajarse al aire libre"},"content":{"rendered":"<ul>\n<li>\n<strong>marca<\/strong>:otro\/otro<\/li>\n<li>\n<strong>modelo<\/strong>:KJ-1107<\/li>\n<li>\n<strong>Material<\/strong>:rota<\/li>\n<li>\n<strong>patr\u00f3n<\/strong>:Arte<\/li>\n<li>\n<strong>estilo<\/strong>:Simple y moderno<\/li>\n<li>\n<strong>elementos populares<\/strong>:Dise\u00f1o maestro, costumbre popular, rat\u00e1n, metal.<\/li>\n<li>\n<strong>ordenar por color<\/strong>:1+1+3+tea table,1+1+2+tea table,1+2+tea table,2 single+tea table,single sofa,double sofa,three-person sofa,tea table<\/li>\n<li>\n<strong>Peso bruto<\/strong>:10 kilos<\/li>\n<li>\n<strong>Relleno<\/strong>:esponja<\/li>\n<li>\n<strong>Tecnolog\u00eda de acabado<\/strong>:otro<\/li>\n<li>\n<strong>\u00bfEs personalizable?<\/strong>:S\u00ed<\/li>\n<li>\n<strong>Combinaci\u00f3n de sof\u00e1s<\/strong>:otro<\/li>\n<li>\n<strong>\u00bfEs desmontable y lavable?<\/strong>:S\u00ed<\/li>\n<li>\n<strong>Caracter\u00edsticas adicionales<\/strong>:puede moverse<\/li>\n<li>\n<strong>Adecuado<\/strong>:Adultos<\/li>\n<li>\n<strong>\u00bfHay espacio de almacenamiento?<\/strong>:No<\/li>\n<li>\n<strong>Material de rat\u00e1n<\/strong>:otro<\/li>\n<li>\n<strong>Artesan\u00eda con estructura de bamb\u00fa y rat\u00e1n<\/strong>:Envase<\/li>\n<li>\n<strong>Entrega\/instalaci\u00f3n disponible<\/strong>:Otros, Beijing, Nanchang, Harbin, Dalian, Shenyang, Xi&#039;an, Guiyang, Zhengzhou, Jinhua, Changsha, Changzhou, Chengdu, Dongguan, Foshan, Fuzhou, Guangzhou, Hangzhou, Nanjing, Nanning, Ningbo, Qingdao, Shanghai, Shenzhen, Suzhou, Taizhou, Tianjin, Wenzhou, Wuxi, Wuhan, Xiamen, Chongqing<\/li>\n<li>\n<strong>Armar<\/strong>:No<\/li>\n<li>\n<strong>volumen del paquete<\/strong>:2<\/li>\n<li>\n<strong>Para la gente<\/strong>:adulto<\/li>\n<li>\n<strong>\u00bfHay taxi disponible para transporte?<\/strong>:No<\/li>\n<li>\n<strong>Posicionamiento de estilo<\/strong>:Estilo art\u00edstico<\/li>\n<li>\n<strong>Detalles de las instrucciones de instalaci\u00f3n<\/strong>:No hay instrucciones de instalaci\u00f3n<\/li>\n<\/ul>\n<p><img><\/p>","protected":false},"excerpt":{"rendered":"<p>Marca: otro\/otro Modelo: KJ-1107 Material: rat\u00e1n Patr\u00f3n: Arte Estilo: Simple y moderno Elementos populares: Dise\u00f1o maestro, costumbre popular, rat\u00e1n, metal Ordenar por color: 1+1+3+mesa de t\u00e9, 1+1+2+mesa de t\u00e9, 1+2+mesa de t\u00e9, 2<\/p>","protected":false},"featured_media":135708,"comment_status":"open","ping_status":"closed","template":"","meta":[],"product_brand":[],"product_cat":[30862,30971,30856,30850],"product_tag":[],"class_list":{"0":"post-76865","1":"product","2":"type-product","3":"status-publish","4":"has-post-thumbnail","6":"product_cat-wholesales-hotels","7":"product_cat-hp","8":"product_cat-outdoor-furniture","9":"product_cat-wholesale-furniture","11":"first","12":"instock","13":"sale","14":"taxable","15":"shipping-taxable","16":"purchasable","17":"product-type-variable"},"_links":{"self":[{"href":"https:\/\/nexgendecors.com\/es\/wp-json\/wp\/v2\/product\/76865","targetHints":{"allow":["GET"]}}],"collection":[{"href":"https:\/\/nexgendecors.com\/es\/wp-json\/wp\/v2\/product"}],"about":[{"href":"https:\/\/nexgendecors.com\/es\/wp-json\/wp\/v2\/types\/product"}],"replies":[{"embeddable":true,"href":"https:\/\/nexgendecors.com\/es\/wp-json\/wp\/v2\/comments?post=76865"}],"version-history":[{"count":0,"href":"https:\/\/nexgendecors.com\/es\/wp-json\/wp\/v2\/product\/76865\/revisions"}],"wp:featuredmedia":[{"embeddable":true,"href":"https:\/\/nexgendecors.com\/es\/wp-json\/wp\/v2\/media\/135708"}],"wp:attachment":[{"href":"https:\/\/nexgendecors.com\/es\/wp-json\/wp\/v2\/media?parent=76865"}],"wp:term":[{"taxonomy":"product_brand","embeddable":true,"href":"https:\/\/nexgendecors.com\/es\/wp-json\/wp\/v2\/product_brand?post=76865"},{"taxonomy":"product_cat","embeddable":true,"href":"https:\/\/nexgendecors.com\/es\/wp-json\/wp\/v2\/product_cat?post=76865"},{"taxonomy":"product_tag","embeddable":true,"href":"https:\/\/nexgendecors.com\/es\/wp-json\/wp\/v2\/product_tag?post=76865"}],"curies":[{"name":"wp","href":"https:\/\/api.w.org\/{rel}","templated":true}]}}