{"id":76956,"date":"2025-01-26T03:33:14","date_gmt":"2025-01-26T03:33:14","guid":{"rendered":"https:\/\/nexgendecors.com\/product\/outdoor-rattan-sofa-single-rattan-chair-combination-table-and-chair-nordic-balcony-hotel-homestay-courtyard-garden-coffee-table-reclining-bed\/"},"modified":"2025-04-06T09:30:06","modified_gmt":"2025-04-06T09:30:06","slug":"outdoor-rattan-sofa-single-rattan-chair-combination-table-and-chair-nordic-balcony-hotel-homestay-courtyard-garden-coffee-table-reclining-bed","status":"publish","type":"product","link":"https:\/\/nexgendecors.com\/es\/product\/outdoor-rattan-sofa-single-rattan-chair-combination-table-and-chair-nordic-balcony-hotel-homestay-courtyard-garden-coffee-table-reclining-bed\/","title":{"rendered":"Nordic Rattan Sofa &#038; Chair Set for Garden &#038; Balcony"},"content":{"rendered":"<ul>\n<li>\n<strong>marca<\/strong>:otro\/otro<\/li>\n<li>\n<strong>modelo<\/strong>:0171<\/li>\n<li>\n<strong>patr\u00f3n<\/strong>:Otro<\/li>\n<li>\n<strong>estilo<\/strong>:Europa del Norte<\/li>\n<li>\n<strong>N\u00famero de personas aplicable<\/strong>:otro<\/li>\n<li>\n<strong>elementos populares<\/strong>:Extranjero<\/li>\n<li>\n<strong>ordenar por color<\/strong>:Single sofa 90*87*78cm, double sofa 160*87*78cm, reclining bed 190*156*82cm, footrest 70*56*40cm, coffee table combination, large coffee table 80*80*35cm, small coffee table 45*45*45cm, sitting stool 60*60*30cm, single chair 64*58*80cm, round table 100*100*75cm, long table 240*110*75cm, square table 90*90*75cm, bar chair 60*58*110cm, bar table 90*90*110cm, long bar table 160*80*110cm, [combination 1], [combination 2], [combination 3], [combination 4], [combination 5]<\/li>\n<li>\n<strong>Frame material<\/strong>:Metal<\/li>\n<li>\n<strong>Relleno<\/strong>:esponja<\/li>\n<li>\n<strong>Tecnolog\u00eda estructural<\/strong>:Metalurgia<\/li>\n<li>\n<strong>\u00bfEs personalizable?<\/strong>:S\u00ed<\/li>\n<li>\n<strong>Combinaci\u00f3n de sof\u00e1s<\/strong>:Forma de L<\/li>\n<li>\n<strong>\u00bfEs desmontable y lavable?<\/strong>:S\u00ed<\/li>\n<li>\n<strong>Caracter\u00edsticas adicionales<\/strong>:Otro<\/li>\n<li>\n<strong>\u00bfEs reemplazable?<\/strong>:Funda de sof\u00e1 extra\u00edble<\/li>\n<li>\n<strong>\u00bfHay espacio de almacenamiento?<\/strong>:No<\/li>\n<li>\n<strong>Estructura del mobiliario<\/strong>:Estructura<\/li>\n<li>\n<strong>Material met\u00e1lico<\/strong>:Aleaci\u00f3n de aluminio<\/li>\n<li>\n<strong>Material de rat\u00e1n<\/strong>:pl\u00e1stico<\/li>\n<li>\n<strong>Tecnolog\u00eda de estructuras met\u00e1licas<\/strong>:soldadura<\/li>\n<li>\n<strong>Artesan\u00eda con estructura de bamb\u00fa y rat\u00e1n<\/strong>:Envase<\/li>\n<li>\n<strong>Distritos y condados<\/strong>Distrito de Chancheng<\/li>\n<li>\n<strong>Armar<\/strong>:No<\/li>\n<li>\n<strong>\u00bfHay taxi disponible para transporte?<\/strong>:No<\/li>\n<li>\n<strong>Dureza del relleno<\/strong>:suave<\/li>\n<li>\n<strong>Detalles de las instrucciones de instalaci\u00f3n<\/strong>:No hay instrucciones de instalaci\u00f3n<\/li>\n<\/ul>","protected":false},"excerpt":{"rendered":"<p>brand:other\/other model:0171 pattern:Other style:Northern Europe Applicable number of people:other popular elements:Alien sort by color:Single sofa 90*87*78cm, double sofa 160*87*78cm, reclining<\/p>","protected":false},"featured_media":135786,"comment_status":"open","ping_status":"closed","template":"","meta":[],"product_brand":[],"product_cat":[30862,30971,30856,30860],"product_tag":[],"class_list":{"0":"post-76956","1":"product","2":"type-product","3":"status-publish","4":"has-post-thumbnail","6":"product_cat-wholesales-hotels","7":"product_cat-hp","8":"product_cat-outdoor-furniture","9":"product_cat-wholesale-restaurant","11":"first","12":"instock","13":"sale","14":"taxable","15":"shipping-taxable","16":"purchasable","17":"product-type-variable"},"_links":{"self":[{"href":"https:\/\/nexgendecors.com\/es\/wp-json\/wp\/v2\/product\/76956","targetHints":{"allow":["GET"]}}],"collection":[{"href":"https:\/\/nexgendecors.com\/es\/wp-json\/wp\/v2\/product"}],"about":[{"href":"https:\/\/nexgendecors.com\/es\/wp-json\/wp\/v2\/types\/product"}],"replies":[{"embeddable":true,"href":"https:\/\/nexgendecors.com\/es\/wp-json\/wp\/v2\/comments?post=76956"}],"version-history":[{"count":0,"href":"https:\/\/nexgendecors.com\/es\/wp-json\/wp\/v2\/product\/76956\/revisions"}],"wp:featuredmedia":[{"embeddable":true,"href":"https:\/\/nexgendecors.com\/es\/wp-json\/wp\/v2\/media\/135786"}],"wp:attachment":[{"href":"https:\/\/nexgendecors.com\/es\/wp-json\/wp\/v2\/media?parent=76956"}],"wp:term":[{"taxonomy":"product_brand","embeddable":true,"href":"https:\/\/nexgendecors.com\/es\/wp-json\/wp\/v2\/product_brand?post=76956"},{"taxonomy":"product_cat","embeddable":true,"href":"https:\/\/nexgendecors.com\/es\/wp-json\/wp\/v2\/product_cat?post=76956"},{"taxonomy":"product_tag","embeddable":true,"href":"https:\/\/nexgendecors.com\/es\/wp-json\/wp\/v2\/product_tag?post=76956"}],"curies":[{"name":"wp","href":"https:\/\/api.w.org\/{rel}","templated":true}]}}