{"id":76978,"date":"2025-01-26T03:33:16","date_gmt":"2025-01-26T03:33:16","guid":{"rendered":"https:\/\/nexgendecors.com\/product\/outdoor-rattan-sofa-solid-wood-furniture-sun-room-courtyard-garden-villa-terrace-balcony-rattan-chair-three-piece-set\/"},"modified":"2025-04-06T09:30:09","modified_gmt":"2025-04-06T09:30:09","slug":"outdoor-rattan-sofa-solid-wood-furniture-sun-room-courtyard-garden-villa-terrace-balcony-rattan-chair-three-piece-set","status":"publish","type":"product","link":"https:\/\/nexgendecors.com\/es\/product\/outdoor-rattan-sofa-solid-wood-furniture-sun-room-courtyard-garden-villa-terrace-balcony-rattan-chair-three-piece-set\/","title":{"rendered":"Rattan Sofa Set &#8211; Stylish Outdoor Furniture for Gardens"},"content":{"rendered":"<ul>\n<li>\n<strong>marca<\/strong>:otro\/otro<\/li>\n<li>\n<strong>modelo<\/strong>:KJ-6666<\/li>\n<li>\n<strong>patr\u00f3n<\/strong>:Arte<\/li>\n<li>\n<strong>estilo<\/strong>:Europa del Norte<\/li>\n<li>\n<strong>elementos populares<\/strong>:Troncos, rat\u00e1n, metal.<\/li>\n<li>\n<strong>ordenar por color<\/strong>:Single sofa, double sofa, three-person sofa, single chair, footrest, rock slab coffee table, solid wood coffee table, 60 round table [marble], single seat _ 2 + rock slab coffee table, three-person seat + single _ 2 + solid wood coffee table, three-person seat + single _ 2 + rock slab coffee table, double seat + single _ 2 + solid wood coffee table, double seat + single _ 2 + rock slab coffee table<\/li>\n<li>\n<strong>Peso bruto<\/strong>:50<\/li>\n<li>\n<strong>Material de acabado<\/strong>:Madera<\/li>\n<li>\n<strong>Frame material<\/strong>:Metal<\/li>\n<li>\n<strong>Relleno<\/strong>:Esponja de espuma de alta elasticidad<\/li>\n<li>\n<strong>Tecnolog\u00eda estructural<\/strong>:Metalurgia<\/li>\n<li>\n<strong>\u00bfEs personalizable?<\/strong>:S\u00ed<\/li>\n<li>\n<strong>Combinaci\u00f3n de sof\u00e1s<\/strong>:arco<\/li>\n<li>\n<strong>\u00bfEs desmontable y lavable?<\/strong>:S\u00ed<\/li>\n<li>\n<strong>Caracter\u00edsticas adicionales<\/strong>:puede moverse<\/li>\n<li>\n<strong>\u00bfEs reemplazable?<\/strong>:Funda de sof\u00e1 extra\u00edble<\/li>\n<li>\n<strong>\u00bfHay espacio de almacenamiento?<\/strong>:S\u00ed<\/li>\n<li>\n<strong>Estructura del mobiliario<\/strong>:Estructura de trenzado\/bobinado\/encuadernaci\u00f3n<\/li>\n<li>\n<strong>Material de madera<\/strong>:Yellow pineapple<\/li>\n<li>\n<strong>Material met\u00e1lico<\/strong>:Aleaci\u00f3n de aluminio<\/li>\n<li>\n<strong>Material de rat\u00e1n<\/strong>:otro<\/li>\n<li>\n<strong>Tecnolog\u00eda de estructura de madera<\/strong>:Estructura de mortaja y espiga<\/li>\n<li>\n<strong>Tecnolog\u00eda de estructuras met\u00e1licas<\/strong>:soldadura<\/li>\n<li>\n<strong>Artesan\u00eda con estructura de bamb\u00fa y rat\u00e1n<\/strong>:Envase<\/li>\n<li>\n<strong>Entrega\/instalaci\u00f3n disponible<\/strong>:Otros, Beijing, Nanchang, Harbin, Dalian, Shenyang, Xi&#039;an, Guiyang, Zhengzhou, Jinhua, Changsha, Changzhou, Chengdu, Dongguan, Foshan, Fuzhou, Guangzhou, Hangzhou, Nanjing, Nanning, Ningbo, Qingdao, Shanghai, Shenzhen, Suzhou, Taizhou, Tianjin, Wenzhou, Wuxi, Wuhan, Xiamen, Chongqing<\/li>\n<li>\n<strong>Armar<\/strong>:No<\/li>\n<li>\n<strong>volumen del paquete<\/strong>:2<\/li>\n<li>\n<strong>\u00bfEst\u00e1 disponible la preventa?<\/strong>:No<\/li>\n<li>\n<strong>\u00bfHay taxi disponible para transporte?<\/strong>:No<\/li>\n<li>\n<strong>Dureza del relleno<\/strong>:suave<\/li>\n<li>\n<strong>Detalles de las instrucciones de instalaci\u00f3n<\/strong>:No hay instrucciones de instalaci\u00f3n<\/li>\n<\/ul>\n<p><img><\/p>","protected":false},"excerpt":{"rendered":"<p>brand:other\/other model:KJ-6666 pattern:Art style:Northern Europe popular elements:Logs, rattan, metal sort by color:Single sofa, double sofa, three-person sofa, single chair, footrest,<\/p>","protected":false},"featured_media":135791,"comment_status":"open","ping_status":"closed","template":"","meta":[],"product_brand":[],"product_cat":[30862,30971,30850],"product_tag":[],"class_list":{"0":"post-76978","1":"product","2":"type-product","3":"status-publish","4":"has-post-thumbnail","6":"product_cat-wholesales-hotels","7":"product_cat-hp","8":"product_cat-wholesale-furniture","10":"first","11":"instock","12":"sale","13":"taxable","14":"shipping-taxable","15":"purchasable","16":"product-type-variable"},"_links":{"self":[{"href":"https:\/\/nexgendecors.com\/es\/wp-json\/wp\/v2\/product\/76978","targetHints":{"allow":["GET"]}}],"collection":[{"href":"https:\/\/nexgendecors.com\/es\/wp-json\/wp\/v2\/product"}],"about":[{"href":"https:\/\/nexgendecors.com\/es\/wp-json\/wp\/v2\/types\/product"}],"replies":[{"embeddable":true,"href":"https:\/\/nexgendecors.com\/es\/wp-json\/wp\/v2\/comments?post=76978"}],"version-history":[{"count":0,"href":"https:\/\/nexgendecors.com\/es\/wp-json\/wp\/v2\/product\/76978\/revisions"}],"wp:featuredmedia":[{"embeddable":true,"href":"https:\/\/nexgendecors.com\/es\/wp-json\/wp\/v2\/media\/135791"}],"wp:attachment":[{"href":"https:\/\/nexgendecors.com\/es\/wp-json\/wp\/v2\/media?parent=76978"}],"wp:term":[{"taxonomy":"product_brand","embeddable":true,"href":"https:\/\/nexgendecors.com\/es\/wp-json\/wp\/v2\/product_brand?post=76978"},{"taxonomy":"product_cat","embeddable":true,"href":"https:\/\/nexgendecors.com\/es\/wp-json\/wp\/v2\/product_cat?post=76978"},{"taxonomy":"product_tag","embeddable":true,"href":"https:\/\/nexgendecors.com\/es\/wp-json\/wp\/v2\/product_tag?post=76978"}],"curies":[{"name":"wp","href":"https:\/\/api.w.org\/{rel}","templated":true}]}}