{"id":77030,"date":"2025-01-26T03:33:24","date_gmt":"2025-01-26T03:33:24","guid":{"rendered":"https:\/\/nexgendecors.com\/product\/outdoor-sofa-combination-courtyard-hotel-terrace-villa-homestay-leisure-rattan-chair-outdoor-waterproof-sunscreen-rattan-furniture\/"},"modified":"2025-03-07T13:36:16","modified_gmt":"2025-03-07T13:36:16","slug":"outdoor-sofa-combination-courtyard-hotel-terrace-villa-homestay-leisure-rattan-chair-outdoor-waterproof-sunscreen-rattan-furniture","status":"publish","type":"product","link":"https:\/\/nexgendecors.com\/es\/product\/outdoor-sofa-combination-courtyard-hotel-terrace-villa-homestay-leisure-rattan-chair-outdoor-waterproof-sunscreen-rattan-furniture\/","title":{"rendered":"Stylish Waterproof Rattan Outdoor Sofa Set for Villas"},"content":{"rendered":"<ul>\n<li>\n<strong>marca<\/strong>:otro\/otro<\/li>\n<li>\n<strong>modelo<\/strong>:KJ-11123<\/li>\n<li>\n<strong>Material<\/strong>:rota<\/li>\n<li>\n<strong>patr\u00f3n<\/strong>:Arte<\/li>\n<li>\n<strong>estilo<\/strong>:Sudeste Asi\u00e1tico<\/li>\n<li>\n<strong>elementos populares<\/strong>:Master design, folk custom, rattan<\/li>\n<li>\n<strong>ordenar por color<\/strong>:[Black rattan] single bed, [black rattan] 2 beds, [yellow rattan] 2 beds, [yellow rattan] single bed, [black rattan] three-person sofa, [black rattan] 1+3+coffee table, [yellow rattan] 1+1+2+rattan coffee table, black double-seater thick rattan sofa, [yellow rattan] three-seater thick rattan sofa, rattan large round coffee table, [black rattan] single sofa, [yellow rattan] single sofa, [yellow rattan] double sofa, 60 round black coffee table, 50 round black coffee table, 35 round black coffee table, 60 round yellow coffee table, 50 round yellow coffee table, 35 round yellow coffee table, yellow rattan double sofa six-piece combination, black rattan double sofa six-piece combination, black rattan double sofa + large round coffee table + small coffee table five-piece combination<\/li>\n<li>\n<strong>Peso bruto<\/strong>:30<\/li>\n<li>\n<strong>Relleno<\/strong>:esponja<\/li>\n<li>\n<strong>Tecnolog\u00eda de acabado<\/strong>:Tecnolog\u00eda de tejidos<\/li>\n<li>\n<strong>\u00bfEs personalizable?<\/strong>:S\u00ed<\/li>\n<li>\n<strong>Combinaci\u00f3n de sof\u00e1s<\/strong>:Forma de U<\/li>\n<li>\n<strong>\u00bfEs desmontable y lavable?<\/strong>:S\u00ed<\/li>\n<li>\n<strong>Caracter\u00edsticas adicionales<\/strong>:puede moverse<\/li>\n<li>\n<strong>Adecuado<\/strong>:General<\/li>\n<li>\n<strong>\u00bfHay espacio de almacenamiento?<\/strong>:No<\/li>\n<li>\n<strong>Artesan\u00eda con estructura de bamb\u00fa y rat\u00e1n<\/strong>:Envase<\/li>\n<li>\n<strong>Entrega\/instalaci\u00f3n disponible<\/strong>:Beijing, Nanchang, Harbin, Shenyang, Xi&#8217;an, Zhengzhou, Jinhua, Changsha, Chengdu, Dongguan, Foshan, Fuzhou, Guangzhou, Hangzhou, Nanjing, Nanning, Ningbo, Qingdao, Shanghai, Shenzhen, Suzhou, Taizhou, Tianjin, Wenzhou, Wuxi, Wuhan, Xiamen, Chongqing<\/li>\n<li>\n<strong>Armar<\/strong>:No<\/li>\n<li>\n<strong>volumen del paquete<\/strong>:1<\/li>\n<li>\n<strong>\u00bfHay taxi disponible para transporte?<\/strong>:No<\/li>\n<li>\n<strong>Posicionamiento de estilo<\/strong>:Estilo art\u00edstico<\/li>\n<li>\n<strong>Detalles de las instrucciones de instalaci\u00f3n<\/strong>:No hay instrucciones de instalaci\u00f3n<\/li>\n<\/ul>\n<p><img><\/p>","protected":false},"excerpt":{"rendered":"<p>Marca: otro\/otro Modelo: KJ-11123 Material: rat\u00e1n Patr\u00f3n: arte Estilo: sudeste asi\u00e1tico Elementos populares: dise\u00f1o maestro, costumbre popular, rat\u00e1n Ordenar por color: cama individual [rat\u00e1n negro], [rat\u00e1n negro]<\/p>","protected":false},"featured_media":135831,"comment_status":"open","ping_status":"closed","template":"","meta":[],"product_brand":[],"product_cat":[30862,30971,30850],"product_tag":[],"class_list":{"0":"post-77030","1":"product","2":"type-product","3":"status-publish","4":"has-post-thumbnail","6":"product_cat-wholesales-hotels","7":"product_cat-hp","8":"product_cat-wholesale-furniture","10":"first","11":"instock","12":"sale","13":"taxable","14":"shipping-taxable","15":"purchasable","16":"product-type-variable"},"_links":{"self":[{"href":"https:\/\/nexgendecors.com\/es\/wp-json\/wp\/v2\/product\/77030","targetHints":{"allow":["GET"]}}],"collection":[{"href":"https:\/\/nexgendecors.com\/es\/wp-json\/wp\/v2\/product"}],"about":[{"href":"https:\/\/nexgendecors.com\/es\/wp-json\/wp\/v2\/types\/product"}],"replies":[{"embeddable":true,"href":"https:\/\/nexgendecors.com\/es\/wp-json\/wp\/v2\/comments?post=77030"}],"version-history":[{"count":0,"href":"https:\/\/nexgendecors.com\/es\/wp-json\/wp\/v2\/product\/77030\/revisions"}],"wp:featuredmedia":[{"embeddable":true,"href":"https:\/\/nexgendecors.com\/es\/wp-json\/wp\/v2\/media\/135831"}],"wp:attachment":[{"href":"https:\/\/nexgendecors.com\/es\/wp-json\/wp\/v2\/media?parent=77030"}],"wp:term":[{"taxonomy":"product_brand","embeddable":true,"href":"https:\/\/nexgendecors.com\/es\/wp-json\/wp\/v2\/product_brand?post=77030"},{"taxonomy":"product_cat","embeddable":true,"href":"https:\/\/nexgendecors.com\/es\/wp-json\/wp\/v2\/product_cat?post=77030"},{"taxonomy":"product_tag","embeddable":true,"href":"https:\/\/nexgendecors.com\/es\/wp-json\/wp\/v2\/product_tag?post=77030"}],"curies":[{"name":"wp","href":"https:\/\/api.w.org\/{rel}","templated":true}]}}