{"id":77072,"date":"2025-01-26T03:33:29","date_gmt":"2025-01-26T03:33:29","guid":{"rendered":"https:\/\/nexgendecors.com\/product\/outdoor-sofa-courtyard-combination-garden-leisure-rattan-chair-designer-villa-model-room-outdoor-rattan-teak-furniture\/"},"modified":"2025-04-06T09:30:16","modified_gmt":"2025-04-06T09:30:16","slug":"sofa-de-exterior-patio-combinacion-jardin-ocio-silla-de-ratan-diseno-de-villa-modelo-de-habitacion-muebles-de-ratan-de-teca-para-exterior","status":"publish","type":"product","link":"https:\/\/nexgendecors.com\/es\/product\/sofa-de-exterior-patio-combinacion-jardin-ocio-silla-de-ratan-diseno-de-villa-modelo-de-habitacion-muebles-de-ratan-de-teca-para-exterior\/","title":{"rendered":"Conjunto de sof\u00e1s de exterior de rat\u00e1n de dise\u00f1o para patios de villas"},"content":{"rendered":"<ul>\n<li>\n<strong>marca<\/strong>:otro\/otro<\/li>\n<li>\n<strong>modelo<\/strong>:KJ-1065<\/li>\n<li>\n<strong>patr\u00f3n<\/strong>:Arte<\/li>\n<li>\n<strong>estilo<\/strong>:Europa del Norte<\/li>\n<li>\n<strong>N\u00famero de personas aplicable<\/strong>:combinaci\u00f3n<\/li>\n<li>\n<strong>elementos populares<\/strong>:Troncos, rat\u00e1n, metal.<\/li>\n<li>\n<strong>ordenar por color<\/strong>:Sof\u00e1 redondo, sof\u00e1 cuadrado, sof\u00e1 de esquina, reposapi\u00e9s cuadrado, mesa auxiliar, mesa de centro cuadrada, mesa de centro larga, cama reclinable 240_180, conjunto de tres piezas de sof\u00e1 rectangular (teca sudamericana), conjunto de tres piezas de sof\u00e1 redondo (teca sudamericana), conjunto de tres piezas de sof\u00e1 cuadrado (teca sudamericana), conjunto de seis piezas (teca sudamericana), conjunto de siete piezas (teca sudamericana), conjunto de ocho piezas combinaci\u00f3n A (teca sudamericana), conjunto de ocho piezas combinaci\u00f3n B (teca sudamericana), conjunto de diez piezas (teca sudamericana), conjunto de tres piezas de sof\u00e1 rectangular (teca de Myanmar), conjunto de tres piezas de sof\u00e1 redondo (teca de Myanmar), conjunto de tres piezas de sof\u00e1 cuadrado (teca de Myanmar), conjunto de seis piezas (teca de Myanmar), conjunto de siete piezas (teca de Myanmar), conjunto de ocho piezas combinaci\u00f3n A (teca de Myanmar), conjunto de ocho piezas combinaci\u00f3n B (teca de Myanmar), conjunto de diez piezas (teca de Myanmar)<\/li>\n<li>\n<strong>Peso bruto<\/strong>:30<\/li>\n<li>\n<strong>Material de acabado<\/strong>:Madera<\/li>\n<li>\n<strong>Relleno<\/strong>:esponja<\/li>\n<li>\n<strong>Tecnolog\u00eda estructural<\/strong>:Artesan\u00eda en madera<\/li>\n<li>\n<strong>Tecnolog\u00eda de acabado<\/strong>:Artesan\u00eda de bamb\u00fa y rat\u00e1n<\/li>\n<li>\n<strong>Proceso de acabado del bamb\u00fa y el rat\u00e1n<\/strong>:Tejido de patrones<\/li>\n<li>\n<strong>\u00bfEs personalizable?<\/strong>:S\u00ed<\/li>\n<li>\n<strong>Combinaci\u00f3n de sof\u00e1s<\/strong>:Forma de L<\/li>\n<li>\n<strong>Caracter\u00edsticas adicionales<\/strong>:puede moverse<\/li>\n<li>\n<strong>\u00bfEs reemplazable?<\/strong>:Funda de sof\u00e1 extra\u00edble<\/li>\n<li>\n<strong>\u00bfHay espacio de almacenamiento?<\/strong>:No<\/li>\n<li>\n<strong>Estructura del mobiliario<\/strong>:Estructura<\/li>\n<li>\n<strong>Material de madera<\/strong>:Teca<\/li>\n<li>\n<strong>Material met\u00e1lico<\/strong>:Aleaci\u00f3n de aluminio<\/li>\n<li>\n<strong>Material de rat\u00e1n<\/strong>:otro<\/li>\n<li>\n<strong>Tecnolog\u00eda de estructura de madera<\/strong>:Estructura de mortaja y espiga<\/li>\n<li>\n<strong>Tecnolog\u00eda de estructuras met\u00e1licas<\/strong>:soldadura<\/li>\n<li>\n<strong>Artesan\u00eda con estructura de bamb\u00fa y rat\u00e1n<\/strong>:Envase<\/li>\n<li>\n<strong>Entrega\/instalaci\u00f3n disponible<\/strong>:Otros, Beijing, Nanchang, Harbin, Dalian, Shenyang, Xi&#039;an, Guiyang, Zhengzhou, Jinhua, Changsha, Changzhou, Chengdu, Dongguan, Foshan, Fuzhou, Guangzhou, Hangzhou, Nanjing, Nanning, Ningbo, Qingdao, Shanghai, Shenzhen, Suzhou, Taizhou, Tianjin, Wenzhou, Wuxi, Wuhan, Xiamen, Chongqing<\/li>\n<li>\n<strong>Armar<\/strong>:No<\/li>\n<li>\n<strong>volumen del paquete<\/strong>:2<\/li>\n<li>\n<strong>\u00bfEst\u00e1 disponible la preventa?<\/strong>:No<\/li>\n<li>\n<strong>\u00bfHay taxi disponible para transporte?<\/strong>:No<\/li>\n<li>\n<strong>Detalles de las instrucciones de instalaci\u00f3n<\/strong>:No hay instrucciones de instalaci\u00f3n<\/li>\n<\/ul>\n<p><img><\/p>","protected":false},"excerpt":{"rendered":"<p>brand:other\/other model:KJ-1065 pattern:Art style:Northern Europe Applicable number of people:combination popular elements:Logs, rattan, metal sort by color:Round sofa, square sofa, corner<\/p>","protected":false},"featured_media":135843,"comment_status":"open","ping_status":"closed","template":"","meta":[],"product_brand":[],"product_cat":[30862,30971,30856,30850],"product_tag":[],"class_list":{"0":"post-77072","1":"product","2":"type-product","3":"status-publish","4":"has-post-thumbnail","6":"product_cat-wholesales-hotels","7":"product_cat-hp","8":"product_cat-outdoor-furniture","9":"product_cat-wholesale-furniture","11":"first","12":"instock","13":"taxable","14":"shipping-taxable","15":"purchasable","16":"product-type-variable"},"_links":{"self":[{"href":"https:\/\/nexgendecors.com\/es\/wp-json\/wp\/v2\/product\/77072","targetHints":{"allow":["GET"]}}],"collection":[{"href":"https:\/\/nexgendecors.com\/es\/wp-json\/wp\/v2\/product"}],"about":[{"href":"https:\/\/nexgendecors.com\/es\/wp-json\/wp\/v2\/types\/product"}],"replies":[{"embeddable":true,"href":"https:\/\/nexgendecors.com\/es\/wp-json\/wp\/v2\/comments?post=77072"}],"version-history":[{"count":0,"href":"https:\/\/nexgendecors.com\/es\/wp-json\/wp\/v2\/product\/77072\/revisions"}],"wp:featuredmedia":[{"embeddable":true,"href":"https:\/\/nexgendecors.com\/es\/wp-json\/wp\/v2\/media\/135843"}],"wp:attachment":[{"href":"https:\/\/nexgendecors.com\/es\/wp-json\/wp\/v2\/media?parent=77072"}],"wp:term":[{"taxonomy":"product_brand","embeddable":true,"href":"https:\/\/nexgendecors.com\/es\/wp-json\/wp\/v2\/product_brand?post=77072"},{"taxonomy":"product_cat","embeddable":true,"href":"https:\/\/nexgendecors.com\/es\/wp-json\/wp\/v2\/product_cat?post=77072"},{"taxonomy":"product_tag","embeddable":true,"href":"https:\/\/nexgendecors.com\/es\/wp-json\/wp\/v2\/product_tag?post=77072"}],"curies":[{"name":"wp","href":"https:\/\/api.w.org\/{rel}","templated":true}]}}