{"id":77265,"date":"2025-01-26T03:33:53","date_gmt":"2025-01-26T03:33:53","guid":{"rendered":"https:\/\/nexgendecors.com\/product\/outdoor-trash-can-stainless-steel-large-sanitation-peel-bin-outdoor-classification-double-barrel-community-park-trash-can-2\/"},"modified":"2025-03-08T17:33:15","modified_gmt":"2025-03-08T17:33:15","slug":"cubo-de-basura-para-exteriores-de-acero-inoxidable-contenedor-grande-de-basura-para-saneamiento-clasificacion-para-exteriores-cubo-de-basura-de-doble-barril-para-parque-comunitario-2","status":"publish","type":"product","link":"https:\/\/nexgendecors.com\/es\/product\/cubo-de-basura-para-exteriores-de-acero-inoxidable-contenedor-grande-de-basura-para-saneamiento-clasificacion-para-exteriores-cubo-de-basura-de-doble-barril-para-parque-comunitario-2\/","title":{"rendered":"Contenedor de basura exterior de acero inoxidable de doble barril"},"content":{"rendered":"<ul>\n<li>\n<strong>marca<\/strong>:PARENTESCOS\/PARENTESCOS<\/li>\n<li>\n<strong>capacidad<\/strong>:12L y m\u00e1s<\/li>\n<li>\n<strong>forma<\/strong>:Cil\u00edndrico largo<\/li>\n<li>\n<strong>ordenar por color<\/strong>:Acero inoxidable 201 + revestimiento de chapa galvanizada, acero inoxidable 201 + revestimiento de acero inoxidable, acero inoxidable 201 + revestimiento de fibra de vidrio, acero inoxidable 304 + revestimiento de chapa galvanizada, acero inoxidable 304 + revestimiento de acero inoxidable, acero inoxidable 304 + revestimiento de fibra de vidrio, cubierta, fondo y entrada de acero inoxidable, acero inoxidable 201 en general (revestimiento de chapa galvanizada), acero inoxidable 201 color original (revestimiento de chapa galvanizada), acero inoxidable 304 color original (revestimiento de chapa galvanizada), barril de acero inoxidable nuevo, placa laminada en fr\u00edo (espesor de placa 1,0 cm), placa galvanizada (espesor de placa 1,0 cm), barril de acero est\u00e1ndar + madera anticorrosiva, barril de acero de lujo + madera pl\u00e1stica, barril simple con aro dorado, barril doble con aro dorado, bote de basura de dos categor\u00edas, bote de basura de tres categor\u00edas, bote de basura de cuatro categor\u00edas, un tubo interior de bote de basura, se puede personalizar<\/li>\n<li>\n<strong>Tipo de bote de basura<\/strong>:Contenedor de almacenamiento<\/li>\n<li>\n<strong>material de la carcasa<\/strong>:Metal<\/li>\n<li>\n<strong>Escena aplicable<\/strong>:Uso en exteriores<\/li>\n<li>\n<strong>pa\u00eds de exportaci\u00f3n<\/strong>:Asia<\/li>\n<\/ul>\n<p><img><\/p>","protected":false},"excerpt":{"rendered":"<p>Marca: KINRS\/KINRS Capacidad: 12 L y m\u00e1s Forma: Cil\u00edndrico largo Ordenar por color: Acero inoxidable 201 + revestimiento de chapa galvanizada, acero inoxidable 201 + acero inoxidable<\/p>","protected":false},"featured_media":135961,"comment_status":"open","ping_status":"closed","template":"","meta":[],"product_brand":[],"product_cat":[30971,30853,30866],"product_tag":[],"class_list":{"0":"post-77265","1":"product","2":"type-product","3":"status-publish","4":"has-post-thumbnail","6":"product_cat-hp","7":"product_cat-new-wholesale-public-projects","8":"product_cat-wholesales-university-high-schools","10":"first","11":"instock","12":"taxable","13":"shipping-taxable","14":"purchasable","15":"product-type-variable"},"_links":{"self":[{"href":"https:\/\/nexgendecors.com\/es\/wp-json\/wp\/v2\/product\/77265","targetHints":{"allow":["GET"]}}],"collection":[{"href":"https:\/\/nexgendecors.com\/es\/wp-json\/wp\/v2\/product"}],"about":[{"href":"https:\/\/nexgendecors.com\/es\/wp-json\/wp\/v2\/types\/product"}],"replies":[{"embeddable":true,"href":"https:\/\/nexgendecors.com\/es\/wp-json\/wp\/v2\/comments?post=77265"}],"version-history":[{"count":0,"href":"https:\/\/nexgendecors.com\/es\/wp-json\/wp\/v2\/product\/77265\/revisions"}],"wp:featuredmedia":[{"embeddable":true,"href":"https:\/\/nexgendecors.com\/es\/wp-json\/wp\/v2\/media\/135961"}],"wp:attachment":[{"href":"https:\/\/nexgendecors.com\/es\/wp-json\/wp\/v2\/media?parent=77265"}],"wp:term":[{"taxonomy":"product_brand","embeddable":true,"href":"https:\/\/nexgendecors.com\/es\/wp-json\/wp\/v2\/product_brand?post=77265"},{"taxonomy":"product_cat","embeddable":true,"href":"https:\/\/nexgendecors.com\/es\/wp-json\/wp\/v2\/product_cat?post=77265"},{"taxonomy":"product_tag","embeddable":true,"href":"https:\/\/nexgendecors.com\/es\/wp-json\/wp\/v2\/product_tag?post=77265"}],"curies":[{"name":"wp","href":"https:\/\/api.w.org\/{rel}","templated":true}]}}