{"id":77289,"date":"2025-01-26T03:33:56","date_gmt":"2025-01-26T03:33:56","guid":{"rendered":"https:\/\/nexgendecors.com\/product\/outdoor-villa-aluminum-alloy-outdoor-nordic-coffee-table-combination-courtyard-open-air-garden-waterproof-sunscreen-sofa-single\/"},"modified":"2025-04-06T09:30:44","modified_gmt":"2025-04-06T09:30:44","slug":"outdoor-villa-aluminum-alloy-outdoor-nordic-coffee-table-combination-courtyard-open-air-garden-waterproof-sunscreen-sofa-single","status":"publish","type":"product","link":"https:\/\/nexgendecors.com\/es\/product\/outdoor-villa-aluminum-alloy-outdoor-nordic-coffee-table-combination-courtyard-open-air-garden-waterproof-sunscreen-sofa-single\/","title":{"rendered":"Juego de mesa de centro para exterior de aleaci\u00f3n de aluminio n\u00f3rdico"},"content":{"rendered":"<ul>\n<li>\n<strong>marca<\/strong>:otro\/otro<\/li>\n<li>\n<strong>modelo<\/strong>:s12<\/li>\n<li>\n<strong>patr\u00f3n<\/strong>:abstracto<\/li>\n<li>\n<strong>estilo<\/strong>:Europa del Norte<\/li>\n<li>\n<strong>N\u00famero de personas aplicable<\/strong>:otro<\/li>\n<li>\n<strong>elementos populares<\/strong>:Dise\u00f1o maestro<\/li>\n<li>\n<strong>ordenar por color<\/strong>:Single sofa [black frame], single sofa [white frame], double sofa [black frame], three-person sofa [black frame], lying bed [black frame], footrest [black frame], footrest [white frame], long tea table, corner table, 1 single sofa + 1 footrest, 1 double sofa combination with single armrest + 1 chaise, 1 single armrest three-person + 1 double sofa combination, 2 single seats + 1 double seat + 1 tea table, 2 single seats + 1 three-person + 1 tea table, 1 single sofa + 1 double + 1 tea table [white frame], double sofa [white frame], three-person sofa [white frame], 2 singles + 1 double sofa + 1 tea table [white frame], 2 singles + 1 three-person sofa + 1 tea table [white frame], 2 doubles + 1 long tea table, custom<\/li>\n<li>\n<strong>Peso bruto<\/strong>:0<\/li>\n<li>\n<strong>Material de acabado<\/strong>:otro<\/li>\n<li>\n<strong>Relleno<\/strong>:esponja<\/li>\n<li>\n<strong>\u00bfEs personalizable?<\/strong>:S\u00ed<\/li>\n<li>\n<strong>Combinaci\u00f3n de sof\u00e1s<\/strong>:Forma de L<\/li>\n<li>\n<strong>\u00bfEs desmontable y lavable?<\/strong>:No<\/li>\n<li>\n<strong>Caracter\u00edsticas adicionales<\/strong>:puede moverse<\/li>\n<li>\n<strong>Adecuado<\/strong>:Adultos<\/li>\n<li>\n<strong>\u00bfHay espacio de almacenamiento?<\/strong>:No<\/li>\n<li>\n<strong>Artesan\u00eda con estructura de bamb\u00fa y rat\u00e1n<\/strong>:otro<\/li>\n<li>\n<strong>Armar<\/strong>:No<\/li>\n<li>\n<strong>volumen del paquete<\/strong>:0.46<\/li>\n<li>\n<strong>Para la gente<\/strong>:adulto<\/li>\n<li>\n<strong>\u00bfHay taxi disponible para transporte?<\/strong>:No<\/li>\n<li>\n<strong>Posicionamiento de estilo<\/strong>:Estilo art\u00edstico<\/li>\n<li>\n<strong>Detalles de las instrucciones de instalaci\u00f3n<\/strong>:No hay instrucciones de instalaci\u00f3n<\/li>\n<\/ul>","protected":false},"excerpt":{"rendered":"<p>Marca: otro\/otro Modelo: s12 Patr\u00f3n: abstracto Estilo: norte de Europa N\u00famero de personas aplicable: otro Elementos populares: dise\u00f1o maestro Ordenar por color: sof\u00e1 individual [marco negro], sof\u00e1 individual<\/p>","protected":false},"featured_media":135964,"comment_status":"open","ping_status":"closed","template":"","meta":[],"product_brand":[],"product_cat":[30971,30850],"product_tag":[15654],"class_list":{"0":"post-77289","1":"product","2":"type-product","3":"status-publish","4":"has-post-thumbnail","6":"product_cat-hp","7":"product_cat-wholesale-furniture","8":"product_tag-taobao","10":"first","11":"instock","12":"sale","13":"taxable","14":"shipping-taxable","15":"purchasable","16":"product-type-variable"},"_links":{"self":[{"href":"https:\/\/nexgendecors.com\/es\/wp-json\/wp\/v2\/product\/77289","targetHints":{"allow":["GET"]}}],"collection":[{"href":"https:\/\/nexgendecors.com\/es\/wp-json\/wp\/v2\/product"}],"about":[{"href":"https:\/\/nexgendecors.com\/es\/wp-json\/wp\/v2\/types\/product"}],"replies":[{"embeddable":true,"href":"https:\/\/nexgendecors.com\/es\/wp-json\/wp\/v2\/comments?post=77289"}],"version-history":[{"count":0,"href":"https:\/\/nexgendecors.com\/es\/wp-json\/wp\/v2\/product\/77289\/revisions"}],"wp:featuredmedia":[{"embeddable":true,"href":"https:\/\/nexgendecors.com\/es\/wp-json\/wp\/v2\/media\/135964"}],"wp:attachment":[{"href":"https:\/\/nexgendecors.com\/es\/wp-json\/wp\/v2\/media?parent=77289"}],"wp:term":[{"taxonomy":"product_brand","embeddable":true,"href":"https:\/\/nexgendecors.com\/es\/wp-json\/wp\/v2\/product_brand?post=77289"},{"taxonomy":"product_cat","embeddable":true,"href":"https:\/\/nexgendecors.com\/es\/wp-json\/wp\/v2\/product_cat?post=77289"},{"taxonomy":"product_tag","embeddable":true,"href":"https:\/\/nexgendecors.com\/es\/wp-json\/wp\/v2\/product_tag?post=77289"}],"curies":[{"name":"wp","href":"https:\/\/api.w.org\/{rel}","templated":true}]}}