{"id":77383,"date":"2025-01-26T03:34:09","date_gmt":"2025-01-26T03:34:09","guid":{"rendered":"https:\/\/nexgendecors.com\/product\/painted-conference-table-long-table-simple-modern-large-conference-room-office-conference-table-and-chair-combination-negotiation-table-5-meters\/"},"modified":"2025-04-06T09:30:53","modified_gmt":"2025-04-06T09:30:53","slug":"painted-conference-table-long-table-simple-modern-large-conference-room-office-conference-table-and-chair-combination-negotiation-table-5-meters","status":"publish","type":"product","link":"https:\/\/nexgendecors.com\/es\/product\/painted-conference-table-long-table-simple-modern-large-conference-room-office-conference-table-and-chair-combination-negotiation-table-5-meters\/","title":{"rendered":"Moderno juego de mesa y sillas de conferencia pintado en 5m"},"content":{"rendered":"<ul>\n<li>\n<strong>marca<\/strong>:Sheng Mupin<\/li>\n<li>\n<strong>modelo<\/strong>:001<\/li>\n<li>\n<strong>Funci\u00f3n<\/strong>:Mobile with wire box, corrosion-resistant, stain-resistant<\/li>\n<li>\n<strong>Material<\/strong>:Tablero de densidad<\/li>\n<li>\n<strong>forma<\/strong>:Cuadrado<\/li>\n<li>\n<strong>N\u00famero de personas aplicable<\/strong>:11-15 personas<\/li>\n<li>\n<strong>ordenar por color<\/strong>:2.0m*1.0m paint conference table2.2m*1.1m paint conference table2.4m*1.2m paint conference table2.6m*1.2m paint conference table2.8m*1.2m paint conference table3.0m*1.3m paint conference table3.2m*1.3m paint conference table3.4m*1.3m paint conference table3.6m*1.4m paint conference table3.8m*1.4m paint conference table4m*1.4m paint conference table4.2m*1.5m paint conference table4.5m*1.5m paint conference table4.8m*1.5m paint conference table5m*1.6m paint conference table5.5m*1.6m paint conference table6m*1.6m paint conference table with the same chair (painted) Conference chair type B Conference chair type C color size custom deposit<\/li>\n<li>\n<strong>\u00bfEs personalizable?<\/strong>:S\u00ed<\/li>\n<li>\n<strong>Armar<\/strong>:S\u00ed<\/li>\n<li>\n<strong>longitud<\/strong>:400cm<\/li>\n<li>\n<strong><\/strong>:<\/li>\n<\/ul>\n<p><img><\/p>","protected":false},"excerpt":{"rendered":"<p>Marca:Sheng Mupin Modelo:001 Funci\u00f3n:M\u00f3vil con caja de alambre, resistente a la corrosi\u00f3n, resistente a las manchas Material:Tablero de densidad Forma:Cuadrada N\u00famero de personas aplicable:11-15 personas Clasificaci\u00f3n por color:2.0m*1.0m<\/p>","protected":false},"featured_media":136070,"comment_status":"open","ping_status":"closed","template":"","meta":[],"product_brand":[],"product_cat":[30901,30971,30859],"product_tag":[],"class_list":{"0":"post-77383","1":"product","2":"type-product","3":"status-publish","4":"has-post-thumbnail","6":"product_cat-bs-office","7":"product_cat-hp","8":"product_cat-wholesale-office","10":"first","11":"instock","12":"sale","13":"taxable","14":"shipping-taxable","15":"purchasable","16":"product-type-variable"},"_links":{"self":[{"href":"https:\/\/nexgendecors.com\/es\/wp-json\/wp\/v2\/product\/77383","targetHints":{"allow":["GET"]}}],"collection":[{"href":"https:\/\/nexgendecors.com\/es\/wp-json\/wp\/v2\/product"}],"about":[{"href":"https:\/\/nexgendecors.com\/es\/wp-json\/wp\/v2\/types\/product"}],"replies":[{"embeddable":true,"href":"https:\/\/nexgendecors.com\/es\/wp-json\/wp\/v2\/comments?post=77383"}],"version-history":[{"count":0,"href":"https:\/\/nexgendecors.com\/es\/wp-json\/wp\/v2\/product\/77383\/revisions"}],"wp:featuredmedia":[{"embeddable":true,"href":"https:\/\/nexgendecors.com\/es\/wp-json\/wp\/v2\/media\/136070"}],"wp:attachment":[{"href":"https:\/\/nexgendecors.com\/es\/wp-json\/wp\/v2\/media?parent=77383"}],"wp:term":[{"taxonomy":"product_brand","embeddable":true,"href":"https:\/\/nexgendecors.com\/es\/wp-json\/wp\/v2\/product_brand?post=77383"},{"taxonomy":"product_cat","embeddable":true,"href":"https:\/\/nexgendecors.com\/es\/wp-json\/wp\/v2\/product_cat?post=77383"},{"taxonomy":"product_tag","embeddable":true,"href":"https:\/\/nexgendecors.com\/es\/wp-json\/wp\/v2\/product_tag?post=77383"}],"curies":[{"name":"wp","href":"https:\/\/api.w.org\/{rel}","templated":true}]}}